{"id":8262,"date":"2017-07-19T13:01:16","date_gmt":"2017-07-19T11:01:16","guid":{"rendered":"https:\/\/todayschool.es\/?page_id=8262\/"},"modified":"2020-09-29T19:49:02","modified_gmt":"2020-09-29T17:49:02","slug":"politica-de-privacidad","status":"publish","type":"page","link":"https:\/\/todayschool.es\/es\/politica-de-privacidad\/","title":{"rendered":"Pol\u00edtica de privacidad"},"content":{"rendered":"<h2>Pol\u00edtica de Privacidad<\/h2>\n<p>TODAY SCHOOL, S.L.U. protege los datos personales seg\u00fan lo establecido en la normativa actual sobre protecci\u00f3n de datos as\u00ed como en el nuevo Reglamento General de Protecci\u00f3n de Datos 2016\/679.<\/p>\n<p>Conforme a la normativa en vigor sobre tratamiento de datos, le informamos:<\/p>\n<h5>DATOS RECOGIDOS EN FORMULARIO DE CONTACTO<\/h5>\n<table>\n<tbody>\n<tr>\n<td width=\"40%\">Finalidad<\/td>\n<td width=\"60%\">Remitir al usuario informaci\u00f3n que puedan ser de su inter\u00e9s en la direcci\u00f3n\u00a0 proporcionada<\/td>\n<\/tr>\n<tr>\n<td>Legitimaci\u00f3n para el tratamiento<\/td>\n<td>Consentimiento del usuario<\/td>\n<\/tr>\n<tr>\n<td>Criterios de conservaci\u00f3n<\/td>\n<td>Sus datos ser\u00e1n cancelados en el momento en que Ud. nos retire el consentimiento, se conservar\u00e1n durante el plazo de 3 a\u00f1os para responder de posibles reclamaciones y\/o en el momento en que solicite la supresi\u00f3n, despu\u00e9s de oponerse al tratamiento, ser\u00e1n destruidos.<\/td>\n<\/tr>\n<tr>\n<td>Comunicaci\u00f3n de datos<\/td>\n<td>No se ceder\u00e1n, salvo que la ley nos obligue o sea necesario para la operatividad del servicio<\/td>\n<\/tr>\n<tr>\n<td>Derechos del usuario<\/td>\n<td>Derechos de acceso, rectificaci\u00f3n, supresi\u00f3n, portabilidad\u00a0 y la limitaci\u00f3n u oposici\u00f3n a su tratamiento, as\u00ed como solicitar m\u00e1s informaci\u00f3n sobre el tratamiento de sus datos.<\/p>\n<p>Derecho a presentar una reclamaci\u00f3n ante la Agencia espa\u00f1ola de Protecci\u00f3n de Datos.<\/td>\n<\/tr>\n<tr>\n<td>Datos de contacto para ejercer los derechos del usuario<\/td>\n<td>infoclot@todayschool.es<\/td>\n<\/tr>\n<\/tbody>\n<\/table>\n<p>&nbsp;<\/p>\n<h5>DATOS RECOGIDOS EN FORMULARIO DE CONTACTO CON ACEPTACI\u00d3N DE RECIBIR COMUNICACIONES COMERCIALES<\/h5>\n<table>\n<tbody>\n<tr>\n<td width=\"40%\">Finalidad<\/td>\n<td width=\"60%\">Remitir al usuario informaci\u00f3n que puedan ser de su inter\u00e9s en la direcci\u00f3n\u00a0 proporcionada as\u00ed como para gestionar la posible relaci\u00f3n comercial<\/td>\n<\/tr>\n<tr>\n<td>Legitimaci\u00f3n para el tratamiento<\/td>\n<td>Consentimiento del usuario<\/td>\n<\/tr>\n<tr>\n<td>Criterios de conservaci\u00f3n<\/td>\n<td>Sus datos ser\u00e1n cancelados en el momento en que Ud. nos retire el consentimiento, se conservar\u00e1n durante el plazo de 3 a\u00f1os para responder de posibles reclamaciones y\/o en el momento en que solicite la supresi\u00f3n, despu\u00e9s de oponerse al tratamiento, ser\u00e1n destruidos<\/td>\n<\/tr>\n<tr>\n<td>Comunicaci\u00f3n de datos<\/td>\n<td>No se ceder\u00e1n salvo que la ley nos obligue o sea necesario para la operatividad del servicio<\/td>\n<\/tr>\n<tr>\n<td>Derechos del usuario<\/td>\n<td>Derechos de acceso, rectificaci\u00f3n, supresi\u00f3n, portabilidad\u00a0 y la limitaci\u00f3n u oposici\u00f3n a su tratamiento, as\u00ed como solicitar m\u00e1s informaci\u00f3n sobre el tratamiento de sus datos.<\/p>\n<p>Derecho a presentar una reclamaci\u00f3n ante la Agencia espa\u00f1ola de Protecci\u00f3n de Datos<\/td>\n<\/tr>\n<tr>\n<td>Datos de contacto para ejercer los derechos del usuario<\/td>\n<td>infoclot@todayschool.es<\/td>\n<\/tr>\n<\/tbody>\n<\/table>\n<p>&nbsp;<\/p>\n<h5>DATOS RECOGIDOS EN FORMULARIO DE VENTA ONLINE<\/h5>\n<table>\n<tbody>\n<tr>\n<td width=\"40%\">Finalidad<\/td>\n<td width=\"60%\">Gestionar nuestra relaci\u00f3n comercial<\/td>\n<\/tr>\n<tr>\n<td>Legitimaci\u00f3n para el tratamiento<\/td>\n<td>Consentimiento del usuario<\/td>\n<\/tr>\n<tr>\n<td>Criterios de conservaci\u00f3n<\/td>\n<td>Sus datos ser\u00e1n cancelados en el momento en que Ud. nos retire el consentimiento, se conservar\u00e1n durante el plazo de 3 a\u00f1os para responder de posibles reclamaciones y\/o en el momento en que solicite la supresi\u00f3n, despu\u00e9s de oponerse al tratamiento, ser\u00e1n destruidos<\/td>\n<\/tr>\n<tr>\n<td>Comunicaci\u00f3n de datos<\/td>\n<td>No se ceder\u00e1n salvo que la ley nos obligue o sea necesario para la operatividad del servicio<\/td>\n<\/tr>\n<tr>\n<td>Derechos del usuario<\/td>\n<td>Derechos de acceso, rectificaci\u00f3n, supresi\u00f3n, portabilidad\u00a0 y la limitaci\u00f3n u oposici\u00f3n a su tratamiento, as\u00ed como solicitar m\u00e1s informaci\u00f3n sobre el tratamiento de sus datos.<\/p>\n<p>Derecho a presentar una reclamaci\u00f3n ante la Agencia espa\u00f1ola de Protecci\u00f3n de Datos<\/td>\n<\/tr>\n<tr>\n<td>Datos de contacto para ejercer los derechos del usuario<\/td>\n<td>infoclot@todayschool.es<\/td>\n<\/tr>\n<\/tbody>\n<\/table>\n<p>&nbsp;<\/p>\n<h5>Enlaces<\/h5>\n<p>La empresa no asume ninguna responsabilidad sobre el contenido, informaci\u00f3n o servicios que puedan ofrecer los enlaces que se presentan en nuestro sitio Web, y que tienen car\u00e1cter meramente informativo.<\/p>\n<h5>Legislaci\u00f3n aplicable<\/h5>\n<p>La presente Web se rige por la legislaci\u00f3n espa\u00f1ola.<\/p>\n","protected":false},"excerpt":{"rendered":"<p>Pol\u00edtica de Privacidad TODAY SCHOOL, S.L.U. protege los datos personales seg\u00fan lo establecido en la normativa actual sobre protecci\u00f3n de datos as\u00ed como en el nuevo Reglamento General de Protecci\u00f3n de Datos 2016\/679. Conforme a la normativa en vigor sobre tratamiento de datos, le informamos:&#8230;<\/p>\n","protected":false},"author":20,"featured_media":0,"parent":0,"menu_order":0,"comment_status":"closed","ping_status":"closed","template":"","meta":{"jetpack_post_was_ever_published":false,"footnotes":"","_links_to":"","_links_to_target":""},"class_list":["post-8262","page","type-page","status-publish","hentry"],"jetpack_shortlink":"https:\/\/wp.me\/P7Y5cw-29g","jetpack_sharing_enabled":false,"jetpack_likes_enabled":false,"_links":{"self":[{"href":"https:\/\/todayschool.es\/es\/wp-json\/wp\/v2\/pages\/8262","targetHints":{"allow":["GET"]}}],"collection":[{"href":"https:\/\/todayschool.es\/es\/wp-json\/wp\/v2\/pages"}],"about":[{"href":"https:\/\/todayschool.es\/es\/wp-json\/wp\/v2\/types\/page"}],"author":[{"embeddable":true,"href":"https:\/\/todayschool.es\/es\/wp-json\/wp\/v2\/users\/20"}],"replies":[{"embeddable":true,"href":"https:\/\/todayschool.es\/es\/wp-json\/wp\/v2\/comments?post=8262"}],"version-history":[{"count":0,"href":"https:\/\/todayschool.es\/es\/wp-json\/wp\/v2\/pages\/8262\/revisions"}],"wp:attachment":[{"href":"https:\/\/todayschool.es\/es\/wp-json\/wp\/v2\/media?parent=8262"}],"curies":[{"name":"wp","href":"https:\/\/api.w.org\/{rel}","templated":true}]}}