{"id":7568,"date":"2016-07-20T17:46:59","date_gmt":"2016-07-20T17:46:59","guid":{"rendered":"http:\/\/todayschool.es\/sobre-nosaltres\/"},"modified":"2023-06-28T13:27:38","modified_gmt":"2023-06-28T11:27:38","slug":"sobre-nosotros","status":"publish","type":"page","link":"https:\/\/todayschool.es\/es\/sobre-nosotros\/","title":{"rendered":"Sobre nosotros"},"content":{"rendered":"<div class=\"wpb-content-wrapper\"><p>[vc_row row_type=\u00bbrow\u00bb use_row_as_full_screen_section=\u00bbno\u00bb type=\u00bbfull_width\u00bb text_align=\u00bbleft\u00bb background_animation=\u00bbnone\u00bb css_animation=\u00bb\u00bb][vc_column][vc_column_text el_class=\u00bbts-color1&#8243;]<\/p>\n<h3>En Today School encontrar\u00e1s&#8230;<\/h3>\n<p>[\/vc_column_text][vc_separator type=\u00bbsmall\u00bb position=\u00bbleft\u00bb border_style=\u00bbsolid\u00bb width=\u00bb100&#8243;][vc_empty_space height=\u00bb10px\u00bb][\/vc_column][\/vc_row][vc_row row_type=\u00bbrow\u00bb use_row_as_full_screen_section=\u00bbno\u00bb type=\u00bbfull_width\u00bb text_align=\u00bbleft\u00bb background_animation=\u00bbnone\u00bb css_animation=\u00bb\u00bb][vc_column width=\u00bb1\/2&#8243;][vc_single_image image=\u00bb6935&#8243; img_size=\u00bbfull\u00bb qode_css_animation=\u00bb\u00bb transition_delay=\u00bb500&#8243; css=\u00bb.vc_custom_1561570526523{margin-top: 10px !important;}\u00bb][\/vc_column][vc_column width=\u00bb1\/2&#8243;][vc_column_text]<strong>Profesionales<\/strong> en continua mejora <strong>desde 1985<\/strong>.<\/p>\n<p><strong>Un equipo pedag\u00f3gico y humano<\/strong> altamente implicado que creemos en una ense\u00f1anza de calidad.<\/p>\n<p><strong>Profesores nativos<\/strong>, titulados, experimentados y en constante formaci\u00f3n.<\/p>\n<p><strong>Jefes de Estudios<\/strong> dedicados a atender las necesidades y el rendimiento de cada alumno, as\u00ed como asegurarse de que los profesores desarrollen lo mejor de s\u00ed mismos en las aulas.<\/p>\n<p><strong>Atenci\u00f3n personalizada<\/strong>: Contacto regular de los Jefes de Estudios con los padres y madres o tutores de los m\u00e1s j\u00f3venes. Con especial cuidado de los m\u00e1s peque\u00f1os y de su seguridad.<\/p>\n<p><strong>Clases presenciales y online de calidad<\/strong>, pr\u00e1cticas y amenas, que cubren todas las habilidades de la lengua inglesa.<\/p>\n<p><strong>Clases para ni\u00f1os, adolescentes, j\u00f3venes y adultos<\/strong>, agrupados por edades y niveles.<\/p>\n<p><strong>Niveles desde principiantes (A1) hasta Upper-intermediate (B1 \/ B2)<\/strong> y cursos de preparaci\u00f3n para los t\u00edtulos de la U. de Cambridge: <strong>First<\/strong> (B2), <strong>Advanced<\/strong> (C1) y <strong>Proficiency<\/strong> (C2).<\/p>\n<p>Todos los <b>recursos tecnol\u00f3gicos<\/b> necesarios para realizar clases de calidad en modalidad <b>online, presencial (<\/b>Pizarras Digitales Interactivas<b>)<\/b>.<\/p>\n<p>Todas las <b>medidas sanitarias<\/b> necesarias para garantizar tu seguridad.<\/p>\n<p><b>Ventilaci\u00f3n forzada y filtros HEPA 13<\/b> para proporcionarte un aire limpio y seguro. <b><\/b>[\/vc_column_text][\/vc_column][\/vc_row][vc_row row_type=\u00bbrow\u00bb use_row_as_full_screen_section=\u00bbno\u00bb type=\u00bbfull_width\u00bb text_align=\u00bbleft\u00bb background_animation=\u00bbnone\u00bb css_animation=\u00bb\u00bb][vc_column][vc_separator type=\u00bbfull_width\u00bb border_style=\u00bb\u00bb up=\u00bb30&#8243; down=\u00bb50&#8243;][vc_column_text el_class=\u00bbts-color2&#8243;]<\/p>\n<h3>\u00bfTienes preguntas&#8230; ?<\/h3>\n<p>[\/vc_column_text][vc_separator type=\u00bbsmall\u00bb position=\u00bbleft\u00bb border_style=\u00bbsolid\u00bb width=\u00bb100&#8243;][vc_empty_space height=\u00bb20px\u00bb][vc_column_text]<\/p>\n<h5>1- \u00bfQu\u00e9 horarios ofrec\u00e9is?<\/h5>\n<p>Cursos <strong>ANUALES<\/strong>. De octubre a junio. Clases de 1, 1,5 y 2 horas, 1 \u00f3 2 d\u00edas a la semana:<\/p>\n<ul>\n<li>Ma\u00f1anas de martes y jueves. Desde las 10h hasta las 13h.<\/li>\n<li>Tardes y noches de lunes a viernes. Desde las 15.30h hasta las 22h.<\/li>\n<\/ul>\n<p>Cursos <strong>INTENSIVOS<\/strong> de un mes. En julio y\/o en septiembre. Por las ma\u00f1anas y\/o por las tardes.<\/p>\n<h5>2- \u00bfQu\u00e9 niveles ofrec\u00e9is?<\/h5>\n<p>Desde A1 hasta C2 (Principiantes a Proficiency)<\/p>\n<h5>3- \u00bfCu\u00e1nto cuestan vuestros cursos?<\/h5>\n<p>Seg\u00fan las horas lectivas y el tipo de curso:<\/p>\n<ul>\n<li>Cursos anuales, desde 114\u20ac hasta 348\u20ac el trimestre.<\/li>\n<li>Cursos intensivos, desde 145\u20ac hasta 440\u20ac el mes.<\/li>\n<\/ul>\n<p>Los miembros de una misma familia disponen de descuentos. Consulta nuestras <a href=\"https:\/\/todayschool.es\/es\/promociones\/\">promociones<\/a>.<\/p>\n<h5>4- \u00bfCu\u00e1ntos alumnos hay por clase?<\/h5>\n<p>Un m\u00ednimo de 5 y un m\u00e1ximo de 12 alumnos.<\/p>\n<h5>5- \u00bfHac\u00e9is ex\u00e1menes?<\/h5>\n<p>S\u00ed, al final de cada trimestre.<br \/>\nLos alumnos de First, Advanced y Proficiency realizan simulaciones de los ex\u00e1menes orales y escritos.<\/p>\n<h5>6- \u00bfA qu\u00e9 edad pueden empezar a estudiar ingl\u00e9s mis hijos en Today School?<\/h5>\n<p>A partir de los 6 a\u00f1os. En grupos homog\u00e9neos por edad y nivel.<\/p>\n<h5>7- \u00bfComo padres, qu\u00e9 informaci\u00f3n recibiremos?<\/h5>\n<p>Un informe trimestral de progreso, actitud, comportamiento, deberes y asistencia.<br \/>\nEn todo momento, ten\u00e9is a vuestra disposici\u00f3n un Jefe de Estudios para cualquier tipo de duda y asesoramiento.<br \/>\nAdem\u00e1s, est\u00e1is invitados a un \u00abD\u00eda de Puertas Abiertas\u00bb para conocer al\/a la profesor\/a de tus hijos.<\/p>\n<h5>8- \u00bfProporcion\u00e1is alg\u00fan tipo de titulaci\u00f3n? \/ \u00bfPrepar\u00e1is los ex\u00e1menes de la Universidad de Cambridge?<\/h5>\n<p>S\u00ed. Preparamos para los t\u00edtulos de la U. de Cambridge: First, Advanced y Proficiency.<br \/>\nNuestro porcentaje de aprobados est\u00e1 entre el 85% y el 95%<\/p>\n<h5>9- \u00bfDispon\u00e9is de clases particulares y\/o para empresas?<\/h5>\n<p>S\u00ed, ofrecemos un servicio flexible, adaptado a las necesidades de cada grupo o alumno.<br \/>\nDise\u00f1amos cursos espec\u00edficos, seg\u00fan necesidades.<\/p>\n<h5>10- \u00bfCuando puedo informarme o realizar el test de nivel?<\/h5>\n<p>De octubre a junio:<\/p>\n<ul>\n<li>Ma\u00f1anas de martes y jueves de 10 a 13.30h.<\/li>\n<li>Tardes de lunes a viernes de 17 a 21h.<\/li>\n<\/ul>\n<p>Julio y septiembre:<\/p>\n<ul>\n<li>De lunes a viernes de 10 a 13.30h y de 16.30 a 21.30h.<\/li>\n<\/ul>\n<p>Los Jefes de Estudios te asesorar\u00e1n seg\u00fan tus necesidades.[\/vc_column_text][vc_empty_space height=\u00bb50px\u00bb][\/vc_column][\/vc_row]<\/p>\n<\/div>","protected":false},"excerpt":{"rendered":"<p>[vc_row row_type=\u00bbrow\u00bb use_row_as_full_screen_section=\u00bbno\u00bb type=\u00bbfull_width\u00bb text_align=\u00bbleft\u00bb background_animation=\u00bbnone\u00bb css_animation=\u00bb\u00bb][vc_column][vc_column_text el_class=\u00bbts-color1&#8243;] En Today School encontrar\u00e1s&#8230; [\/vc_column_text][vc_separator type=\u00bbsmall\u00bb position=\u00bbleft\u00bb border_style=\u00bbsolid\u00bb width=\u00bb100&#8243;][vc_empty_space height=\u00bb10px\u00bb][\/vc_column][\/vc_row][vc_row row_type=\u00bbrow\u00bb use_row_as_full_screen_section=\u00bbno\u00bb type=\u00bbfull_width\u00bb text_align=\u00bbleft\u00bb background_animation=\u00bbnone\u00bb css_animation=\u00bb\u00bb][vc_column width=\u00bb1\/2&#8243;][vc_single_image image=\u00bb6935&#8243; img_size=\u00bbfull\u00bb qode_css_animation=\u00bb\u00bb transition_delay=\u00bb500&#8243; css=\u00bb.vc_custom_1561570526523{margin-top: 10px !important;}\u00bb][\/vc_column][vc_column width=\u00bb1\/2&#8243;][vc_column_text]Profesionales en continua mejora desde 1985. Un equipo pedag\u00f3gico y humano altamente implicado&#8230;<\/p>\n","protected":false},"author":20,"featured_media":0,"parent":0,"menu_order":0,"comment_status":"closed","ping_status":"closed","template":"","meta":{"jetpack_post_was_ever_published":false,"footnotes":"","_links_to":"","_links_to_target":""},"class_list":["post-7568","page","type-page","status-publish","hentry"],"jetpack_shortlink":"https:\/\/wp.me\/P7Y5cw-1Y4","jetpack_sharing_enabled":false,"jetpack_likes_enabled":false,"_links":{"self":[{"href":"https:\/\/todayschool.es\/es\/wp-json\/wp\/v2\/pages\/7568","targetHints":{"allow":["GET"]}}],"collection":[{"href":"https:\/\/todayschool.es\/es\/wp-json\/wp\/v2\/pages"}],"about":[{"href":"https:\/\/todayschool.es\/es\/wp-json\/wp\/v2\/types\/page"}],"author":[{"embeddable":true,"href":"https:\/\/todayschool.es\/es\/wp-json\/wp\/v2\/users\/20"}],"replies":[{"embeddable":true,"href":"https:\/\/todayschool.es\/es\/wp-json\/wp\/v2\/comments?post=7568"}],"version-history":[{"count":4,"href":"https:\/\/todayschool.es\/es\/wp-json\/wp\/v2\/pages\/7568\/revisions"}],"predecessor-version":[{"id":16669,"href":"https:\/\/todayschool.es\/es\/wp-json\/wp\/v2\/pages\/7568\/revisions\/16669"}],"wp:attachment":[{"href":"https:\/\/todayschool.es\/es\/wp-json\/wp\/v2\/media?parent=7568"}],"curies":[{"name":"wp","href":"https:\/\/api.w.org\/{rel}","templated":true}]}}