{"id":7564,"date":"2016-07-21T07:27:06","date_gmt":"2016-07-21T07:27:06","guid":{"rendered":"http:\/\/todayschool.es\/lequip-de-today\/"},"modified":"2023-05-10T10:56:28","modified_gmt":"2023-05-10T08:56:28","slug":"el-equipo-de-today-old","status":"publish","type":"page","link":"https:\/\/todayschool.es\/es\/el-equipo-de-today-old\/","title":{"rendered":"El equipo de Today"},"content":{"rendered":"<div class=\"wpb-content-wrapper\"><p>[vc_row row_type=\u00bbrow\u00bb use_row_as_full_screen_section=\u00bbno\u00bb type=\u00bbfull_width\u00bb text_align=\u00bbleft\u00bb background_animation=\u00bbnone\u00bb css_animation=\u00bb\u00bb][vc_column][vc_single_image image=\u00bb6943&#8243; img_size=\u00bbfull\u00bb add_caption=\u00bbyes\u00bb alignment=\u00bbcenter\u00bb qode_css_animation=\u00bbelement_from_bottom\u00bb][vc_empty_space height=\u00bb50px\u00bb][vc_column_text]<img loading=\"lazy\" decoding=\"async\" class=\"alignright size-full wp-image-7120\" src=\"http:\/\/todayschool.es\/blog\/wp-content\/uploads\/2016\/07\/jesus-bw.jpg\" alt=\"Jes\u00fas Jim\u00e9nez\" width=\"200\" height=\"200\" srcset=\"https:\/\/todayschool.es\/blog\/wp-content\/uploads\/2016\/07\/jesus-bw.jpg 300w, https:\/\/todayschool.es\/blog\/wp-content\/uploads\/2016\/07\/jesus-bw-100x100.jpg 100w\" sizes=\"auto, (max-width: 200px) 100vw, 200px\" \/><\/p>\n<p><em>El a\u00f1o 1985 empec\u00e9 este proyecto, lleno de ilusi\u00f3n y determinaci\u00f3n, \u00a0para desarrollar mi pasi\u00f3n por la ense\u00f1anza y por los idiomas.<\/em><\/p>\n<p><em>D\u00eda a d\u00eda y con esfuerzo hemos ido aprendiendo y mejorando hasta convertirnos en lo que somos hoy: un equipo de personas que compartimos los valores y la dedicaci\u00f3n para hacer de Today School un espacio donde te sentir\u00e1s atendido con sensibilidad y profesionalidad y donde podr\u00e1s aprender un ingl\u00e9s pr\u00e1ctico, \u00fatil y de calidad.<\/em><\/p>\n<p dir=\"ltr\">Jes\u00fas Jim\u00e9nez<br \/>\nDirector<\/p>\n<p>[\/vc_column_text][\/vc_column][\/vc_row][vc_row row_type=\u00bbrow\u00bb use_row_as_full_screen_section=\u00bbno\u00bb type=\u00bbfull_width\u00bb text_align=\u00bbleft\u00bb background_animation=\u00bbnone\u00bb css_animation=\u00bb\u00bb][vc_column][vc_empty_space height=\u00bb50px\u00bb][\/vc_column][\/vc_row]<\/p>\n<\/div>","protected":false},"excerpt":{"rendered":"<p>[vc_row row_type=\u00bbrow\u00bb use_row_as_full_screen_section=\u00bbno\u00bb type=\u00bbfull_width\u00bb text_align=\u00bbleft\u00bb background_animation=\u00bbnone\u00bb css_animation=\u00bb\u00bb][vc_column][vc_single_image image=\u00bb6943&#8243; img_size=\u00bbfull\u00bb add_caption=\u00bbyes\u00bb alignment=\u00bbcenter\u00bb qode_css_animation=\u00bbelement_from_bottom\u00bb][vc_empty_space height=\u00bb50px\u00bb][vc_column_text] El a\u00f1o 1985 empec\u00e9 este proyecto, lleno de ilusi\u00f3n y determinaci\u00f3n, \u00a0para desarrollar mi pasi\u00f3n por la ense\u00f1anza y por los idiomas. D\u00eda a d\u00eda y con esfuerzo hemos ido aprendiendo y&#8230;<\/p>\n","protected":false},"author":20,"featured_media":0,"parent":0,"menu_order":0,"comment_status":"closed","ping_status":"closed","template":"","meta":{"jetpack_post_was_ever_published":false,"footnotes":"","_links_to":"","_links_to_target":""},"class_list":["post-7564","page","type-page","status-publish","hentry"],"jetpack_shortlink":"https:\/\/wp.me\/P7Y5cw-1Y0","jetpack_sharing_enabled":false,"jetpack_likes_enabled":false,"_links":{"self":[{"href":"https:\/\/todayschool.es\/es\/wp-json\/wp\/v2\/pages\/7564","targetHints":{"allow":["GET"]}}],"collection":[{"href":"https:\/\/todayschool.es\/es\/wp-json\/wp\/v2\/pages"}],"about":[{"href":"https:\/\/todayschool.es\/es\/wp-json\/wp\/v2\/types\/page"}],"author":[{"embeddable":true,"href":"https:\/\/todayschool.es\/es\/wp-json\/wp\/v2\/users\/20"}],"replies":[{"embeddable":true,"href":"https:\/\/todayschool.es\/es\/wp-json\/wp\/v2\/comments?post=7564"}],"version-history":[{"count":1,"href":"https:\/\/todayschool.es\/es\/wp-json\/wp\/v2\/pages\/7564\/revisions"}],"predecessor-version":[{"id":16458,"href":"https:\/\/todayschool.es\/es\/wp-json\/wp\/v2\/pages\/7564\/revisions\/16458"}],"wp:attachment":[{"href":"https:\/\/todayschool.es\/es\/wp-json\/wp\/v2\/media?parent=7564"}],"curies":[{"name":"wp","href":"https:\/\/api.w.org\/{rel}","templated":true}]}}