{"id":17807,"date":"2024-06-19T15:15:00","date_gmt":"2024-06-19T13:15:00","guid":{"rendered":"https:\/\/todayschool.es\/?page_id=17807"},"modified":"2024-07-23T22:09:35","modified_gmt":"2024-07-23T20:09:35","slug":"advanced","status":"publish","type":"page","link":"https:\/\/todayschool.es\/es\/cambridge-exam-preparation\/advanced\/","title":{"rendered":"Advanced"},"content":{"rendered":"<div class=\"wpb-content-wrapper\"><p>[vc_row row_type=\u00bbrow\u00bb use_row_as_full_screen_section=\u00bbno\u00bb type=\u00bbfull_width\u00bb text_align=\u00bbleft\u00bb background_animation=\u00bbnone\u00bb css_animation=\u00bb\u00bb background_color=\u00bb#2b55aa\u00bb][vc_column][vc_row_inner row_type=\u00bbrow\u00bb type=\u00bbgrid\u00bb use_row_as_full_screen_section_slide=\u00bbno\u00bb text_align=\u00bbleft\u00bb css_animation=\u00bb\u00bb][vc_column_inner width=\u00bb1\/2&#8243;][vc_single_image image=\u00bb17814&#8243; img_size=\u00bbfull\u00bb alignment=\u00bbcenter\u00bb css=\u00bb\u00bb qode_css_animation=\u00bb\u00bb][\/vc_column_inner][vc_column_inner width=\u00bb1\/2&#8243;][vc_single_image image=\u00bb17816&#8243; img_size=\u00bbfull\u00bb alignment=\u00bbcenter\u00bb css=\u00bb\u00bb qode_css_animation=\u00bb\u00bb][\/vc_column_inner][\/vc_row_inner][\/vc_column][\/vc_row][vc_row row_type=\u00bbrow\u00bb use_row_as_full_screen_section=\u00bbno\u00bb type=\u00bbfull_width\u00bb text_align=\u00bbleft\u00bb background_animation=\u00bbnone\u00bb css_animation=\u00bb\u00bb background_color=\u00bb#f3f9fc\u00bb][vc_column][vc_empty_space height=\u00bb75px\u00bb][vc_row_inner row_type=\u00bbrow\u00bb type=\u00bbgrid\u00bb use_row_as_full_screen_section_slide=\u00bbno\u00bb text_align=\u00bbleft\u00bb css_animation=\u00bb\u00bb][vc_column_inner width=\u00bb1\/5&#8243; offset=\u00bbvc_col-xs-12&#8243;][vc_single_image image=\u00bb13087&#8243; img_size=\u00bbfull\u00bb alignment=\u00bbcenter\u00bb css=\u00bb\u00bb qode_css_animation=\u00bb\u00bb][vc_empty_space height=\u00bb25px\u00bb][\/vc_column_inner][vc_column_inner width=\u00bb1\/5&#8243;][vc_single_image image=\u00bb14605&#8243; img_size=\u00bb120&#215;80&#8243; alignment=\u00bbcenter\u00bb css=\u00bb\u00bb qode_css_animation=\u00bb\u00bb][vc_empty_space height=\u00bb25px\u00bb][\/vc_column_inner][vc_column_inner width=\u00bb1\/5&#8243; offset=\u00bbvc_col-xs-12&#8243;][vc_single_image image=\u00bb17391&#8243; img_size=\u00bbfull\u00bb alignment=\u00bbcenter\u00bb css=\u00bb\u00bb qode_css_animation=\u00bb\u00bb][vc_empty_space height=\u00bb25px\u00bb][\/vc_column_inner][vc_column_inner width=\u00bb1\/5&#8243; offset=\u00bbvc_col-xs-12&#8243;][vc_single_image image=\u00bb17818&#8243; img_size=\u00bbfull\u00bb alignment=\u00bbcenter\u00bb css=\u00bb\u00bb qode_css_animation=\u00bb\u00bb][vc_empty_space height=\u00bb25px\u00bb][\/vc_column_inner][vc_column_inner width=\u00bb1\/5&#8243; offset=\u00bbvc_col-xs-12&#8243;][vc_single_image image=\u00bb12466&#8243; img_size=\u00bbfull\u00bb alignment=\u00bbcenter\u00bb css=\u00bb\u00bb qode_css_animation=\u00bb\u00bb][vc_empty_space height=\u00bb25px\u00bb][\/vc_column_inner][\/vc_row_inner][vc_empty_space height=\u00bb25px\u00bb][\/vc_column][\/vc_row][vc_row row_type=\u00bbrow\u00bb use_row_as_full_screen_section=\u00bbno\u00bb type=\u00bbfull_width\u00bb text_align=\u00bbleft\u00bb background_animation=\u00bbnone\u00bb css_animation=\u00bb\u00bb background_color=\u00bb#f3f9fc\u00bb el_id=\u00bbanual\u00bb el_class=\u00bbte-bigpad\u00bb css=\u00bb.vc_custom_1721765335046{background-color: #ffffff !important;}\u00bb][vc_column][vc_row_inner row_type=\u00bbrow\u00bb type=\u00bbgrid\u00bb use_row_as_full_screen_section_slide=\u00bbno\u00bb text_align=\u00bbleft\u00bb css_animation=\u00bb\u00bb][vc_column_inner width=\u00bb1\/3&#8243;][vc_single_image image=\u00bb12551&#8243; img_size=\u00bbfull\u00bb alignment=\u00bbcenter\u00bb css=\u00bb\u00bb qode_css_animation=\u00bb\u00bb][vc_empty_space height=\u00bb25px\u00bb][vc_column_text css=\u00bb\u00bb]<\/p>\n<p style=\"padding-bottom: 10px;\"><strong>PRIMERA CLASE DE PRUEBA<br \/>\n<span style=\"color: #e38600;\">SI NO TE GUSTA, TE DEVOLVEMOS EL DINERO<\/span><\/strong><\/p>\n<p>[\/vc_column_text][\/vc_column_inner][vc_column_inner width=\u00bb2\/3&#8243;][vc_empty_space height=\u00bb50px\u00bb][vc_custom_heading text=\u00bbCambridge Exam Preparation: ADVANCED\u00bb font_container=\u00bbtag:h3|font_size:30|text_align:left|color:%23e38600&#8243; google_fonts=\u00bbfont_family:Montserrat%3Aregular%2C700|font_style:400%20regular%3A400%3Anormal\u00bb css=\u00bb.vc_custom_1718802645280{padding-top: 15px !important;}\u00bb][vc_empty_space height=\u00bb25px\u00bb][vc_custom_heading text=\u00bb\u00bfQu\u00e9 es el Advanced Certificate de Cambridge?\u00bb font_container=\u00bbtag:h3|font_size:20|text_align:left|color:%23e38600&#8243; google_fonts=\u00bbfont_family:Montserrat%3Aregular%2C700|font_style:400%20regular%3A400%3Anormal\u00bb css=\u00bb.vc_custom_1718802665246{padding-top: 15px !important;}\u00bb][vc_column_text css=\u00bb\u00bb]El Advanced Certificate de Cambridge (CAE) o C1 Advanced es un examen de ingl\u00e9s de nivel avanzado desarrollado por la Universidad de Cambridge. Es parte de los ex\u00e1menes de Cambridge English, reconocidos a nivel mundial por miles de empresas e instituciones educativas como prueba del dominio del idioma ingl\u00e9s.<\/p>\n<p>El CAE eval\u00faa las habilidades del candidato en las cuatro \u00e1reas del lenguaje: comprensi\u00f3n oral, expresi\u00f3n oral, comprensi\u00f3n escrita y expresi\u00f3n escrita. Para aprobar el examen, se necesita obtener una puntuaci\u00f3n m\u00ednima de 160 de cada 190 puntos. Los candidatos que obtengan una puntuaci\u00f3n de 180 o superior recibir\u00e1n un certificado de ingl\u00e9s de nivel C2.[\/vc_column_text][vc_empty_space height=\u00bb25px\u00bb][vc_custom_heading text=\u00bbVentajas de obtener el Advanced Certificate de Cambridge\u00bb font_container=\u00bbtag:h3|font_size:20|text_align:left|color:%23e38600&#8243; google_fonts=\u00bbfont_family:Montserrat%3Aregular%2C700|font_style:400%20regular%3A400%3Anormal\u00bb css=\u00bb.vc_custom_1718802718086{padding-top: 15px !important;}\u00bb][vc_column_text css=\u00bb\u00bb]Existen numerosas ventajas de obtener el Advanced Certificate de Cambridge:<\/p>\n<ul>\n<li>Demuestra un dominio del ingl\u00e9s de alto nivel: El CAE es un certificado reconocido internacionalmente que acredita que el poseedor tiene un dominio del ingl\u00e9s de nivel avanzado (C1 del Marco Com\u00fan Europeo de Referencia para las Lenguas). \u00c9ste es el segundo nivel m\u00e1s alto dentro del MCER, s\u00f3lo por debajo del nivel de maestr\u00eda (C2).<\/li>\n<li>Abre puertas en las mejores universidades y empresas: El CAE es un requisito de admisi\u00f3n para muchas de las mejores universidades y programas de posgrado del mundo. Tambi\u00e9n es muy valorado por las empresas multinacionales y organizaciones internacionales como prueba de las habilidades ling\u00fc\u00edsticas necesarias para trabajar en un entorno profesional exigente.<\/li>\n<li>Mejora significativamente las habilidades ling\u00fc\u00edsticas: El proceso de preparaci\u00f3n para el CAE ayuda a los candidatos a mejorar considerablemente sus habilidades en las cuatro \u00e1reas del lenguaje: comprensi\u00f3n oral, expresi\u00f3n oral, comprensi\u00f3n escrita y expresi\u00f3n escrita.<\/li>\n<li>Aumenta la confianza en uno mismo: Obtener el CAE es un logro significativo que puede aumentar considerablemente la confianza en uno mismo y la motivaci\u00f3n para seguir aprendiendo ingl\u00e9s.<\/li>\n<li>V\u00e1lido de por vida: El certificado CAE no tiene fecha de caducidad, por lo que su valor es permanente.<\/li>\n<\/ul>\n<p>En resumen, el Advanced Certificate de Cambridge es una certificaci\u00f3n de gran prestigio que puede abrir muchas puertas a nivel personal y profesional. Si est\u00e1s buscando demostrar tus habilidades en ingl\u00e9s de alto nivel y alcanzar tus metas acad\u00e9micas o profesionales, el CAE es una excelente opci\u00f3n a considerar.[\/vc_column_text][vc_empty_space height=\u00bb25px\u00bb][vc_btn title=\u00bbVOLVER\u00bb style=\u00bbcustom\u00bb custom_background=\u00bb#263462&#8243; custom_text=\u00bb#ffffff\u00bb shape=\u00bbround\u00bb i_align=\u00bbright\u00bb i_icon_fontawesome=\u00bbfas fa-chevron-right\u00bb css=\u00bb\u00bb add_icon=\u00bbtrue\u00bb el_class=\u00bbte-cta-boto\u00bb link=\u00bburl:https%3A%2F%2Ftodayschool.es%2Fes%2Fcambridge-exam-preparation%23anual|title:Cambridge%20Exam%20Preparation\u00bb][\/vc_column_inner][\/vc_row_inner][\/vc_column][\/vc_row][vc_row row_type=\u00bbrow\u00bb use_row_as_full_screen_section=\u00bbno\u00bb type=\u00bbgrid\u00bb text_align=\u00bbleft\u00bb background_animation=\u00bbnone\u00bb css_animation=\u00bb\u00bb el_id=\u00bbinfo\u00bb background_color=\u00bb#f3f9fc\u00bb css=\u00bb.vc_custom_1683627518342{padding-top: 50px !important;padding-bottom: 50px !important;}\u00bb][vc_column][vc_empty_space height=\u00bb10px\u00bb][vc_column_text css=\u00bb\u00bb]<\/p>\n<p style=\"text-align: center;\"><strong style=\"font-size: 1.4em;\">Cont\u00e1ctanos y te informaremos de los detalles de los cursos.<\/strong><\/p>\n<p>[\/vc_column_text][vc_column_text css=\u00bb\u00bb]<\/p>\n<p style=\"text-align: center;\"><strong style=\"font-size: 1.1em;\">Nuestros jefes de estudios <span style=\"color: #e38600;\">te orientar\u00e1n, valorando tus objetivos y necesidades actuales<\/span> para decidir el curso que m\u00e1s te conviene.<\/strong><\/p>\n<p>[\/vc_column_text][vc_column_text css=\u00bb\u00bb]<\/p>\n<p style=\"text-align: center;\"><strong style=\"font-size: 1.1em;\">Solicita <span style=\"color: #e38600;\">cita previa<\/span> para realizar el <span style=\"color: #e38600;\">test de nivel<\/span> (online o presencial).<\/strong><\/p>\n<p>[\/vc_column_text][vc_empty_space height=\u00bb25px\u00bb][vc_row_inner row_type=\u00bbrow\u00bb type=\u00bbgrid\u00bb use_row_as_full_screen_section_slide=\u00bbno\u00bb text_align=\u00bbleft\u00bb css_animation=\u00bb\u00bb][vc_column_inner width=\u00bb1\/2&#8243;][vc_column_text]<\/p>\n<p style=\"padding-bottom: 10px; text-align: center;\"><strong>Today School Sants:<\/strong> <a href=\"tel:934905636\"><img decoding=\"async\" style=\"vertical-align: middle; padding: 0 7px;\" src=\"https:\/\/todayschool.es\/blog\/wp-content\/uploads\/2020\/06\/icon-phone.png\" alt=\"icon-phone\" width=\"52px\" height=\"52px\" \/><\/a><a href=\"mailto:sants@todayschool.es\"><img decoding=\"async\" style=\"vertical-align: middle; padding: 0 7px;\" src=\"https:\/\/todayschool.es\/blog\/wp-content\/uploads\/2020\/06\/icon-mail.png\" alt=\"icon-mail\" width=\"52px\" height=\"52px\" \/><\/a><\/p>\n<p>[\/vc_column_text][vc_empty_space height=\u00bb25px\u00bb][\/vc_column_inner][vc_column_inner width=\u00bb1\/2&#8243;][vc_column_text]<\/p>\n<p style=\"padding-bottom: 10px; text-align: center;\"><strong>Today School Clot:<\/strong> <a href=\"tel:932444014\"><img decoding=\"async\" style=\"vertical-align: middle; padding: 0 7px;\" src=\"https:\/\/todayschool.es\/blog\/wp-content\/uploads\/2020\/06\/icon-phone.png\" alt=\"icon-phone\" width=\"52px\" height=\"52px\" \/><\/a><a href=\"mailto:infoclot@todayschool.es\"><img decoding=\"async\" style=\"vertical-align: middle; padding: 0 7px;\" src=\"https:\/\/todayschool.es\/blog\/wp-content\/uploads\/2020\/06\/icon-mail.png\" alt=\"icon-mail\" width=\"52px\" height=\"52px\" \/><\/a><\/p>\n<p>[\/vc_column_text][vc_empty_space height=\u00bb25px\u00bb][\/vc_column_inner][\/vc_row_inner][vc_column_text css=\u00bb\u00bb]<\/p>\n<p style=\"text-align: center;\"><strong style=\"font-size: 1.1em;\">Si lo prefieres, d\u00e9janos tus datos y contactaremos contigo:<\/strong><\/p>\n<p>[\/vc_column_text][vc_empty_space height=\u00bb25px\u00bb][vc_column_text css=\u00bb\u00bb]<\/p>\n<div class=\"caldera-grid\" id=\"caldera_form_1\" data-cf-ver=\"1.9.6\" data-cf-form-id=\"CF6672ad115346c\"><div id=\"caldera_notices_1\" data-spinner=\"https:\/\/todayschool.es\/blog\/wp-admin\/images\/spinner.gif\"><\/div><form data-instance=\"1\" class=\"CF6672ad115346c caldera_forms_form cfajax-trigger\" method=\"POST\" enctype=\"multipart\/form-data\" id=\"CF6672ad115346c_1\" data-form-id=\"CF6672ad115346c\" aria-label=\"Cambridge Exam - esp\" data-target=\"#caldera_notices_1\" data-template=\"#cfajax_CF6672ad115346c-tmpl\" data-cfajax=\"CF6672ad115346c\" data-load-element=\"_parent\" data-load-class=\"cf_processing\" data-post-disable=\"0\" data-action=\"cf_process_ajax_submit\" data-request=\"https:\/\/todayschool.es\/es\/\/cf-api\/CF6672ad115346c\" data-hiderows=\"true\">\r\n<input type=\"hidden\" id=\"_cf_verify_CF6672ad115346c\" name=\"_cf_verify\" value=\"b32d293bb3\"  data-nonce-time=\"1775588252\" \/><input type=\"hidden\" name=\"_wp_http_referer\" value=\"\/es\/wp-json\/wp\/v2\/pages\/17807\" \/><div id=\"cf2-CF6672ad115346c_1\"><\/div><input type=\"hidden\" name=\"_cf_frm_id\" value=\"CF6672ad115346c\">\r\n<input type=\"hidden\" name=\"_cf_frm_ct\" value=\"1\">\r\n<input type=\"hidden\" name=\"cfajax\" value=\"CF6672ad115346c\">\r\n<input type=\"hidden\" name=\"_cf_cr_pst\" value=\"17807\">\r\n<div class=\"hide\" style=\"display:none; overflow:hidden;height:0;width:0;\">\r\n<label>Twitter<\/label><input type=\"text\" name=\"twitter\" value=\"\" autocomplete=\"off\">\r\n<\/div><div id=\"CF6672ad115346c_1-row-1\"  class=\"row  first_row\"><div  class=\"col-sm-3  first_col\"><div data-field-wrapper=\"fld_6874625\" class=\"form-group te-input-text\" id=\"fld_6874625_1-wrap\">\r\n\t<label id=\"fld_6874625Label\" for=\"fld_6874625_1\" class=\"control-label screen-reader-text sr-only\">Centro<\/label>\r\n\t<div class=\"\">\r\n\t\t<select name=\"fld_6874625\" value=\"\" data-field=\"fld_6874625\" class=\"form-control\" id=\"fld_6874625_1\"  required=\"required\"  aria-labelledby=\"fld_6874625Label\" >\n\t\t<option value=\"\" disabled selected>Elige tu centro<\/option>\t\t\t\t\t<option value=\"Clot\"  data-calc-value=\"Clot\" >\n\t\t\t\t\t\tClot\t\t\t\t\t<\/option>\n\t\t\t\t\t\t\t\t\t\t<option value=\"Sants\"  data-calc-value=\"Sants\" >\n\t\t\t\t\t\tSants\t\t\t\t\t<\/option>\n\t\t\t\t\t\t\t<\/select>\n\t\t\t<\/div>\r\n<\/div>\r\n<\/div><div  class=\"col-sm-3 \"><div data-field-wrapper=\"fld_1859868\" class=\"form-group te-input-text\" id=\"fld_1859868_1-wrap\">\r\n\t<label id=\"fld_1859868Label\" for=\"fld_1859868_1\" class=\"control-label screen-reader-text sr-only\">Nombre y apellidos<\/label>\r\n\t<div class=\"\">\r\n\t\t<input placeholder=\"Nombre y apellidos\"  required type=\"text\" data-field=\"fld_1859868\" class=\" form-control\" id=\"fld_1859868_1\" name=\"fld_1859868\" value=\"\" data-type=\"text\" aria-required=\"true\"   aria-labelledby=\"fld_1859868Label\" >\t\t\t<\/div>\r\n<\/div>\r\n<\/div><div  class=\"col-sm-3 \"><div data-field-wrapper=\"fld_3149909\" class=\"form-group te-input-text\" id=\"fld_3149909_1-wrap\">\r\n\t<label id=\"fld_3149909Label\" for=\"fld_3149909_1\" class=\"control-label screen-reader-text sr-only\">Tel\u00e9fono<\/label>\r\n\t<div class=\"\">\r\n\t\t<input placeholder=\"Tel\u00e9fono\"  required type=\"text\" data-field=\"fld_3149909\" class=\" form-control\" id=\"fld_3149909_1\" name=\"fld_3149909\" value=\"\" data-type=\"text\" aria-required=\"true\"   aria-labelledby=\"fld_3149909Label\" >\t\t\t<\/div>\r\n<\/div>\r\n<\/div><div  class=\"col-sm-3  last_col\"><div data-field-wrapper=\"fld_7399028\" class=\"form-group te-input-text\" id=\"fld_7399028_1-wrap\">\r\n\t<label id=\"fld_7399028Label\" for=\"fld_7399028_1\" class=\"control-label screen-reader-text sr-only\">Email<\/label>\r\n\t<div class=\"\">\r\n\t\t<input placeholder=\"Email\"  required type=\"email\" data-field=\"fld_7399028\" class=\" form-control\" id=\"fld_7399028_1\" name=\"fld_7399028\" value=\"\" data-type=\"email\" aria-required=\"true\"   aria-labelledby=\"fld_7399028Label\" >\t\t\t<\/div>\r\n<\/div>\r\n<\/div><\/div><div id=\"CF6672ad115346c_1-row-2\"  class=\"row \"><div  class=\"col-sm-3  first_col\"><div data-field-wrapper=\"fld_6560688\" class=\"form-group\" id=\"fld_6560688_1-wrap\">\r\n\t<label id=\"fld_6560688Label\" for=\"fld_6560688_1\" class=\"control-label\">Quiero m\u00e1s informaci\u00f3n sobre... <span aria-hidden=\"true\" role=\"presentation\" class=\"field_required\" style=\"color:#ee0000;\">*<\/span><\/label>\r\n\t<div class=\"\">\r\n\t\t\t\t\t\t\t\t\t\t\t<div class=\"checkbox\">\n\t\t\t\t\n                <label                         for=\"fld_6560688_1_opt1584533\"\n                >\n                            <input\n                                data-parsley-required=\"true\" data-parsley-group=\"fld_6560688_1\" data-parsley-multiple=\"fld_6560688_1\"                                type=\"checkbox\"\n                                data-label=\"First\"\n                                data-field=\"fld_6560688\"\n                                id=\"fld_6560688_1_opt1584533\"\n                                class=\"fld_6560688_1 option-required\"\n                                name=\"fld_6560688[opt1584533]\"\n                                value=\"First\"\n                                                                data-type=\"checkbox\"\n                                data-checkbox-field=\"fld_6560688_1\"\n                                                                data-calc-value=\"First\"\n                            >\n                    First                <\/label>\n\n                \t\t\t\t\t<\/div>\n\t\t\t\t\t\t\t\t\t\t\t\t\t\t\t\t\t<div class=\"checkbox\">\n\t\t\t\t\n                <label                         for=\"fld_6560688_1_opt1312613\"\n                >\n                            <input\n                                data-parsley-required=\"true\" data-parsley-group=\"fld_6560688_1\" data-parsley-multiple=\"fld_6560688_1\"                                type=\"checkbox\"\n                                data-label=\"Advanced\"\n                                data-field=\"fld_6560688\"\n                                id=\"fld_6560688_1_opt1312613\"\n                                class=\"fld_6560688_1 option-required\"\n                                name=\"fld_6560688[opt1312613]\"\n                                value=\"Advanced\"\n                                                                data-type=\"checkbox\"\n                                data-checkbox-field=\"fld_6560688_1\"\n                                                                data-calc-value=\"Advanced\"\n                            >\n                    Advanced                <\/label>\n\n                \t\t\t\t\t<\/div>\n\t\t\t\t\t\t\t\t\t\t\t\t\t\t\t\t\t<div class=\"checkbox\">\n\t\t\t\t\n                <label                         for=\"fld_6560688_1_opt1109172\"\n                >\n                            <input\n                                data-parsley-required=\"true\" data-parsley-group=\"fld_6560688_1\" data-parsley-multiple=\"fld_6560688_1\"                                type=\"checkbox\"\n                                data-label=\"Proficiency\"\n                                data-field=\"fld_6560688\"\n                                id=\"fld_6560688_1_opt1109172\"\n                                class=\"fld_6560688_1 option-required\"\n                                name=\"fld_6560688[opt1109172]\"\n                                value=\"Proficiency\"\n                                                                data-type=\"checkbox\"\n                                data-checkbox-field=\"fld_6560688_1\"\n                                                                data-calc-value=\"Proficiency\"\n                            >\n                    Proficiency                <\/label>\n\n                \t\t\t\t\t<\/div>\n\t\t\t\t\t\t\t\t\t\t\t\t\t\t\t\t\t<div class=\"checkbox\">\n\t\t\t\t\n                <label                         for=\"fld_6560688_1_opt2041535\"\n                >\n                            <input\n                                data-parsley-required=\"true\" data-parsley-group=\"fld_6560688_1\" data-parsley-multiple=\"fld_6560688_1\"                                type=\"checkbox\"\n                                data-label=\"Super intensivo\"\n                                data-field=\"fld_6560688\"\n                                id=\"fld_6560688_1_opt2041535\"\n                                class=\"fld_6560688_1 option-required\"\n                                name=\"fld_6560688[opt2041535]\"\n                                value=\"Super intensivo\"\n                                                                data-type=\"checkbox\"\n                                data-checkbox-field=\"fld_6560688_1\"\n                                                                data-calc-value=\"Super intensivo\"\n                            >\n                    Super intensivo                <\/label>\n\n                \t\t\t\t\t<\/div>\n\t\t\t\t\t\t\t\t\t\t\t<\/div>\r\n<\/div>\r\n<\/div><div  class=\"col-sm-9  last_col\"><div data-field-wrapper=\"fld_8848756\" class=\"form-group te-input-text\" id=\"fld_8848756_1-wrap\">\r\n\t<label id=\"fld_8848756Label\" for=\"fld_8848756_1\" class=\"control-label screen-reader-text sr-only\">Mensaje<\/label>\r\n\t<div class=\"\">\r\n\t\t<textarea name=\"fld_8848756\" value=\"\" data-field=\"fld_8848756\" class=\"form-control\" id=\"fld_8848756_1\" rows=\"5\" placeholder=\"Escribe aqu\u00ed tu mensaje\"    aria-labelledby=\"fld_8848756Label\" ><\/textarea>\n\t\t\t<\/div>\r\n<\/div>\r\n<\/div><\/div><div id=\"CF6672ad115346c_1-row-3\"  class=\"row  last_row\"><div  class=\"col-sm-3  first_col\"><div data-field-wrapper=\"fld_6452402\" class=\"form-group te-input-boto\" id=\"fld_6452402_1-wrap\">\r\n<div class=\"\">\r\n\t<input  class=\"btn btn-default\" type=\"submit\" name=\"fld_6452402\" id=\"fld_6452402_1\" value=\"Enviar\" data-field=\"fld_6452402\"  >\n<\/div>\r\n<\/div>\r\n\t<input class=\"button_trigger_1\" type=\"hidden\" name=\"fld_6452402\" id=\"fld_6452402_1_btn\" value=\"\" data-field=\"fld_6452402\"  \/>\n<\/div><div  class=\"col-sm-9  last_col\"><div data-field-wrapper=\"fld_783605\" class=\"form-group\" id=\"fld_783605_1-wrap\">\r\n<div class=\"\">\r\n\n<div class=\"checkbox-inline caldera-forms-consent-field\">\n    <input data-parsley-required=\"true\" data-parsley-group=\"fld_783605_1\" data-parsley-multiple=\"fld_783605_1\"        type=\"checkbox\" data-label=\"Acepto\"\n        data-field=\"fld_783605\"\n        id=\"fld_783605_1\"\n        class=\"fld_783605_1 option-required\"\n        name=\"fld_783605\"\n        value=\"1\"\n        data-type=\"checkbox\"\n        data-checkbox-field=\"fld_783605_1\"\n    >\n    <label for=\"fld_783605_1\"\n           class=\"caldera-forms-gdpr-field-label\"\n           style=\"display:inline; margin-left: 0.5rem;\"\n    >\n                <p\n            class=\"caldera-forms-consent-field-agreement\"\n        >\n            He le\u00eddo y acepto la        <\/p>\n        <a href=\"https:\/\/todayschool.es\/politica-de-privacitat\/\"\n           target=\"_blank\"\n                title=\"P\u00e1gina de pol\u00edtica de privacidad\"\n            class=\"caldera-forms-consent-field-linked_text\"\n            >\n            Pol\u00edtica de privacidad        <\/a>\n    <\/label>\n    <span style=\"color:#ff0000;\">*<\/span>\n<\/div>\n\n<\/div>\r\n<\/div>\r\n<\/div><\/div><\/form>\r\n<\/div>\r\n\n<p>[\/vc_column_text][vc_empty_space height=\u00bb25px\u00bb][\/vc_column][\/vc_row]<\/p>\n<\/div>","protected":false},"excerpt":{"rendered":"<p>[vc_row row_type=\u00bbrow\u00bb use_row_as_full_screen_section=\u00bbno\u00bb type=\u00bbfull_width\u00bb text_align=\u00bbleft\u00bb background_animation=\u00bbnone\u00bb css_animation=\u00bb\u00bb background_color=\u00bb#2b55aa\u00bb][vc_column][vc_row_inner row_type=\u00bbrow\u00bb type=\u00bbgrid\u00bb use_row_as_full_screen_section_slide=\u00bbno\u00bb text_align=\u00bbleft\u00bb css_animation=\u00bb\u00bb][vc_column_inner width=\u00bb1\/2&#8243;][vc_single_image image=\u00bb17814&#8243; img_size=\u00bbfull\u00bb alignment=\u00bbcenter\u00bb css=\u00bb\u00bb qode_css_animation=\u00bb\u00bb][\/vc_column_inner][vc_column_inner width=\u00bb1\/2&#8243;][vc_single_image image=\u00bb17816&#8243; img_size=\u00bbfull\u00bb alignment=\u00bbcenter\u00bb css=\u00bb\u00bb qode_css_animation=\u00bb\u00bb][\/vc_column_inner][\/vc_row_inner][\/vc_column][\/vc_row][vc_row row_type=\u00bbrow\u00bb use_row_as_full_screen_section=\u00bbno\u00bb type=\u00bbfull_width\u00bb text_align=\u00bbleft\u00bb background_animation=\u00bbnone\u00bb css_animation=\u00bb\u00bb background_color=\u00bb#f3f9fc\u00bb][vc_column][vc_empty_space height=\u00bb75px\u00bb][vc_row_inner row_type=\u00bbrow\u00bb type=\u00bbgrid\u00bb use_row_as_full_screen_section_slide=\u00bbno\u00bb text_align=\u00bbleft\u00bb css_animation=\u00bb\u00bb][vc_column_inner width=\u00bb1\/5&#8243; offset=\u00bbvc_col-xs-12&#8243;][vc_single_image image=\u00bb13087&#8243; img_size=\u00bbfull\u00bb alignment=\u00bbcenter\u00bb css=\u00bb\u00bb qode_css_animation=\u00bb\u00bb][vc_empty_space&#8230;<\/p>\n","protected":false},"author":20,"featured_media":17618,"parent":17606,"menu_order":0,"comment_status":"closed","ping_status":"closed","template":"full_width.php","meta":{"jetpack_post_was_ever_published":false,"footnotes":"","_links_to":"","_links_to_target":""},"class_list":["post-17807","page","type-page","status-publish","has-post-thumbnail","hentry"],"jetpack_shortlink":"https:\/\/wp.me\/P7Y5cw-4Dd","jetpack_sharing_enabled":false,"jetpack_likes_enabled":false,"_links":{"self":[{"href":"https:\/\/todayschool.es\/es\/wp-json\/wp\/v2\/pages\/17807","targetHints":{"allow":["GET"]}}],"collection":[{"href":"https:\/\/todayschool.es\/es\/wp-json\/wp\/v2\/pages"}],"about":[{"href":"https:\/\/todayschool.es\/es\/wp-json\/wp\/v2\/types\/page"}],"author":[{"embeddable":true,"href":"https:\/\/todayschool.es\/es\/wp-json\/wp\/v2\/users\/20"}],"replies":[{"embeddable":true,"href":"https:\/\/todayschool.es\/es\/wp-json\/wp\/v2\/comments?post=17807"}],"version-history":[{"count":4,"href":"https:\/\/todayschool.es\/es\/wp-json\/wp\/v2\/pages\/17807\/revisions"}],"predecessor-version":[{"id":17870,"href":"https:\/\/todayschool.es\/es\/wp-json\/wp\/v2\/pages\/17807\/revisions\/17870"}],"up":[{"embeddable":true,"href":"https:\/\/todayschool.es\/es\/wp-json\/wp\/v2\/pages\/17606"}],"wp:featuredmedia":[{"embeddable":true,"href":"https:\/\/todayschool.es\/es\/wp-json\/wp\/v2\/media\/17618"}],"wp:attachment":[{"href":"https:\/\/todayschool.es\/es\/wp-json\/wp\/v2\/media?parent=17807"}],"curies":[{"name":"wp","href":"https:\/\/api.w.org\/{rel}","templated":true}]}}