{"id":16137,"date":"2023-05-10T10:49:12","date_gmt":"2023-05-10T08:49:12","guid":{"rendered":"https:\/\/todayschool.es\/?page_id=16137"},"modified":"2025-01-19T17:27:19","modified_gmt":"2025-01-19T16:27:19","slug":"el-equipo-de-today","status":"publish","type":"page","link":"https:\/\/todayschool.es\/es\/el-equipo-de-today\/","title":{"rendered":"El equipo de Today"},"content":{"rendered":"<div class=\"wpb-content-wrapper\"><p>[vc_row row_type=\u00bbrow\u00bb use_row_as_full_screen_section=\u00bbno\u00bb type=\u00bbfull_width\u00bb text_align=\u00bbleft\u00bb background_animation=\u00bbnone\u00bb css_animation=\u00bb\u00bb][vc_column][vc_row_inner row_type=\u00bbrow\u00bb type=\u00bbfull_width\u00bb use_row_as_full_screen_section_slide=\u00bbno\u00bb text_align=\u00bbleft\u00bb css_animation=\u00bb\u00bb][vc_column_inner width=\u00bb1\/4&#8243;]<div class='q_team '><div class='q_team_inner'><div class='q_team_image'><img decoding=\"async\" src=\"https:\/\/todayschool.es\/blog\/wp-content\/uploads\/2023\/03\/Equip2023-Mertitxell-Breva-bw.jpg\" alt=\"team_image\"  \/><div class='q_team_social_holder' ><div class='q_team_social'><div class='q_team_social_inner'><\/div><\/div><\/div><\/div><div class='q_team_text ' ><div class='q_team_text_inner'><div class='q_team_title_holder'><h6 class='q_team_position' >Administraci\u00f3n - Clot<\/h6><h4 class='q_team_name' >Meritxell Breva<\/h4><\/div><div class='q_team_description'><p >Responsable en Clot del d\u00eda a d\u00eda del centro. Llamadas, visitas, incidencias... todo pasa por ella. Y siempre con la mejor sonrisa.<\/p><\/div><\/div><\/div><\/div><\/div>[\/vc_column_inner][vc_column_inner width=\u00bb1\/4&#8243;]<div class='q_team '><div class='q_team_inner'><div class='q_team_image'><img decoding=\"async\" src=\"https:\/\/todayschool.es\/blog\/wp-content\/uploads\/2023\/03\/Equip2023-Gloria-Jimenez-bw.jpg\" alt=\"team_image\"  \/><div class='q_team_social_holder' ><div class='q_team_social'><div class='q_team_social_inner'><\/div><\/div><\/div><\/div><div class='q_team_text ' ><div class='q_team_text_inner'><div class='q_team_title_holder'><h6 class='q_team_position' >Responsable de administraci\u00f3n - Clot<\/h6><h4 class='q_team_name' >Gl\u00f2ria Jim\u00e9nez<\/h4><\/div><div class='q_team_description'><p >Responsable de administraci\u00f3n en Clot. Toda la gesti\u00f3n del centro pasa por sus manos.<\/p><\/div><\/div><\/div><\/div><\/div>[\/vc_column_inner][vc_column_inner width=\u00bb1\/4&#8243;]<div class='q_team '><div class='q_team_inner'><div class='q_team_image'><img decoding=\"async\" src=\"https:\/\/todayschool.es\/blog\/wp-content\/uploads\/2023\/03\/Equip2023-Montse-Barnes-bw.jpg\" alt=\"team_image\"  \/><div class='q_team_social_holder' ><div class='q_team_social'><div class='q_team_social_inner'><\/div><\/div><\/div><\/div><div class='q_team_text ' ><div class='q_team_text_inner'><div class='q_team_title_holder'><h6 class='q_team_position' >Responsable de administraci\u00f3n - Sants<\/h6><h4 class='q_team_name' >Montse Barn\u00e9s<\/h4><\/div><div class='q_team_description'><p >Responsable de administraci\u00f3n en Sants. Toda la gesti\u00f3n del centro pasa por sus manos.<\/p><\/div><\/div><\/div><\/div><\/div>[\/vc_column_inner][vc_column_inner width=\u00bb1\/4&#8243;]<div class='q_team '><div class='q_team_inner'><div class='q_team_image'><img decoding=\"async\" src=\"https:\/\/todayschool.es\/blog\/wp-content\/uploads\/2025\/01\/Equip2023-Joel-Thomas.jpg\" alt=\"team_image\"  \/><div class='q_team_social_holder' ><div class='q_team_social'><div class='q_team_social_inner'><\/div><\/div><\/div><\/div><div class='q_team_text ' ><div class='q_team_text_inner'><div class='q_team_title_holder'><h6 class='q_team_position' >Administraci\u00f3n - Sants<\/h6><h4 class='q_team_name' >Joel Thomas<\/h4><\/div><div class='q_team_description'><p >Responsable en Sants del d\u00eda a d\u00eda del centro. Llamadas, visitas, incidencias... todo pasa por \u00e9l. Y siempre con la mejor sonrisa.<\/p><\/div><\/div><\/div><\/div><\/div>[\/vc_column_inner][\/vc_row_inner][vc_row_inner row_type=\u00bbrow\u00bb type=\u00bbfull_width\u00bb use_row_as_full_screen_section_slide=\u00bbno\u00bb text_align=\u00bbleft\u00bb css_animation=\u00bb\u00bb][vc_column_inner width=\u00bb1\/4&#8243;]<div class='q_team '><div class='q_team_inner'><div class='q_team_image'><img decoding=\"async\" src=\"https:\/\/todayschool.es\/blog\/wp-content\/uploads\/2023\/03\/Equip2023-Veronica-Valverde-bw.jpg\" alt=\"team_image\"  \/><div class='q_team_social_holder' ><div class='q_team_social'><div class='q_team_social_inner'><\/div><\/div><\/div><\/div><div class='q_team_text ' ><div class='q_team_text_inner'><div class='q_team_title_holder'><h6 class='q_team_position' >Jefe de Estudios - Clot<\/h6><h4 class='q_team_name' >Ver\u00f3nica Valverde<\/h4><\/div><div class='q_team_description'><p >Responsable en Clot de la gesti\u00f3n pedag\u00f3gica de los profesores, alumnos y familias para los niveles de ingl\u00e9s general.<\/p><\/div><\/div><\/div><\/div><\/div>[\/vc_column_inner][vc_column_inner width=\u00bb1\/4&#8243;]<div class='q_team '><div class='q_team_inner'><div class='q_team_image'><img decoding=\"async\" src=\"https:\/\/todayschool.es\/blog\/wp-content\/uploads\/2023\/03\/Equip2023-George-Papacostas-bw.jpg\" alt=\"team_image\"  \/><div class='q_team_social_holder' ><div class='q_team_social'><div class='q_team_social_inner'><\/div><\/div><\/div><\/div><div class='q_team_text ' ><div class='q_team_text_inner'><div class='q_team_title_holder'><h6 class='q_team_position' >Jefe de Estudios - Clot<\/h6><h4 class='q_team_name' >George Papacostas<\/h4><\/div><div class='q_team_description'><p >Responsable en Clot de la gesti\u00f3n pedag\u00f3gica de los profesores, alumnos y familias para los niveles de Cambridge.<\/p><\/div><\/div><\/div><\/div><\/div>[\/vc_column_inner][vc_column_inner width=\u00bb1\/4&#8243;]<div class='q_team '><div class='q_team_inner'><div class='q_team_image'><img decoding=\"async\" src=\"https:\/\/todayschool.es\/blog\/wp-content\/uploads\/2023\/03\/Equip2023-Andrew-Thomas-bw.jpg\" alt=\"team_image\"  \/><div class='q_team_social_holder' ><div class='q_team_social'><div class='q_team_social_inner'><\/div><\/div><\/div><\/div><div class='q_team_text ' ><div class='q_team_text_inner'><div class='q_team_title_holder'><h6 class='q_team_position' >Jefe de Estudios - Sants<\/h6><h4 class='q_team_name' >Andrew Thomas<\/h4><\/div><div class='q_team_description'><p >Responsable en Sants de la gesti\u00f3n pedag\u00f3gica de todos los profesores, alumnos y familias.<\/p><\/div><\/div><\/div><\/div><\/div>[\/vc_column_inner][vc_column_inner width=\u00bb1\/4&#8243;]<div class='q_team '><div class='q_team_inner'><div class='q_team_image'><img decoding=\"async\" src=\"https:\/\/todayschool.es\/blog\/wp-content\/uploads\/2023\/03\/Equip2023-Tony-Owens-bw.jpg\" alt=\"team_image\"  \/><div class='q_team_social_holder' ><div class='q_team_social'><div class='q_team_social_inner'><\/div><\/div><\/div><\/div><div class='q_team_text ' ><div class='q_team_text_inner'><div class='q_team_title_holder'><h6 class='q_team_position' >Mentor teacher<\/h6><h4 class='q_team_name' >Anthony Owens<\/h4><\/div><div class='q_team_description'><p >Nuestro profesor m\u00e1s experimentado. Lleva en Today desde sus inicios y se encarga de velar para que todo el profesorado mantenga la misma l\u00ednea pedag\u00f3gica.<\/p><\/div><\/div><\/div><\/div><\/div>[\/vc_column_inner][\/vc_row_inner][vc_row_inner row_type=\u00bbrow\u00bb type=\u00bbfull_width\u00bb use_row_as_full_screen_section_slide=\u00bbno\u00bb text_align=\u00bbleft\u00bb css_animation=\u00bb\u00bb][vc_column_inner width=\u00bb1\/4&#8243;]<div class='q_team '><div class='q_team_inner'><div class='q_team_image'><img decoding=\"async\" src=\"https:\/\/todayschool.es\/blog\/wp-content\/uploads\/2023\/03\/Equip2023-Gala-Franc-bw.jpg\" alt=\"team_image\"  \/><div class='q_team_social_holder' ><div class='q_team_social'><div class='q_team_social_inner'><\/div><\/div><\/div><\/div><div class='q_team_text ' ><div class='q_team_text_inner'><div class='q_team_title_holder'><h6 class='q_team_position' >Contabilidad<\/h6><h4 class='q_team_name' >Gala Franc<\/h4><\/div><div class='q_team_description'><p >Responsable de todos los procesos contables y econ\u00f3micos del centro.<\/p><\/div><\/div><\/div><\/div><\/div>[\/vc_column_inner][vc_column_inner width=\u00bb1\/4&#8243;]<div class='q_team '><div class='q_team_inner'><div class='q_team_image'><img decoding=\"async\" src=\"https:\/\/todayschool.es\/blog\/wp-content\/uploads\/2023\/03\/Equip2023-Jesus-Jimenez-bw.jpg\" alt=\"team_image\"  \/><div class='q_team_social_holder' ><div class='q_team_social'><div class='q_team_social_inner'><\/div><\/div><\/div><\/div><div class='q_team_text ' ><div class='q_team_text_inner'><div class='q_team_title_holder'><h6 class='q_team_position' >Fundador<\/h6><h4 class='q_team_name' >Jes\u00fas Jim\u00e9nez<\/h4><\/div><div class='q_team_description'><p >Fundador de la academia en el a\u00f1o 1985. ``Alma mater`` del centro.<\/p><\/div><\/div><\/div><\/div><\/div>[\/vc_column_inner][vc_column_inner width=\u00bb1\/4&#8243;]<div class='q_team '><div class='q_team_inner'><div class='q_team_image'><img decoding=\"async\" src=\"https:\/\/todayschool.es\/blog\/wp-content\/uploads\/2023\/03\/Equip2023-Edgar-Jimenez-bw.jpg\" alt=\"team_image\"  \/><div class='q_team_social_holder' ><div class='q_team_social'><div class='q_team_social_inner'><\/div><\/div><\/div><\/div><div class='q_team_text ' ><div class='q_team_text_inner'><div class='q_team_title_holder'><h6 class='q_team_position' >Director y responsable de IT<\/h6><h4 class='q_team_name' >\u00c9dgar Jim\u00e9nez<\/h4><\/div><div class='q_team_description'><p >Responsable de todas las decisiones directivas, pedag\u00f3gicas y administrativas.<\/p><\/div><\/div><\/div><\/div><\/div>[\/vc_column_inner][vc_column_inner width=\u00bb1\/4&#8243;][\/vc_column_inner][\/vc_row_inner][vc_empty_space height=\u00bb50px\u00bb][vc_column_text]<\/p>\n<p><em>El a\u00f1o 1985 empec\u00e9 este proyecto, lleno de ilusi\u00f3n y determinaci\u00f3n, para desarrollar mi pasi\u00f3n por la ense\u00f1anza y por los idiomas.<\/em><\/p>\n<p><em>D\u00eda a d\u00eda y con esfuerzo hemos ido aprendiendo y mejorando hasta convertirnos en lo que somos hoy: un equipo de personas que compartimos los valores y la dedicaci\u00f3n para hacer de Today School un espacio donde te sentir\u00e1s atendido con sensibilidad y profesionalidad y donde podr\u00e1s aprender un ingl\u00e9s pr\u00e1ctico, \u00fatil y de calidad.<\/em><\/p>\n<p dir=\"ltr\">Jes\u00fas Jim\u00e9nez<br \/>\nDirector<\/p>\n<p>[\/vc_column_text][\/vc_column][\/vc_row][vc_row row_type=\u00bbrow\u00bb use_row_as_full_screen_section=\u00bbno\u00bb type=\u00bbfull_width\u00bb text_align=\u00bbleft\u00bb background_animation=\u00bbnone\u00bb css_animation=\u00bb\u00bb][vc_column][vc_empty_space height=\u00bb50px\u00bb][\/vc_column][\/vc_row]<\/p>\n<\/div>","protected":false},"excerpt":{"rendered":"<p>[vc_row row_type=\u00bbrow\u00bb use_row_as_full_screen_section=\u00bbno\u00bb type=\u00bbfull_width\u00bb text_align=\u00bbleft\u00bb background_animation=\u00bbnone\u00bb css_animation=\u00bb\u00bb][vc_column][vc_row_inner row_type=\u00bbrow\u00bb type=\u00bbfull_width\u00bb use_row_as_full_screen_section_slide=\u00bbno\u00bb text_align=\u00bbleft\u00bb css_animation=\u00bb\u00bb][vc_column_inner width=\u00bb1\/4&#8243;][\/vc_column_inner][vc_column_inner width=\u00bb1\/4&#8243;][\/vc_column_inner][vc_column_inner width=\u00bb1\/4&#8243;][\/vc_column_inner][vc_column_inner width=\u00bb1\/4&#8243;][\/vc_column_inner][\/vc_row_inner][vc_row_inner row_type=\u00bbrow\u00bb type=\u00bbfull_width\u00bb use_row_as_full_screen_section_slide=\u00bbno\u00bb text_align=\u00bbleft\u00bb css_animation=\u00bb\u00bb][vc_column_inner width=\u00bb1\/4&#8243;][\/vc_column_inner][vc_column_inner width=\u00bb1\/4&#8243;][\/vc_column_inner][vc_column_inner width=\u00bb1\/4&#8243;][\/vc_column_inner][vc_column_inner width=\u00bb1\/4&#8243;][\/vc_column_inner][\/vc_row_inner][vc_row_inner row_type=\u00bbrow\u00bb type=\u00bbfull_width\u00bb use_row_as_full_screen_section_slide=\u00bbno\u00bb text_align=\u00bbleft\u00bb css_animation=\u00bb\u00bb][vc_column_inner width=\u00bb1\/4&#8243;][\/vc_column_inner][vc_column_inner width=\u00bb1\/4&#8243;][\/vc_column_inner][vc_column_inner width=\u00bb1\/4&#8243;][\/vc_column_inner][vc_column_inner width=\u00bb1\/4&#8243;][\/vc_column_inner][\/vc_row_inner][vc_empty_space height=\u00bb50px\u00bb][vc_column_text] El a\u00f1o 1985 empec\u00e9 este proyecto, lleno de ilusi\u00f3n y&#8230;<\/p>\n","protected":false},"author":20,"featured_media":0,"parent":0,"menu_order":0,"comment_status":"closed","ping_status":"closed","template":"","meta":{"footnotes":"","_links_to":"","_links_to_target":""},"class_list":["post-16137","page","type-page","status-publish","hentry"],"jetpack_shortlink":"https:\/\/wp.me\/P7Y5cw-4ch","jetpack_sharing_enabled":false,"jetpack_likes_enabled":false,"_links":{"self":[{"href":"https:\/\/todayschool.es\/es\/wp-json\/wp\/v2\/pages\/16137","targetHints":{"allow":["GET"]}}],"collection":[{"href":"https:\/\/todayschool.es\/es\/wp-json\/wp\/v2\/pages"}],"about":[{"href":"https:\/\/todayschool.es\/es\/wp-json\/wp\/v2\/types\/page"}],"author":[{"embeddable":true,"href":"https:\/\/todayschool.es\/es\/wp-json\/wp\/v2\/users\/20"}],"replies":[{"embeddable":true,"href":"https:\/\/todayschool.es\/es\/wp-json\/wp\/v2\/comments?post=16137"}],"version-history":[{"count":6,"href":"https:\/\/todayschool.es\/es\/wp-json\/wp\/v2\/pages\/16137\/revisions"}],"predecessor-version":[{"id":17932,"href":"https:\/\/todayschool.es\/es\/wp-json\/wp\/v2\/pages\/16137\/revisions\/17932"}],"wp:attachment":[{"href":"https:\/\/todayschool.es\/es\/wp-json\/wp\/v2\/media?parent=16137"}],"curies":[{"name":"wp","href":"https:\/\/api.w.org\/{rel}","templated":true}]}}