{"id":15527,"date":"2022-06-02T18:29:48","date_gmt":"2022-06-02T16:29:48","guid":{"rendered":"https:\/\/todayschool.es\/?page_id=15527"},"modified":"2025-02-24T14:42:50","modified_gmt":"2025-02-24T13:42:50","slug":"intensivos-cambridge","status":"publish","type":"page","link":"https:\/\/todayschool.es\/es\/intensivos-cambridge\/","title":{"rendered":"Intensivos Cambridge Express"},"content":{"rendered":"<div class=\"wpb-content-wrapper\"><p>[vc_row row_type=\u00bbrow\u00bb use_row_as_full_screen_section=\u00bbno\u00bb type=\u00bbfull_width\u00bb text_align=\u00bbleft\u00bb background_animation=\u00bbnone\u00bb css_animation=\u00bb\u00bb background_color=\u00bb#3387df\u00bb][vc_column width=\u00bb1\/2&#8243; css=\u00bb.vc_custom_1591827015579{margin-top: 0px !important;margin-right: 0px !important;margin-bottom: 0px !important;margin-left: 0px !important;padding-top: 0px !important;padding-bottom: 0px !important;padding-left: 0px !important;}\u00bb][vc_single_image image=\u00bb15562&#8243; img_size=\u00bbfull\u00bb alignment=\u00bbright\u00bb qode_css_animation=\u00bb\u00bb][\/vc_column][vc_column width=\u00bb1\/2&#8243; css=\u00bb.vc_custom_1591827027620{margin-top: 0px !important;margin-right: 0px !important;margin-bottom: 0px !important;margin-left: 0px !important;padding-top: 0px !important;padding-right: 0px !important;padding-bottom: 0px !important;padding-left: 0px !important;}\u00bb][vc_single_image image=\u00bb15531&#8243; img_size=\u00bbfull\u00bb qode_css_animation=\u00bb\u00bb][\/vc_column][\/vc_row][vc_row row_type=\u00bbrow\u00bb use_row_as_full_screen_section=\u00bbno\u00bb type=\u00bbfull_width\u00bb text_align=\u00bbleft\u00bb background_animation=\u00bbnone\u00bb css_animation=\u00bb\u00bb background_color=\u00bb#f3f9fc\u00bb][vc_column][vc_empty_space height=\u00bb75px\u00bb][vc_row_inner row_type=\u00bbrow\u00bb type=\u00bbgrid\u00bb use_row_as_full_screen_section_slide=\u00bbno\u00bb text_align=\u00bbleft\u00bb css_animation=\u00bb\u00bb][vc_column_inner width=\u00bb1\/5&#8243;][vc_single_image image=\u00bb13087&#8243; img_size=\u00bbfull\u00bb alignment=\u00bbcenter\u00bb css=\u00bb\u00bb qode_css_animation=\u00bb\u00bb][vc_empty_space height=\u00bb25px\u00bb][\/vc_column_inner][vc_column_inner width=\u00bb1\/5&#8243;][vc_single_image image=\u00bb14605&#8243; img_size=\u00bbfull\u00bb alignment=\u00bbcenter\u00bb qode_css_animation=\u00bb\u00bb][vc_empty_space height=\u00bb25px\u00bb][\/vc_column_inner][vc_column_inner width=\u00bb1\/5&#8243;][vc_single_image image=\u00bb17391&#8243; img_size=\u00bbfull\u00bb alignment=\u00bbcenter\u00bb qode_css_animation=\u00bb\u00bb][vc_empty_space height=\u00bb25px\u00bb][\/vc_column_inner][vc_column_inner width=\u00bb1\/5&#8243;][vc_single_image image=\u00bb12464&#8243; img_size=\u00bbfull\u00bb alignment=\u00bbcenter\u00bb qode_css_animation=\u00bb\u00bb][vc_empty_space height=\u00bb25px\u00bb][\/vc_column_inner][vc_column_inner width=\u00bb1\/5&#8243;][vc_single_image image=\u00bb12466&#8243; img_size=\u00bbfull\u00bb alignment=\u00bbcenter\u00bb qode_css_animation=\u00bb\u00bb][vc_empty_space height=\u00bb25px\u00bb][\/vc_column_inner][\/vc_row_inner][vc_empty_space height=\u00bb25px\u00bb][\/vc_column][\/vc_row][vc_row row_type=\u00bbrow\u00bb use_row_as_full_screen_section=\u00bbno\u00bb type=\u00bbfull_width\u00bb text_align=\u00bbleft\u00bb background_animation=\u00bbnone\u00bb css_animation=\u00bb\u00bb background_color=\u00bb#ffffff\u00bb][vc_column][vc_row_inner row_type=\u00bbrow\u00bb type=\u00bbgrid\u00bb use_row_as_full_screen_section_slide=\u00bbno\u00bb text_align=\u00bbleft\u00bb css_animation=\u00bb\u00bb][vc_column_inner][vc_empty_space height=\u00bb50px\u00bb][vc_column_text css=\u00bb\u00bb]<\/p>\n<h1 style=\"text-align: center;\">Intensivos Cambridge 2025<\/h1>\n<p>[\/vc_column_text][vc_empty_space height=\u00bb25px\u00bb][vc_column_text]<\/p>\n<h2 style=\"text-align: center;\">Cursos dise\u00f1ados para <span style=\"color: #cc2117;\">maximizar tus posibilidades de aprobar<\/span>.<\/h2>\n<p>[\/vc_column_text][vc_empty_space height=\u00bb15px\u00bb][vc_column_text]<\/p>\n<p style=\"text-align: center;\">Nuestros Jefes de estudios se asegurar\u00e1n de que tengas todos los recursos a tu disposici\u00f3n para personalizar y potenciar tu experiencia. Conseguir\u00e1s dominar cada una de las competencias necesarias para el examen (Reading and Use of English, Writing, Listening y Speaking).<\/p>\n<p style=\"text-align: center;\">Queremos que est\u00e9s y te sientas preparado para afrontar el examen con garant\u00edas.<\/p>\n<p>[\/vc_column_text][vc_empty_space height=\u00bb50px\u00bb][\/vc_column_inner][\/vc_row_inner][\/vc_column][\/vc_row][vc_row row_type=\u00bbrow\u00bb use_row_as_full_screen_section=\u00bbno\u00bb type=\u00bbfull_width\u00bb text_align=\u00bbleft\u00bb background_animation=\u00bbnone\u00bb css_animation=\u00bb\u00bb background_color=\u00bb#f3f9fc\u00bb][vc_column][vc_empty_space height=\u00bb40px\u00bb][vc_row_inner row_type=\u00bbrow\u00bb type=\u00bbgrid\u00bb use_row_as_full_screen_section_slide=\u00bbno\u00bb text_align=\u00bbleft\u00bb css_animation=\u00bb\u00bb][vc_column_inner][vc_column_text]<\/p>\n<h2 style=\"text-align: center;\">Aprueba el <span style=\"color: #cc2117;\">First<\/span> a final de julio<\/h2>\n<p>[\/vc_column_text][vc_empty_space height=\u00bb50px\u00bb][\/vc_column_inner][\/vc_row_inner][vc_row_inner row_type=\u00bbrow\u00bb type=\u00bbgrid\u00bb use_row_as_full_screen_section_slide=\u00bbno\u00bb text_align=\u00bbleft\u00bb css_animation=\u00bb\u00bb el_class=\u00bbte-bigpad\u00bb][vc_column_inner][vc_column_text css=\u00bb\u00bb]<\/p>\n<h3 style=\"padding-bottom: 10px; line-height: 40px;\"><img decoding=\"async\" style=\"padding: 0 15px 0 0; vertical-align: middle;\" src=\"https:\/\/todayschool.es\/blog\/wp-content\/uploads\/2022\/06\/bullet-22.png\" alt=\"bullet\" width=\"22px\" height=\"22px\" \/>Cambridge S\u00faper Express (48+20h): <span style=\"color: #cc2117;\">459\u20ac<\/span><\/h3>\n<p style=\"padding-bottom: 25px;\">Un intensivo de 48h de clase presencial o por videoconferencia + 20 horas de material online con el que podr\u00e1s presentarte este julio al examen oficial con las mejores garant\u00edas de \u00e9xito.<\/p>\n<p>[\/vc_column_text][\/vc_column_inner][\/vc_row_inner][vc_row_inner row_type=\u00bbrow\u00bb type=\u00bbgrid\u00bb use_row_as_full_screen_section_slide=\u00bbno\u00bb text_align=\u00bbleft\u00bb css_animation=\u00bb\u00bb el_class=\u00bbte-bigpad\u00bb][vc_column_inner width=\u00bb1\/2&#8243;][vc_column_text css=\u00bb\u00bb]<\/p>\n<p style=\"padding-bottom: 10px;\">4 semanas de clase: <strong>del 2 al 24 de julio<\/strong><\/p>\n<p style=\"padding-bottom: 10px;\">Horarios de ma\u00f1ana y tarde<\/p>\n<p style=\"padding-bottom: 25px;\">Fecha examen oficial: prueba oral y escrita <strong>25 de julio<\/strong><\/p>\n<p>[\/vc_column_text][\/vc_column_inner][vc_column_inner width=\u00bb1\/2&#8243;][vc_column_text]<\/p>\n<p style=\"padding-bottom: 10px;\">48h de clase<\/p>\n<p style=\"padding-bottom: 10px;\">20h de material extra<\/p>\n<p style=\"padding-bottom: 25px;\">Simulacro de examen oral<\/p>\n<p>[\/vc_column_text][\/vc_column_inner][\/vc_row_inner][vc_row_inner row_type=\u00bbrow\u00bb type=\u00bbgrid\u00bb use_row_as_full_screen_section_slide=\u00bbno\u00bb text_align=\u00bbleft\u00bb css_animation=\u00bb\u00bb el_class=\u00bbte-bigpad\u00bb][vc_column_inner][vc_empty_space height=\u00bb25px\u00bb][vc_btn title=\u00bbME INTERESA\u00bb style=\u00bbcustom\u00bb custom_background=\u00bb#263462&#8243; custom_text=\u00bb#ffffff\u00bb shape=\u00bbround\u00bb align=\u00bbleft\u00bb i_align=\u00bbright\u00bb i_icon_fontawesome=\u00bbfas fa-chevron-right\u00bb add_icon=\u00bbtrue\u00bb el_class=\u00bbte-cta-boto\u00bb link=\u00bburl:%23info|||\u00bb][vc_empty_space height=\u00bb25px\u00bb][\/vc_column_inner][\/vc_row_inner][\/vc_column][\/vc_row][vc_row row_type=\u00bbrow\u00bb use_row_as_full_screen_section=\u00bbno\u00bb type=\u00bbfull_width\u00bb text_align=\u00bbleft\u00bb background_animation=\u00bbnone\u00bb css_animation=\u00bb\u00bb background_color=\u00bb#ffffff\u00bb][vc_column][vc_empty_space height=\u00bb40px\u00bb][vc_row_inner row_type=\u00bbrow\u00bb type=\u00bbgrid\u00bb use_row_as_full_screen_section_slide=\u00bbno\u00bb text_align=\u00bbleft\u00bb css_animation=\u00bb\u00bb][vc_column_inner][vc_column_text]<\/p>\n<h2 style=\"text-align: center;\">Aprueba el <span style=\"color: #cc2117;\">Advanced<\/span> a final de julio<\/h2>\n<p>[\/vc_column_text][vc_empty_space height=\u00bb50px\u00bb][\/vc_column_inner][\/vc_row_inner][vc_row_inner row_type=\u00bbrow\u00bb type=\u00bbgrid\u00bb use_row_as_full_screen_section_slide=\u00bbno\u00bb text_align=\u00bbleft\u00bb css_animation=\u00bb\u00bb el_class=\u00bbte-bigpad\u00bb][vc_column_inner][vc_column_text css=\u00bb\u00bb]<\/p>\n<h3 style=\"padding-bottom: 10px; line-height: 40px;\"><img decoding=\"async\" style=\"padding: 0 15px 0 0; vertical-align: middle;\" src=\"https:\/\/todayschool.es\/blog\/wp-content\/uploads\/2022\/06\/bullet-22.png\" alt=\"bullet\" width=\"22px\" height=\"22px\" \/>Cambridge S\u00faper Express (48+20h): <span style=\"color: #cc2117;\">459\u20ac<\/span><\/h3>\n<p style=\"padding-bottom: 25px;\">Un intensivo de 48h de clase presencial o por videoconferencia + 20 horas de material online con el que podr\u00e1s presentarte este julio al examen oficial con las mejores garant\u00edas de \u00e9xito.<\/p>\n<p>[\/vc_column_text][\/vc_column_inner][\/vc_row_inner][vc_row_inner row_type=\u00bbrow\u00bb type=\u00bbgrid\u00bb use_row_as_full_screen_section_slide=\u00bbno\u00bb text_align=\u00bbleft\u00bb css_animation=\u00bb\u00bb el_class=\u00bbte-bigpad\u00bb][vc_column_inner width=\u00bb1\/2&#8243;][vc_column_text css=\u00bb\u00bb]<\/p>\n<p style=\"padding-bottom: 10px;\">4 semanas de clase: <strong>del 2 al 24 de julio<\/strong><\/p>\n<p style=\"padding-bottom: 10px;\">Horarios de ma\u00f1ana y tarde<\/p>\n<p style=\"padding-bottom: 25px;\">Fecha examen oficial: prueba oral y escrita <strong>25 de julio<\/strong><\/p>\n<p>[\/vc_column_text][\/vc_column_inner][vc_column_inner width=\u00bb1\/2&#8243;][vc_column_text]<\/p>\n<p style=\"padding-bottom: 10px;\">48h de clase<\/p>\n<p style=\"padding-bottom: 10px;\">20h de material extra<\/p>\n<p style=\"padding-bottom: 25px;\">Simulacro de examen oral<\/p>\n<p>[\/vc_column_text][\/vc_column_inner][\/vc_row_inner][vc_row_inner row_type=\u00bbrow\u00bb type=\u00bbgrid\u00bb use_row_as_full_screen_section_slide=\u00bbno\u00bb text_align=\u00bbleft\u00bb css_animation=\u00bb\u00bb el_class=\u00bbte-bigpad\u00bb][vc_column_inner][vc_empty_space height=\u00bb25px\u00bb][vc_btn title=\u00bbME INTERESA\u00bb style=\u00bbcustom\u00bb custom_background=\u00bb#263462&#8243; custom_text=\u00bb#ffffff\u00bb shape=\u00bbround\u00bb align=\u00bbleft\u00bb i_align=\u00bbright\u00bb i_icon_fontawesome=\u00bbfas fa-chevron-right\u00bb add_icon=\u00bbtrue\u00bb el_class=\u00bbte-cta-boto\u00bb link=\u00bburl:%23info|||\u00bb][vc_empty_space height=\u00bb25px\u00bb][\/vc_column_inner][\/vc_row_inner][\/vc_column][\/vc_row][vc_row row_type=\u00bbrow\u00bb use_row_as_full_screen_section=\u00bbno\u00bb type=\u00bbgrid\u00bb text_align=\u00bbleft\u00bb background_animation=\u00bbnone\u00bb css_animation=\u00bb\u00bb el_id=\u00bbinfo\u00bb background_color=\u00bb#f3f9fc\u00bb css=\u00bb.vc_custom_1683631231783{padding-top: 50px !important;padding-bottom: 50px !important;}\u00bb][vc_column][vc_empty_space height=\u00bb10px\u00bb][vc_column_text]<\/p>\n<p style=\"text-align: center;\"><strong style=\"font-size: 1.4em;\">Cont\u00e1ctanos y te informaremos de los detalles de los cursos.<\/strong><\/p>\n<p>[\/vc_column_text][vc_column_text]<\/p>\n<p style=\"text-align: center;\"><strong style=\"font-size: 1.1em;\">Nuestros jefes de estudios <span style=\"color: #cc2117;\">te orientar\u00e1n, valorando tus objetivos y necesidades actuales<\/span>.<\/strong><\/p>\n<p>[\/vc_column_text][vc_empty_space height=\u00bb25px\u00bb][vc_row_inner row_type=\u00bbrow\u00bb type=\u00bbgrid\u00bb use_row_as_full_screen_section_slide=\u00bbno\u00bb text_align=\u00bbleft\u00bb css_animation=\u00bb\u00bb][vc_column_inner width=\u00bb1\/2&#8243;][vc_column_text]<\/p>\n<p style=\"padding-bottom: 10px; text-align: center;\"><strong>Today School Sants:<\/strong> <a href=\"tel:934905636\"><img decoding=\"async\" style=\"vertical-align: middle; padding: 0 7px;\" src=\"https:\/\/todayschool.es\/blog\/wp-content\/uploads\/2022\/06\/icon-phone-22.png\" alt=\"icon-phone\" width=\"52px\" height=\"52px\" \/><\/a><a href=\"mailto:sants@todayschool.es\"><img decoding=\"async\" style=\"vertical-align: middle; padding: 0 7px;\" src=\"https:\/\/todayschool.es\/blog\/wp-content\/uploads\/2022\/06\/icon-mail-22.png\" alt=\"icon-mail\" width=\"52px\" height=\"52px\" \/><\/a><\/p>\n<p>[\/vc_column_text][vc_empty_space height=\u00bb25px\u00bb][\/vc_column_inner][vc_column_inner width=\u00bb1\/2&#8243;][vc_column_text]<\/p>\n<p style=\"padding-bottom: 10px; text-align: center;\"><strong>Today School Clot:<\/strong> <a href=\"tel:932444014\"><img decoding=\"async\" style=\"vertical-align: middle; padding: 0 7px;\" src=\"https:\/\/todayschool.es\/blog\/wp-content\/uploads\/2022\/06\/icon-phone-22.png\" alt=\"icon-phone\" width=\"52px\" height=\"52px\" \/><\/a><a href=\"mailto:infoclot@todayschool.es\"><img decoding=\"async\" style=\"vertical-align: middle; padding: 0 7px;\" src=\"https:\/\/todayschool.es\/blog\/wp-content\/uploads\/2022\/06\/icon-mail-22.png\" alt=\"icon-mail\" width=\"52px\" height=\"52px\" \/><\/a><\/p>\n<p>[\/vc_column_text][vc_empty_space height=\u00bb25px\u00bb][\/vc_column_inner][\/vc_row_inner][vc_column_text]<\/p>\n<p style=\"text-align: center;\"><strong style=\"font-size: 1.1em;\">Si lo prefieres, d\u00e9janos tus datos y contactaremos contigo:<\/strong><\/p>\n<p>[\/vc_column_text][vc_empty_space height=\u00bb25px\u00bb][vc_column_text]<\/p>\n<div class=\"caldera-grid\" id=\"caldera_form_1\" data-cf-ver=\"1.9.6\" data-cf-form-id=\"CF629fd86ef3e68\"><div id=\"caldera_notices_1\" data-spinner=\"https:\/\/todayschool.es\/blog\/wp-admin\/images\/spinner.gif\"><\/div><form data-instance=\"1\" class=\"CF629fd86ef3e68 caldera_forms_form cfajax-trigger\" method=\"POST\" enctype=\"multipart\/form-data\" id=\"CF629fd86ef3e68_1\" data-form-id=\"CF629fd86ef3e68\" aria-label=\"Intensivos Cambridge 2025 - esp\" data-target=\"#caldera_notices_1\" data-template=\"#cfajax_CF629fd86ef3e68-tmpl\" data-cfajax=\"CF629fd86ef3e68\" data-load-element=\"_parent\" data-load-class=\"cf_processing\" data-post-disable=\"0\" data-action=\"cf_process_ajax_submit\" data-request=\"https:\/\/todayschool.es\/es\/\/cf-api\/CF629fd86ef3e68\" data-hiderows=\"true\">\r\n<input type=\"hidden\" id=\"_cf_verify_CF629fd86ef3e68\" name=\"_cf_verify\" value=\"b3487be6a0\"  data-nonce-time=\"1775732898\" \/><input type=\"hidden\" name=\"_wp_http_referer\" value=\"\/es\/wp-json\/wp\/v2\/pages\/15527\" \/><div id=\"cf2-CF629fd86ef3e68_1\"><\/div><input type=\"hidden\" name=\"_cf_frm_id\" value=\"CF629fd86ef3e68\">\r\n<input type=\"hidden\" name=\"_cf_frm_ct\" value=\"1\">\r\n<input type=\"hidden\" name=\"cfajax\" value=\"CF629fd86ef3e68\">\r\n<input type=\"hidden\" name=\"_cf_cr_pst\" value=\"15527\">\r\n<div class=\"hide\" style=\"display:none; overflow:hidden;height:0;width:0;\">\r\n<label>Url<\/label><input type=\"text\" name=\"url\" value=\"\" autocomplete=\"off\">\r\n<\/div><div id=\"CF629fd86ef3e68_1-row-1\"  class=\"row  first_row\"><div  class=\"col-sm-3  first_col\"><div data-field-wrapper=\"fld_4439001\" class=\"form-group te-input-text\" id=\"fld_4439001_1-wrap\">\r\n\t<label id=\"fld_4439001Label\" for=\"fld_4439001_1\" class=\"control-label screen-reader-text sr-only\">Centro<\/label>\r\n\t<div class=\"\">\r\n\t\t<select name=\"fld_4439001\" value=\"\" data-field=\"fld_4439001\" class=\"form-control\" id=\"fld_4439001_1\"  required=\"required\"  aria-labelledby=\"fld_4439001Label\" >\n\t\t<option value=\"\" disabled selected>Elige tu centro<\/option>\t\t\t\t\t<option value=\"Clot\"  data-calc-value=\"Clot\" >\n\t\t\t\t\t\tClot\t\t\t\t\t<\/option>\n\t\t\t\t\t\t\t\t\t\t<option value=\"Sants\"  data-calc-value=\"Sants\" >\n\t\t\t\t\t\tSants\t\t\t\t\t<\/option>\n\t\t\t\t\t\t\t<\/select>\n\t\t\t<\/div>\r\n<\/div>\r\n<\/div><div  class=\"col-sm-3 \"><div data-field-wrapper=\"fld_1859868\" class=\"form-group te-input-text\" id=\"fld_1859868_1-wrap\">\r\n\t<label id=\"fld_1859868Label\" for=\"fld_1859868_1\" class=\"control-label screen-reader-text sr-only\">Nombre y apellidos<\/label>\r\n\t<div class=\"\">\r\n\t\t<input placeholder=\"Nombre y apellidos\"  required type=\"text\" data-field=\"fld_1859868\" class=\" form-control\" id=\"fld_1859868_1\" name=\"fld_1859868\" value=\"\" data-type=\"text\" aria-required=\"true\"   aria-labelledby=\"fld_1859868Label\" >\t\t\t<\/div>\r\n<\/div>\r\n<\/div><div  class=\"col-sm-3 \"><div data-field-wrapper=\"fld_3149909\" class=\"form-group te-input-text\" id=\"fld_3149909_1-wrap\">\r\n\t<label id=\"fld_3149909Label\" for=\"fld_3149909_1\" class=\"control-label screen-reader-text sr-only\">Tel\u00e9fono<\/label>\r\n\t<div class=\"\">\r\n\t\t<input placeholder=\"Tel\u00e9fono\"   type=\"text\" data-field=\"fld_3149909\" class=\" form-control\" id=\"fld_3149909_1\" name=\"fld_3149909\" value=\"\" data-type=\"text\"   aria-labelledby=\"fld_3149909Label\" >\t\t\t<\/div>\r\n<\/div>\r\n<\/div><div  class=\"col-sm-3  last_col\"><div data-field-wrapper=\"fld_6900220\" class=\"form-group te-input-text\" id=\"fld_6900220_1-wrap\">\r\n\t<label id=\"fld_6900220Label\" for=\"fld_6900220_1\" class=\"control-label screen-reader-text sr-only\">E-mail<\/label>\r\n\t<div class=\"\">\r\n\t\t<input placeholder=\"E-mail\"  required type=\"email\" data-field=\"fld_6900220\" class=\" form-control\" id=\"fld_6900220_1\" name=\"fld_6900220\" value=\"\" data-type=\"email\" aria-required=\"true\"   aria-labelledby=\"fld_6900220Label\" >\t\t\t<\/div>\r\n<\/div>\r\n<\/div><\/div><div id=\"CF629fd86ef3e68_1-row-2\"  class=\"row \"><div  class=\"col-sm-3  first_col\"><div data-field-wrapper=\"fld_8026847\" class=\"form-group\" id=\"fld_8026847_1-wrap\">\r\n\t<label id=\"fld_8026847Label\" for=\"fld_8026847_1\" class=\"control-label\">Quiero m\u00e1s informaci\u00f3n sobre... <span aria-hidden=\"true\" role=\"presentation\" class=\"field_required\" style=\"color:#ee0000;\">*<\/span><\/label>\r\n\t<div class=\"\">\r\n\t\t\t\t\t\t\t\t\t\t\t<div class=\"checkbox\">\n\t\t\t\t\n                <label                         for=\"fld_8026847_1_opt1380452\"\n                >\n                            <input\n                                data-parsley-required=\"true\" data-parsley-group=\"fld_8026847_1\" data-parsley-multiple=\"fld_8026847_1\"                                type=\"checkbox\"\n                                data-label=\"First\"\n                                data-field=\"fld_8026847\"\n                                id=\"fld_8026847_1_opt1380452\"\n                                class=\"fld_8026847_1 option-required\"\n                                name=\"fld_8026847[opt1380452]\"\n                                value=\"First\"\n                                                                data-type=\"checkbox\"\n                                data-checkbox-field=\"fld_8026847_1\"\n                                                                data-calc-value=\"First\"\n                            >\n                    First                <\/label>\n\n                \t\t\t\t\t<\/div>\n\t\t\t\t\t\t\t\t\t\t\t\t\t\t\t\t\t<div class=\"checkbox\">\n\t\t\t\t\n                <label                         for=\"fld_8026847_1_opt1882938\"\n                >\n                            <input\n                                data-parsley-required=\"true\" data-parsley-group=\"fld_8026847_1\" data-parsley-multiple=\"fld_8026847_1\"                                type=\"checkbox\"\n                                data-label=\"Advanced\"\n                                data-field=\"fld_8026847\"\n                                id=\"fld_8026847_1_opt1882938\"\n                                class=\"fld_8026847_1 option-required\"\n                                name=\"fld_8026847[opt1882938]\"\n                                value=\"Advanced\"\n                                                                data-type=\"checkbox\"\n                                data-checkbox-field=\"fld_8026847_1\"\n                                                                data-calc-value=\"Advanced\"\n                            >\n                    Advanced                <\/label>\n\n                \t\t\t\t\t<\/div>\n\t\t\t\t\t\t\t\t\t\t\t<\/div>\r\n<\/div>\r\n<\/div><div  class=\"col-sm-9  last_col\"><div data-field-wrapper=\"fld_5042133\" class=\"form-group te-input-text\" id=\"fld_5042133_1-wrap\">\r\n\t<label id=\"fld_5042133Label\" for=\"fld_5042133_1\" class=\"control-label screen-reader-text sr-only\">Mensaje<\/label>\r\n\t<div class=\"\">\r\n\t\t<textarea name=\"fld_5042133\" value=\"\" data-field=\"fld_5042133\" class=\"form-control\" id=\"fld_5042133_1\" rows=\"4\" placeholder=\"Escribe aqu\u00ed tu mensaje\"    aria-labelledby=\"fld_5042133Label\" ><\/textarea>\n\t\t\t<\/div>\r\n<\/div>\r\n<\/div><\/div><div id=\"CF629fd86ef3e68_1-row-3\"  class=\"row  last_row\"><div  class=\"col-sm-3  first_col\"><div data-field-wrapper=\"fld_6452402\" class=\"form-group te-input-boto\" id=\"fld_6452402_1-wrap\">\r\n<div class=\"\">\r\n\t<input  class=\"btn btn-default\" type=\"submit\" name=\"fld_6452402\" id=\"fld_6452402_1\" value=\"Enviar\" data-field=\"fld_6452402\"  >\n<\/div>\r\n<\/div>\r\n\t<input class=\"button_trigger_1\" type=\"hidden\" name=\"fld_6452402\" id=\"fld_6452402_1_btn\" value=\"\" data-field=\"fld_6452402\"  \/>\n<\/div><div  class=\"col-sm-9  last_col\"><div data-field-wrapper=\"fld_783605\" class=\"form-group\" id=\"fld_783605_1-wrap\">\r\n<div class=\"\">\r\n\n<div class=\"checkbox-inline caldera-forms-consent-field\">\n    <input data-parsley-required=\"true\" data-parsley-group=\"fld_783605_1\" data-parsley-multiple=\"fld_783605_1\"        type=\"checkbox\" data-label=\"Accepto\"\n        data-field=\"fld_783605\"\n        id=\"fld_783605_1\"\n        class=\"fld_783605_1 option-required\"\n        name=\"fld_783605\"\n        value=\"1\"\n        data-type=\"checkbox\"\n        data-checkbox-field=\"fld_783605_1\"\n    >\n    <label for=\"fld_783605_1\"\n           class=\"caldera-forms-gdpr-field-label\"\n           style=\"display:inline; margin-left: 0.5rem;\"\n    >\n                <p\n            class=\"caldera-forms-consent-field-agreement\"\n        >\n            He le\u00eddo y acepto la        <\/p>\n        <a href=\"https:\/\/todayschool.es\/politica-de-privacitat\/\"\n           target=\"_blank\"\n                title=\"P\u00e1gina de pol\u00edtica de privacidad\"\n            class=\"caldera-forms-consent-field-linked_text\"\n            >\n            Pol\u00edtica de privacidad        <\/a>\n    <\/label>\n    <span style=\"color:#ff0000;\">*<\/span>\n<\/div>\n\n<\/div>\r\n<\/div>\r\n<\/div><\/div><\/form>\r\n<\/div>\r\n\n<p>[\/vc_column_text][vc_empty_space height=\u00bb25px\u00bb][\/vc_column][\/vc_row]<\/p>\n<\/div>","protected":false},"excerpt":{"rendered":"<p>[vc_row row_type=\u00bbrow\u00bb use_row_as_full_screen_section=\u00bbno\u00bb type=\u00bbfull_width\u00bb text_align=\u00bbleft\u00bb background_animation=\u00bbnone\u00bb css_animation=\u00bb\u00bb background_color=\u00bb#3387df\u00bb][vc_column width=\u00bb1\/2&#8243; css=\u00bb.vc_custom_1591827015579{margin-top: 0px !important;margin-right: 0px !important;margin-bottom: 0px !important;margin-left: 0px !important;padding-top: 0px !important;padding-bottom: 0px !important;padding-left: 0px !important;}\u00bb][vc_single_image image=\u00bb15562&#8243; img_size=\u00bbfull\u00bb alignment=\u00bbright\u00bb qode_css_animation=\u00bb\u00bb][\/vc_column][vc_column width=\u00bb1\/2&#8243; css=\u00bb.vc_custom_1591827027620{margin-top: 0px !important;margin-right: 0px !important;margin-bottom: 0px !important;margin-left: 0px !important;padding-top: 0px !important;padding-right: 0px !important;padding-bottom: 0px !important;padding-left: 0px&#8230;<\/p>\n","protected":false},"author":20,"featured_media":15562,"parent":0,"menu_order":0,"comment_status":"closed","ping_status":"closed","template":"full_width.php","meta":{"jetpack_post_was_ever_published":false,"footnotes":"","_links_to":"","_links_to_target":""},"class_list":["post-15527","page","type-page","status-publish","has-post-thumbnail","hentry"],"jetpack_shortlink":"https:\/\/wp.me\/P7Y5cw-42r","jetpack_sharing_enabled":false,"jetpack_likes_enabled":false,"_links":{"self":[{"href":"https:\/\/todayschool.es\/es\/wp-json\/wp\/v2\/pages\/15527","targetHints":{"allow":["GET"]}}],"collection":[{"href":"https:\/\/todayschool.es\/es\/wp-json\/wp\/v2\/pages"}],"about":[{"href":"https:\/\/todayschool.es\/es\/wp-json\/wp\/v2\/types\/page"}],"author":[{"embeddable":true,"href":"https:\/\/todayschool.es\/es\/wp-json\/wp\/v2\/users\/20"}],"replies":[{"embeddable":true,"href":"https:\/\/todayschool.es\/es\/wp-json\/wp\/v2\/comments?post=15527"}],"version-history":[{"count":13,"href":"https:\/\/todayschool.es\/es\/wp-json\/wp\/v2\/pages\/15527\/revisions"}],"predecessor-version":[{"id":18143,"href":"https:\/\/todayschool.es\/es\/wp-json\/wp\/v2\/pages\/15527\/revisions\/18143"}],"wp:featuredmedia":[{"embeddable":true,"href":"https:\/\/todayschool.es\/es\/wp-json\/wp\/v2\/media\/15562"}],"wp:attachment":[{"href":"https:\/\/todayschool.es\/es\/wp-json\/wp\/v2\/media?parent=15527"}],"curies":[{"name":"wp","href":"https:\/\/api.w.org\/{rel}","templated":true}]}}