{"id":13411,"date":"2020-10-01T16:12:24","date_gmt":"2020-10-01T14:12:24","guid":{"rendered":"https:\/\/todayschool.es\/?page_id=13411"},"modified":"2020-10-01T16:51:39","modified_gmt":"2020-10-01T14:51:39","slug":"cursos-de-ingles-intensivos-en-barcelona","status":"publish","type":"page","link":"https:\/\/todayschool.es\/es\/cursos-de-ingles-intensivos-en-barcelona\/","title":{"rendered":"Disponemos de eficaces cursos de ingl\u00e9s intensivos en Barcelona"},"content":{"rendered":"<div class=\"wpb-content-wrapper\"><p>[vc_row row_type=\u00bbrow\u00bb use_row_as_full_screen_section=\u00bbno\u00bb type=\u00bbfull_width\u00bb text_align=\u00bbleft\u00bb background_animation=\u00bbnone\u00bb css_animation=\u00bb\u00bb][vc_column][vc_column_text]La mejor forma de lograr un mejor nivel en poco tiempo son los<strong> cursos de ingl\u00e9s intensivos en Barcelona<\/strong> que impartimos en Today School, puesto que somos un centro formativo avalado por la experiencia que te ofrece una gran variedad de propuestas seg\u00fan tu nivel y el tiempo del que dispones, por eso son muchas las personas que conf\u00edan en nuestra capacidad para ayudarles a conseguir la fluidez que buscan a todos los niveles.<\/p>\n<p>Contamos con diferentes opciones de cursos <a href=\"https:\/\/todayschool.es\/es\/intensivos-de-verano-2020\/\">intensivos de verano en 2020<\/a> para que aproveches estos meses de descanso y mejores tu nivel de ingl\u00e9s de forma divertida. Sin duda encontrar\u00e1s muy interesante nuestra propuesta porque en ella contemplamos el contar con un profesor experto y jefes de estudio que hacen evaluaciones continuas de tu aprendizaje, para orientarte y adaptar la formaci\u00f3n a la que accedes a tus necesidades concretas.<\/p>\n<p>&nbsp;<\/p>\n<h2><img loading=\"lazy\" decoding=\"async\" data-attachment-id=\"13417\" data-permalink=\"https:\/\/todayschool.es\/es\/cursos-de-ingles-intensivos-en-barcelona\/waldemar-brandt-u3ptj3jafx8-unsplash\/\" data-orig-file=\"https:\/\/todayschool.es\/blog\/wp-content\/uploads\/2020\/10\/waldemar-brandt-U3Ptj3jafX8-unsplash.jpg\" data-orig-size=\"1200,800\" data-comments-opened=\"1\" data-image-meta=\"{&quot;aperture&quot;:&quot;0&quot;,&quot;credit&quot;:&quot;&quot;,&quot;camera&quot;:&quot;&quot;,&quot;caption&quot;:&quot;&quot;,&quot;created_timestamp&quot;:&quot;0&quot;,&quot;copyright&quot;:&quot;&quot;,&quot;focal_length&quot;:&quot;0&quot;,&quot;iso&quot;:&quot;0&quot;,&quot;shutter_speed&quot;:&quot;0&quot;,&quot;title&quot;:&quot;&quot;,&quot;orientation&quot;:&quot;0&quot;}\" data-image-title=\"waldemar-brandt-U3Ptj3jafX8-unsplash\" data-image-description=\"\" data-image-caption=\"\" data-medium-file=\"https:\/\/todayschool.es\/blog\/wp-content\/uploads\/2020\/10\/waldemar-brandt-U3Ptj3jafX8-unsplash-300x200.jpg\" data-large-file=\"https:\/\/todayschool.es\/blog\/wp-content\/uploads\/2020\/10\/waldemar-brandt-U3Ptj3jafX8-unsplash-600x400.jpg\" class=\"aligncenter wp-image-13417 size-large\" src=\"https:\/\/todayschool.es\/blog\/wp-content\/uploads\/2020\/10\/waldemar-brandt-U3Ptj3jafX8-unsplash-600x400.jpg\" alt=\"cursos de ingl\u00e9s intensivos en Barcelona\" width=\"600\" height=\"400\" srcset=\"https:\/\/todayschool.es\/blog\/wp-content\/uploads\/2020\/10\/waldemar-brandt-U3Ptj3jafX8-unsplash-600x400.jpg 600w, https:\/\/todayschool.es\/blog\/wp-content\/uploads\/2020\/10\/waldemar-brandt-U3Ptj3jafX8-unsplash-300x200.jpg 300w, https:\/\/todayschool.es\/blog\/wp-content\/uploads\/2020\/10\/waldemar-brandt-U3Ptj3jafX8-unsplash-768x512.jpg 768w, https:\/\/todayschool.es\/blog\/wp-content\/uploads\/2020\/10\/waldemar-brandt-U3Ptj3jafX8-unsplash-700x467.jpg 700w, https:\/\/todayschool.es\/blog\/wp-content\/uploads\/2020\/10\/waldemar-brandt-U3Ptj3jafX8-unsplash-1100x733.jpg 1100w, https:\/\/todayschool.es\/blog\/wp-content\/uploads\/2020\/10\/waldemar-brandt-U3Ptj3jafX8-unsplash.jpg 1200w\" sizes=\"auto, (max-width: 600px) 100vw, 600px\" \/><\/h2>\n<h2>Nuestros cursos de ingl\u00e9s intensivos en Barcelona te ayudar\u00e1n a mejorar tu nivel r\u00e1pidamente<\/h2>\n<p>&nbsp;<\/p>\n<p>Entre nuestra oferta de clases de ingl\u00e9s en Barcelona intensivas encontrar\u00e1s modelos orientados para avanzar un nivel, mejorar tu capacidad de comunicaci\u00f3n oral, que los peque\u00f1os se diviertan mientras aprenden, para reforzar sus conocimientos de ESO y Bachillerato o para obtener los certificados de Cambridge First o Advanced que acrediten tus capacidades en este idioma.<\/p>\n<p>En Today School incorporamos las nuevas tecnolog\u00edas a nuestra propuesta de formaci\u00f3n con clases por videoconferencia y una gran cantidad de material disponible online que te ayudar\u00e1n a mejorar tus habilidades de lectura, escritura, entendimiento y expresi\u00f3n oral, as\u00ed como en el uso del ingl\u00e9s a todos los niveles.<\/p>\n<p>Puedes consultar nuestros cursos en el sitio web de Today School o bien visitar cualquiera de nuestras sedes, te informaremos de forma personalizada de las mejores alternativas para ti.[\/vc_column_text][vc_empty_space height=\u00bb80px\u00bb][\/vc_column][\/vc_row][vc_row row_type=\u00bbrow\u00bb use_row_as_full_screen_section=\u00bbno\u00bb type=\u00bbfull_width\u00bb text_align=\u00bbleft\u00bb background_animation=\u00bbnone\u00bb css_animation=\u00bb\u00bb][vc_column width=\u00bb1\/3&#8243; css=\u00bb.vc_custom_1475349581883{padding-top: 20px !important;}\u00bb][vc_column_text el_class=\u00bbts-color1&#8243;]<\/p>\n<h3>Today School &#8211; Clot<\/h3>\n<p>[\/vc_column_text][vc_separator type=\u00bbsmall\u00bb position=\u00bbleft\u00bb border_style=\u00bbsolid\u00bb width=\u00bb100&#8243;][vc_single_image image=\u00bb6838&#8243; img_size=\u00bbfull\u00bb qode_css_animation=\u00bb\u00bb]<div class='q_icon_with_title small normal_icon'><div class=\"icon_holder \" style=\" \"><div class=\"icon_holder_inner\"><span style=\"\" class=\"q_font_awsome_icon fa-2x \"><i class=\"icon_text_icon fa fa-map-marker\"><\/i><\/span><\/div><\/div><div class=\"icon_text_holder\" style=\"\"><div class=\"icon_text_inner\" style=\"\"><h4 class=\"icon_title\" style=\"\"><\/h4><p style=''>C\/. Val\u00e8ncia, 610. 08026 Barcelona<\/p><\/div><\/div><\/div><div class='q_icon_with_title small normal_icon'><div class=\"icon_holder \" style=\" \"><div class=\"icon_holder_inner\"><span style=\"\" class=\"q_font_awsome_icon fa-2x \"><i class=\"icon_text_icon fa fa-phone\"><\/i><\/span><\/div><\/div><div class=\"icon_text_holder\" style=\"\"><div class=\"icon_text_inner\" style=\"\"><h4 class=\"icon_title\" style=\"\"><\/h4><p style=''>(+34) 93 244 40 14<\/p><\/div><\/div><\/div><div class='q_icon_with_title small normal_icon'><div class=\"icon_holder \" style=\" \"><div class=\"icon_holder_inner\"><span style=\"\" class=\"q_font_awsome_icon fa-2x \"><i class=\"icon_text_icon fa fa-envelope-o\"><\/i><\/span><\/div><\/div><div class=\"icon_text_holder\" style=\"\"><div class=\"icon_text_inner\" style=\"\"><h4 class=\"icon_title\" style=\"\"><\/h4><p style=''>infoclot@todayschool.es<\/p><\/div><\/div><\/div><div class='q_icon_with_title   with_custom_icon'><div class=\"icon_holder \" style=\" \"><div class=\"icon_holder_inner\"><img loading=\"lazy\" decoding=\"async\" width=\"26\" height=\"20\" src=\"https:\/\/todayschool.es\/blog\/wp-content\/uploads\/2016\/07\/ico-metro-20.png\" class=\"attachment-full size-full\" alt=\"\" data-attachment-id=\"24\" data-permalink=\"https:\/\/todayschool.es\/es\/ico-metro-20\/\" data-orig-file=\"https:\/\/todayschool.es\/blog\/wp-content\/uploads\/2016\/07\/ico-metro-20.png\" data-orig-size=\"26,20\" data-comments-opened=\"1\" data-image-meta=\"{&quot;aperture&quot;:&quot;0&quot;,&quot;credit&quot;:&quot;&quot;,&quot;camera&quot;:&quot;&quot;,&quot;caption&quot;:&quot;&quot;,&quot;created_timestamp&quot;:&quot;0&quot;,&quot;copyright&quot;:&quot;&quot;,&quot;focal_length&quot;:&quot;0&quot;,&quot;iso&quot;:&quot;0&quot;,&quot;shutter_speed&quot;:&quot;0&quot;,&quot;title&quot;:&quot;&quot;,&quot;orientation&quot;:&quot;0&quot;}\" data-image-title=\"ico-metro-20\" data-image-description=\"\" data-image-caption=\"\" data-medium-file=\"https:\/\/todayschool.es\/blog\/wp-content\/uploads\/2016\/07\/ico-metro-20.png\" data-large-file=\"https:\/\/todayschool.es\/blog\/wp-content\/uploads\/2016\/07\/ico-metro-20.png\" \/><\/div><\/div><div class=\"icon_text_holder\" style=\"\"><div class=\"icon_text_inner\" style=\"\"><h4 class=\"icon_title\" style=\"\"><\/h4><p style=''>Clot (L1 + L2)<\/p><\/div><\/div><\/div><div class='q_icon_with_title   with_custom_icon'><div class=\"icon_holder \" style=\" \"><div class=\"icon_holder_inner\"><img loading=\"lazy\" decoding=\"async\" width=\"20\" height=\"20\" src=\"https:\/\/todayschool.es\/blog\/wp-content\/uploads\/2016\/07\/ico-bus-20.png\" class=\"attachment-full size-full\" alt=\"\" data-attachment-id=\"6684\" data-permalink=\"https:\/\/todayschool.es\/es\/ico-bus-20\/\" data-orig-file=\"https:\/\/todayschool.es\/blog\/wp-content\/uploads\/2016\/07\/ico-bus-20.png\" data-orig-size=\"20,20\" data-comments-opened=\"1\" data-image-meta=\"{&quot;aperture&quot;:&quot;0&quot;,&quot;credit&quot;:&quot;&quot;,&quot;camera&quot;:&quot;&quot;,&quot;caption&quot;:&quot;&quot;,&quot;created_timestamp&quot;:&quot;0&quot;,&quot;copyright&quot;:&quot;&quot;,&quot;focal_length&quot;:&quot;0&quot;,&quot;iso&quot;:&quot;0&quot;,&quot;shutter_speed&quot;:&quot;0&quot;,&quot;title&quot;:&quot;&quot;,&quot;orientation&quot;:&quot;0&quot;}\" data-image-title=\"ico-bus-20\" data-image-description=\"\" data-image-caption=\"\" data-medium-file=\"https:\/\/todayschool.es\/blog\/wp-content\/uploads\/2016\/07\/ico-bus-20.png\" data-large-file=\"https:\/\/todayschool.es\/blog\/wp-content\/uploads\/2016\/07\/ico-bus-20.png\" \/><\/div><\/div><div class=\"icon_text_holder\" style=\"\"><div class=\"icon_text_inner\" style=\"\"><h4 class=\"icon_title\" style=\"\"><\/h4><p style=''>33 \/ 34 \/ 35 \/ 43 \/ 44 \/ B20 \/ B24 \/ N9<\/p><\/div><\/div><\/div>[vc_empty_space height=\u00bb20px\u00bb][vc_gmaps link=\u00bb#E-8_JTNDaWZyYW1lJTIwc3JjJTNEJTIyaHR0cHMlM0ElMkYlMkZ3d3cuZ29vZ2xlLmNvbSUyRm1hcHMlMkZlbWJlZCUzRnBiJTNEJTIxMW0xOCUyMTFtMTIlMjExbTMlMjExZDI5OTIuMzY3MDgwOTUzMTg4JTIxMmQyLjE4Mzc0NTIxNTQ5NjA0OTUlMjEzZDQxLjQwOTU0OTU3OTI2MjEzJTIxMm0zJTIxMWYwJTIxMmYwJTIxM2YwJTIxM20yJTIxMWkxMDI0JTIxMmk3NjglMjE0ZjEzLjElMjEzbTMlMjExbTIlMjExczB4MTJhNDk4OGY0MDhiNzVhMSUyNTNBMHg4Y2UzOTllNWE1ZjI2ZjJmJTIxMnNUb2RheSUyQlNjaG9vbCUyMTVlMCUyMTNtMiUyMTFzZXMlMjEyc2VzJTIxNHYxNDg2MTQzMDk0OTEyJTIyJTIwd2lkdGglM0QlMjI2MDAlMjIlMjBoZWlnaHQlM0QlMjI0ODAlMjIlMjBmcmFtZWJvcmRlciUzRCUyMjAlMjIlMjBzdHlsZSUzRCUyMmJvcmRlciUzQTAlMjIlMjBhbGxvd2Z1bGxzY3JlZW4lM0UlM0MlMkZpZnJhbWUlM0U=\u00bb][\/vc_column][vc_column width=\u00bb1\/3&#8243; css=\u00bb.vc_custom_1475349572723{padding-top: 20px !important;}\u00bb][vc_column_text el_class=\u00bbts-color2&#8243;]<\/p>\n<h3>Today School &#8211; Sants<\/h3>\n<p>[\/vc_column_text][vc_separator type=\u00bbsmall\u00bb position=\u00bbleft\u00bb border_style=\u00bbsolid\u00bb width=\u00bb100&#8243;][vc_single_image image=\u00bb7695&#8243; img_size=\u00bbfull\u00bb qode_css_animation=\u00bb\u00bb]<div class='q_icon_with_title small normal_icon'><div class=\"icon_holder \" style=\" \"><div class=\"icon_holder_inner\"><span style=\"\" class=\"q_font_awsome_icon fa-2x \"><i class=\"icon_text_icon fa fa-map-marker\"><\/i><\/span><\/div><\/div><div class=\"icon_text_holder\" style=\"\"><div class=\"icon_text_inner\" style=\"\"><h4 class=\"icon_title\" style=\"\"><\/h4><p style=''>C\/. Sants, 131. 1\u00ba, 08028 Barcelona<\/p><\/div><\/div><\/div><div class='q_icon_with_title small normal_icon'><div class=\"icon_holder \" style=\" \"><div class=\"icon_holder_inner\"><span style=\"\" class=\"q_font_awsome_icon fa-2x \"><i class=\"icon_text_icon fa fa-phone\"><\/i><\/span><\/div><\/div><div class=\"icon_text_holder\" style=\"\"><div class=\"icon_text_inner\" style=\"\"><h4 class=\"icon_title\" style=\"\"><\/h4><p style=''>(+34) 93 490 56 36<\/p><\/div><\/div><\/div><div class='q_icon_with_title small normal_icon'><div class=\"icon_holder \" style=\" \"><div class=\"icon_holder_inner\"><span style=\"\" class=\"q_font_awsome_icon fa-2x \"><i class=\"icon_text_icon fa fa-envelope-o\"><\/i><\/span><\/div><\/div><div class=\"icon_text_holder\" style=\"\"><div class=\"icon_text_inner\" style=\"\"><h4 class=\"icon_title\" style=\"\"><\/h4><p style=''>sants@todayschool.es<\/p><\/div><\/div><\/div><div class='q_icon_with_title   with_custom_icon'><div class=\"icon_holder \" style=\" \"><div class=\"icon_holder_inner\"><img loading=\"lazy\" decoding=\"async\" width=\"26\" height=\"20\" src=\"https:\/\/todayschool.es\/blog\/wp-content\/uploads\/2016\/07\/ico-metro-20.png\" class=\"attachment-full size-full\" alt=\"\" data-attachment-id=\"24\" data-permalink=\"https:\/\/todayschool.es\/es\/ico-metro-20\/\" data-orig-file=\"https:\/\/todayschool.es\/blog\/wp-content\/uploads\/2016\/07\/ico-metro-20.png\" data-orig-size=\"26,20\" data-comments-opened=\"1\" data-image-meta=\"{&quot;aperture&quot;:&quot;0&quot;,&quot;credit&quot;:&quot;&quot;,&quot;camera&quot;:&quot;&quot;,&quot;caption&quot;:&quot;&quot;,&quot;created_timestamp&quot;:&quot;0&quot;,&quot;copyright&quot;:&quot;&quot;,&quot;focal_length&quot;:&quot;0&quot;,&quot;iso&quot;:&quot;0&quot;,&quot;shutter_speed&quot;:&quot;0&quot;,&quot;title&quot;:&quot;&quot;,&quot;orientation&quot;:&quot;0&quot;}\" data-image-title=\"ico-metro-20\" data-image-description=\"\" data-image-caption=\"\" data-medium-file=\"https:\/\/todayschool.es\/blog\/wp-content\/uploads\/2016\/07\/ico-metro-20.png\" data-large-file=\"https:\/\/todayschool.es\/blog\/wp-content\/uploads\/2016\/07\/ico-metro-20.png\" \/><\/div><\/div><div class=\"icon_text_holder\" style=\"\"><div class=\"icon_text_inner\" style=\"\"><h4 class=\"icon_title\" style=\"\"><\/h4><p style=''>P\u00e7a. de Sants (L1 + L5)<\/p><\/div><\/div><\/div><div class='q_icon_with_title   with_custom_icon'><div class=\"icon_holder \" style=\" \"><div class=\"icon_holder_inner\"><img loading=\"lazy\" decoding=\"async\" width=\"20\" height=\"20\" src=\"https:\/\/todayschool.es\/blog\/wp-content\/uploads\/2016\/07\/ico-bus-20.png\" class=\"attachment-full size-full\" alt=\"\" data-attachment-id=\"6684\" data-permalink=\"https:\/\/todayschool.es\/es\/ico-bus-20\/\" data-orig-file=\"https:\/\/todayschool.es\/blog\/wp-content\/uploads\/2016\/07\/ico-bus-20.png\" data-orig-size=\"20,20\" data-comments-opened=\"1\" data-image-meta=\"{&quot;aperture&quot;:&quot;0&quot;,&quot;credit&quot;:&quot;&quot;,&quot;camera&quot;:&quot;&quot;,&quot;caption&quot;:&quot;&quot;,&quot;created_timestamp&quot;:&quot;0&quot;,&quot;copyright&quot;:&quot;&quot;,&quot;focal_length&quot;:&quot;0&quot;,&quot;iso&quot;:&quot;0&quot;,&quot;shutter_speed&quot;:&quot;0&quot;,&quot;title&quot;:&quot;&quot;,&quot;orientation&quot;:&quot;0&quot;}\" data-image-title=\"ico-bus-20\" data-image-description=\"\" data-image-caption=\"\" data-medium-file=\"https:\/\/todayschool.es\/blog\/wp-content\/uploads\/2016\/07\/ico-bus-20.png\" data-large-file=\"https:\/\/todayschool.es\/blog\/wp-content\/uploads\/2016\/07\/ico-bus-20.png\" \/><\/div><\/div><div class=\"icon_text_holder\" style=\"\"><div class=\"icon_text_inner\" style=\"\"><h4 class=\"icon_title\" style=\"\"><\/h4><p style=''>56 \/ 57 \/ 153 \/ 157 \/ N14 \/ N2<\/p><\/div><\/div><\/div>[vc_empty_space height=\u00bb20px\u00bb][vc_gmaps link=\u00bb#E-8_JTNDaWZyYW1lJTIwc3JjJTNEJTIyaHR0cHMlM0ElMkYlMkZ3d3cuZ29vZ2xlLmNvbSUyRm1hcHMlMkZlbWJlZCUzRnBiJTNEJTIxMW0xOCUyMTFtMTIlMjExbTMlMjExZDI5OTMuOTQyMTMxMzEyMzg3NiUyMTJkMi4xMzE4NzQ5MTU0OTUwMDclMjEzZDQxLjM3NTM0MTk3OTI2NTIlMjEybTMlMjExZjAlMjEyZjAlMjEzZjAlMjEzbTIlMjExaTEwMjQlMjEyaTc2OCUyMTRmMTMuMSUyMTNtMyUyMTFtMiUyMTFzMHgxMmE0OTg4ZjQwNWNmY2Y1JTI1M0EweGJjMzJhNTlkZWFhMWU3ZWYlMjEyc1RvZGF5JTJCU2Nob29sJTJCU2FudHMlMjE1ZTAlMjEzbTIlMjExc2VzJTIxMnNlcyUyMTR2MTQ4NjE0Mjk1MDMzMCUyMiUyMHdpZHRoJTNEJTIyNjAwJTIyJTIwaGVpZ2h0JTNEJTIyNDgwJTIyJTIwZnJhbWVib3JkZXIlM0QlMjIwJTIyJTIwc3R5bGUlM0QlMjJib3JkZXIlM0EwJTIyJTIwYWxsb3dmdWxsc2NyZWVuJTNFJTNDJTJGaWZyYW1lJTNF\u00bb][\/vc_column][vc_column width=\u00bb1\/3&#8243; el_class=\u00bbts-boxed\u00bb][vc_column_text]<\/p>\n<h3>Escr\u00edbenos!<\/h3>\n<p>[\/vc_column_text][vc_separator type=\u00bbsmall\u00bb position=\u00bbleft\u00bb border_style=\u00bbsolid\u00bb width=\u00bb100&#8243;]\n<div class=\"wpcf7 no-js\" id=\"wpcf7-f7541-o1\" lang=\"ca\" dir=\"ltr\" data-wpcf7-id=\"7541\">\n<div class=\"screen-reader-response\"><p role=\"status\" aria-live=\"polite\" aria-atomic=\"true\"><\/p> <ul><\/ul><\/div>\n<form action=\"\/es\/wp-json\/wp\/v2\/pages\/13411#wpcf7-f7541-o1\" method=\"post\" class=\"wpcf7-form init cf7_custom_style_1\" aria-label=\"Formulari de contacte\" novalidate=\"novalidate\" data-status=\"init\">\n<fieldset class=\"hidden-fields-container\"><input type=\"hidden\" name=\"_wpcf7\" value=\"7541\" \/><input type=\"hidden\" name=\"_wpcf7_version\" value=\"6.1.5\" \/><input type=\"hidden\" name=\"_wpcf7_locale\" value=\"ca\" \/><input type=\"hidden\" name=\"_wpcf7_unit_tag\" value=\"wpcf7-f7541-o1\" \/><input type=\"hidden\" name=\"_wpcf7_container_post\" value=\"0\" \/><input type=\"hidden\" name=\"_wpcf7_posted_data_hash\" value=\"\" \/><input type=\"hidden\" name=\"_wpcf7_recaptcha_response\" value=\"\" \/>\n<\/fieldset>\n<p>Selecciona uno de los centros<br \/>\n<span class=\"wpcf7-form-control-wrap\" data-name=\"recipient\"><select class=\"wpcf7-form-control wpcf7-select wpcf7-validates-as-required\" id=\"recipient\" aria-required=\"true\" aria-invalid=\"false\" name=\"recipient\"><option value=\"Clot\">Clot<\/option><option value=\"Sants\">Sants<\/option><\/select><\/span>\n<\/p>\n<p><span class=\"wpcf7-form-control-wrap\" data-name=\"nom\"><input size=\"40\" maxlength=\"400\" class=\"wpcf7-form-control wpcf7-text wpcf7-validates-as-required\" aria-required=\"true\" aria-invalid=\"false\" placeholder=\"Nombre y apellidos (requerido)\" value=\"\" type=\"text\" name=\"nom\" \/><\/span>\n<\/p>\n<p><span class=\"wpcf7-form-control-wrap\" data-name=\"email\"><input size=\"40\" maxlength=\"400\" class=\"wpcf7-form-control wpcf7-email wpcf7-validates-as-required wpcf7-text wpcf7-validates-as-email\" aria-required=\"true\" aria-invalid=\"false\" placeholder=\"Correo electr\u00f3nico (requerido)\" value=\"\" type=\"email\" name=\"email\" \/><\/span>\n<\/p>\n<p><span class=\"wpcf7-form-control-wrap\" data-name=\"telefon\"><input size=\"40\" maxlength=\"400\" class=\"wpcf7-form-control wpcf7-tel wpcf7-text wpcf7-validates-as-tel\" aria-invalid=\"false\" placeholder=\"Tel\u00e9fono\" value=\"\" type=\"tel\" name=\"telefon\" \/><\/span>\n<\/p>\n<p>Tipo de curso<br \/>\n<span class=\"wpcf7-form-control-wrap\" data-name=\"cursos\"><span class=\"wpcf7-form-control wpcf7-checkbox\"><span class=\"wpcf7-list-item first\"><label><input type=\"checkbox\" name=\"cursos[]\" value=\"Littles\" \/><span class=\"wpcf7-list-item-label\">Littles<\/span><\/label><\/span><span class=\"wpcf7-list-item\"><label><input type=\"checkbox\" name=\"cursos[]\" value=\"Ni\u00f1os\" \/><span class=\"wpcf7-list-item-label\">Ni\u00f1os<\/span><\/label><\/span><span class=\"wpcf7-list-item\"><label><input type=\"checkbox\" name=\"cursos[]\" value=\"Adolescentes\" \/><span class=\"wpcf7-list-item-label\">Adolescentes<\/span><\/label><\/span><span class=\"wpcf7-list-item\"><label><input type=\"checkbox\" name=\"cursos[]\" value=\"Adultos\" \/><span class=\"wpcf7-list-item-label\">Adultos<\/span><\/label><\/span><span class=\"wpcf7-list-item\"><label><input type=\"checkbox\" name=\"cursos[]\" value=\"Cambridge\" \/><span class=\"wpcf7-list-item-label\">Cambridge<\/span><\/label><\/span><span class=\"wpcf7-list-item\"><label><input type=\"checkbox\" name=\"cursos[]\" value=\"Conversaci\u00f3n\" \/><span class=\"wpcf7-list-item-label\">Conversaci\u00f3n<\/span><\/label><\/span><span class=\"wpcf7-list-item\"><label><input type=\"checkbox\" name=\"cursos[]\" value=\"Communication Courses\" \/><span class=\"wpcf7-list-item-label\">Communication Courses<\/span><\/label><\/span><span class=\"wpcf7-list-item\"><label><input type=\"checkbox\" name=\"cursos[]\" value=\"Empresa\" \/><span class=\"wpcf7-list-item-label\">Empresa<\/span><\/label><\/span><span class=\"wpcf7-list-item\"><label><input type=\"checkbox\" name=\"cursos[]\" value=\"Particulares\" \/><span class=\"wpcf7-list-item-label\">Particulares<\/span><\/label><\/span><span class=\"wpcf7-list-item last\"><label><input type=\"checkbox\" name=\"cursos[]\" value=\"Intensivos\" \/><span class=\"wpcf7-list-item-label\">Intensivos<\/span><\/label><\/span><\/span><\/span>\n<\/p>\n<p><span class=\"wpcf7-form-control-wrap\" data-name=\"missatge\"><textarea cols=\"40\" rows=\"10\" maxlength=\"2000\" class=\"wpcf7-form-control wpcf7-textarea\" aria-invalid=\"false\" placeholder=\"Escribe aqu\u00ed tu mensaje\" name=\"missatge\"><\/textarea><\/span>\n<\/p>\n<p><span class=\"wpcf7-form-control-wrap\" data-name=\"acceptacion\"><span class=\"wpcf7-form-control wpcf7-acceptance\"><span class=\"wpcf7-list-item\"><label><input type=\"checkbox\" name=\"acceptacion\" value=\"1\" aria-invalid=\"false\" \/><span class=\"wpcf7-list-item-label\">He le\u00eddo y acepto la <a href=\"https:\/\/todayschool.es\/es\/politica-de-privacidad\/\" target=\"_blank\">Pol\u00edtica de privacidad<\/a>.<\/span><\/label><\/span><\/span><\/span>\n<\/p>\n<p>\n\n<\/p>\n<p><input class=\"wpcf7-form-control wpcf7-submit has-spinner\" type=\"submit\" value=\"Enviar\" \/>\n<\/p><p style=\"display: none !important;\" class=\"akismet-fields-container\" data-prefix=\"_wpcf7_ak_\"><label>&#916;<textarea name=\"_wpcf7_ak_hp_textarea\" cols=\"45\" rows=\"8\" maxlength=\"100\"><\/textarea><\/label><input type=\"hidden\" id=\"ak_js_1\" name=\"_wpcf7_ak_js\" value=\"132\"\/><script>document.getElementById( \"ak_js_1\" ).setAttribute( \"value\", ( new Date() ).getTime() );<\/script><\/p><input type='hidden' class='wpcf7-pum' value='{\"closepopup\":false,\"closedelay\":0,\"openpopup\":false,\"openpopup_id\":0}' \/><div class=\"wpcf7-response-output\" aria-hidden=\"true\"><\/div>\n<\/form>\n<\/div>\n[\/vc_column][\/vc_row][vc_row row_type=\u00bbrow\u00bb use_row_as_full_screen_section=\u00bbno\u00bb type=\u00bbfull_width\u00bb text_align=\u00bbleft\u00bb background_animation=\u00bbnone\u00bb css_animation=\u00bb\u00bb][vc_column][vc_empty_space height=\u00bb50px\u00bb][\/vc_column][\/vc_row]<\/p>\n<\/div>","protected":false},"excerpt":{"rendered":"<p>[vc_row row_type=\u00bbrow\u00bb use_row_as_full_screen_section=\u00bbno\u00bb type=\u00bbfull_width\u00bb text_align=\u00bbleft\u00bb background_animation=\u00bbnone\u00bb css_animation=\u00bb\u00bb][vc_column][vc_column_text]La mejor forma de lograr un mejor nivel en poco tiempo son los cursos de ingl\u00e9s intensivos en Barcelona que impartimos en Today School, puesto que somos un centro formativo avalado por la experiencia que te ofrece una gran&#8230;<\/p>\n","protected":false},"author":19,"featured_media":0,"parent":0,"menu_order":0,"comment_status":"closed","ping_status":"closed","template":"","meta":{"footnotes":"","_links_to":"","_links_to_target":""},"class_list":["post-13411","page","type-page","status-publish","hentry"],"jetpack_shortlink":"https:\/\/wp.me\/P7Y5cw-3uj","jetpack_sharing_enabled":false,"jetpack_likes_enabled":true,"_links":{"self":[{"href":"https:\/\/todayschool.es\/es\/wp-json\/wp\/v2\/pages\/13411","targetHints":{"allow":["GET"]}}],"collection":[{"href":"https:\/\/todayschool.es\/es\/wp-json\/wp\/v2\/pages"}],"about":[{"href":"https:\/\/todayschool.es\/es\/wp-json\/wp\/v2\/types\/page"}],"author":[{"embeddable":true,"href":"https:\/\/todayschool.es\/es\/wp-json\/wp\/v2\/users\/19"}],"replies":[{"embeddable":true,"href":"https:\/\/todayschool.es\/es\/wp-json\/wp\/v2\/comments?post=13411"}],"version-history":[{"count":0,"href":"https:\/\/todayschool.es\/es\/wp-json\/wp\/v2\/pages\/13411\/revisions"}],"wp:attachment":[{"href":"https:\/\/todayschool.es\/es\/wp-json\/wp\/v2\/media?parent=13411"}],"curies":[{"name":"wp","href":"https:\/\/api.w.org\/{rel}","templated":true}]}}