{"id":12674,"date":"2020-06-15T12:22:23","date_gmt":"2020-06-15T10:22:23","guid":{"rendered":"https:\/\/todayschool.es\/?page_id=12674"},"modified":"2020-06-15T18:11:40","modified_gmt":"2020-06-15T16:11:40","slug":"english-fun-2020","status":"publish","type":"page","link":"https:\/\/todayschool.es\/es\/english-fun-2020\/","title":{"rendered":"English &#038; Fun 2020"},"content":{"rendered":"<div class=\"wpb-content-wrapper\"><p>[vc_row row_type=\u00bbrow\u00bb use_row_as_full_screen_section=\u00bbno\u00bb type=\u00bbfull_width\u00bb text_align=\u00bbleft\u00bb background_animation=\u00bbnone\u00bb css_animation=\u00bb\u00bb background_color=\u00bb#2b55aa\u00bb][vc_column width=\u00bb1\/2&#8243; css=\u00bb.vc_custom_1591827015579{margin-top: 0px !important;margin-right: 0px !important;margin-bottom: 0px !important;margin-left: 0px !important;padding-top: 0px !important;padding-bottom: 0px !important;padding-left: 0px !important;}\u00bb][vc_single_image image=\u00bb12676&#8243; img_size=\u00bbfull\u00bb alignment=\u00bbright\u00bb qode_css_animation=\u00bb\u00bb][\/vc_column][vc_column width=\u00bb1\/2&#8243; css=\u00bb.vc_custom_1591827027620{margin-top: 0px !important;margin-right: 0px !important;margin-bottom: 0px !important;margin-left: 0px !important;padding-top: 0px !important;padding-right: 0px !important;padding-bottom: 0px !important;padding-left: 0px !important;}\u00bb][vc_single_image image=\u00bb12678&#8243; img_size=\u00bbfull\u00bb qode_css_animation=\u00bb\u00bb][\/vc_column][\/vc_row][vc_row row_type=\u00bbrow\u00bb use_row_as_full_screen_section=\u00bbno\u00bb type=\u00bbfull_width\u00bb text_align=\u00bbleft\u00bb background_animation=\u00bbnone\u00bb css_animation=\u00bb\u00bb background_color=\u00bb#f3f9fc\u00bb][vc_column][vc_empty_space height=\u00bb75px\u00bb][vc_row_inner row_type=\u00bbrow\u00bb type=\u00bbgrid\u00bb use_row_as_full_screen_section_slide=\u00bbno\u00bb text_align=\u00bbleft\u00bb css_animation=\u00bb\u00bb][vc_column_inner width=\u00bb1\/4&#8243;][vc_single_image image=\u00bb12460&#8243; img_size=\u00bbfull\u00bb alignment=\u00bbcenter\u00bb qode_css_animation=\u00bb\u00bb][vc_empty_space height=\u00bb25px\u00bb][\/vc_column_inner][vc_column_inner width=\u00bb1\/4&#8243;][vc_single_image image=\u00bb12713&#8243; img_size=\u00bbfull\u00bb alignment=\u00bbcenter\u00bb qode_css_animation=\u00bb\u00bb][vc_empty_space height=\u00bb25px\u00bb][\/vc_column_inner][vc_column_inner width=\u00bb1\/4&#8243;][vc_single_image image=\u00bb12464&#8243; img_size=\u00bbfull\u00bb alignment=\u00bbcenter\u00bb qode_css_animation=\u00bb\u00bb][vc_empty_space height=\u00bb25px\u00bb][\/vc_column_inner][vc_column_inner width=\u00bb1\/4&#8243;][vc_single_image image=\u00bb12466&#8243; img_size=\u00bbfull\u00bb alignment=\u00bbcenter\u00bb qode_css_animation=\u00bb\u00bb][vc_empty_space height=\u00bb25px\u00bb][\/vc_column_inner][\/vc_row_inner][vc_empty_space height=\u00bb25px\u00bb][\/vc_column][\/vc_row][vc_row row_type=\u00bbrow\u00bb use_row_as_full_screen_section=\u00bbno\u00bb type=\u00bbfull_width\u00bb text_align=\u00bbleft\u00bb background_animation=\u00bbnone\u00bb css_animation=\u00bb\u00bb background_color=\u00bb#ffffff\u00bb el_class=\u00bbte-bigpad\u00bb][vc_column][vc_row_inner row_type=\u00bbrow\u00bb type=\u00bbgrid\u00bb use_row_as_full_screen_section_slide=\u00bbno\u00bb text_align=\u00bbleft\u00bb css_animation=\u00bb\u00bb][vc_column_inner][vc_empty_space height=\u00bb50px\u00bb][vc_column_text]<\/p>\n<h1 style=\"text-align: center;\">English &amp; Fun<\/h1>\n<p>[\/vc_column_text][vc_empty_space height=\u00bb25px\u00bb][vc_column_text]<\/p>\n<h2 style=\"text-align: center;\"><span style=\"color: #e38600;\">Un curso divertido para que los m\u00e1s j\u00f3venes<\/span> est\u00e9n deseando que empiece la siguiente clase.<\/h2>\n<p>[\/vc_column_text][vc_empty_space height=\u00bb15px\u00bb][vc_column_text]<\/p>\n<p style=\"text-align: center;\">Nuestros profesores nativos especializados en ni\u00f1os y adolescentes crear\u00e1n clases divertidas combinando juegos, canciones, interpretaciones, videos, concursos, proyectos y aplicaciones divertidas.<\/p>\n<p style=\"text-align: center;\">Adem\u00e1s cada alumno, grupo y d\u00eda son \u00fanicos. Por eso las clases se ir\u00e1n adaptando seg\u00fan las necesidades y gustos de cada grupo para maximizar el aprendizaje y la diversi\u00f3n.<\/p>\n<p>[\/vc_column_text][vc_empty_space height=\u00bb50px\u00bb][\/vc_column_inner][\/vc_row_inner][\/vc_column][\/vc_row][vc_row row_type=\u00bbrow\u00bb use_row_as_full_screen_section=\u00bbno\u00bb type=\u00bbfull_width\u00bb text_align=\u00bbleft\u00bb background_animation=\u00bbnone\u00bb css_animation=\u00bb\u00bb background_color=\u00bb#f3f9fc\u00bb][vc_column][vc_empty_space height=\u00bb40px\u00bb][vc_row_inner row_type=\u00bbrow\u00bb type=\u00bbgrid\u00bb use_row_as_full_screen_section_slide=\u00bbno\u00bb text_align=\u00bbleft\u00bb css_animation=\u00bb\u00bb][vc_column_inner][vc_column_text]<\/p>\n<h2 style=\"text-align: center;\"><img loading=\"lazy\" decoding=\"async\" data-attachment-id=\"12610\" data-permalink=\"https:\/\/todayschool.es\/es\/intensivo-cambridge-2020\/50-por-100-amigo\/\" data-orig-file=\"https:\/\/todayschool.es\/blog\/wp-content\/uploads\/2020\/06\/50-por-100-amigo.png\" data-orig-size=\"176,176\" data-comments-opened=\"1\" data-image-meta=\"{&quot;aperture&quot;:&quot;0&quot;,&quot;credit&quot;:&quot;&quot;,&quot;camera&quot;:&quot;&quot;,&quot;caption&quot;:&quot;&quot;,&quot;created_timestamp&quot;:&quot;0&quot;,&quot;copyright&quot;:&quot;&quot;,&quot;focal_length&quot;:&quot;0&quot;,&quot;iso&quot;:&quot;0&quot;,&quot;shutter_speed&quot;:&quot;0&quot;,&quot;title&quot;:&quot;&quot;,&quot;orientation&quot;:&quot;0&quot;}\" data-image-title=\"50-por-100-amigo\" data-image-description=\"\" data-image-caption=\"\" data-medium-file=\"https:\/\/todayschool.es\/blog\/wp-content\/uploads\/2020\/06\/50-por-100-amigo.png\" data-large-file=\"https:\/\/todayschool.es\/blog\/wp-content\/uploads\/2020\/06\/50-por-100-amigo.png\" class=\"size-full wp-image-12610 alignleft\" style=\"margin-top: -80px;\" src=\"https:\/\/todayschool.es\/blog\/wp-content\/uploads\/2020\/06\/50-por-100-amigo.png\" alt=\"\" width=\"176\" height=\"176\" srcset=\"https:\/\/todayschool.es\/blog\/wp-content\/uploads\/2020\/06\/50-por-100-amigo.png 176w, https:\/\/todayschool.es\/blog\/wp-content\/uploads\/2020\/06\/50-por-100-amigo-100x100.png 100w\" sizes=\"auto, (max-width: 176px) 100vw, 176px\" \/><span style=\"color: #e38600;\">Nuestros Cursos:<\/span><br \/>\nA1 hasta B2 &#8211; Beginner hasta Upper-Intermediate<\/h2>\n<p>[\/vc_column_text][vc_empty_space height=\u00bb25px\u00bb][\/vc_column_inner][\/vc_row_inner][vc_row_inner row_type=\u00bbrow\u00bb type=\u00bbgrid\u00bb use_row_as_full_screen_section_slide=\u00bbno\u00bb text_align=\u00bbleft\u00bb css_animation=\u00bb\u00bb el_class=\u00bbte-bigpad\u00bb][vc_column_inner width=\u00bb1\/2&#8243;][vc_column_text]<\/p>\n<h3 style=\"padding-bottom: 0px;\">Littles (6-7 a\u00f1os) y Children (8 &#8211; 10 a\u00f1os)<\/h3>\n<p style=\"padding-bottom: 10px;\">1,5h de clase al d\u00eda (6h por semana)<\/p>\n<p>[\/vc_column_text][vc_separator type=\u00bbnormal\u00bb border_style=\u00bbsolid\u00bb up=\u00bb15&#8243; down=\u00bb25&#8243; color=\u00bb#e38600&#8243;][vc_column_text]<\/p>\n<p class=\"te-item\"><img decoding=\"async\" style=\"padding: 0 15px 0 0; vertical-align: middle;\" src=\"https:\/\/todayschool.es\/blog\/wp-content\/uploads\/2020\/06\/bullet.png\" alt=\"bullet\" width=\"22px\" height=\"22px\" \/>12h &#8211; 2 semanas &#8211; <span style=\"color: #e38600;\">100\u20ac<\/span><\/p>\n<p class=\"te-item\"><img decoding=\"async\" style=\"padding: 0 15px 0 0; vertical-align: middle;\" src=\"https:\/\/todayschool.es\/blog\/wp-content\/uploads\/2020\/06\/bullet.png\" alt=\"bullet\" width=\"22px\" height=\"22px\" \/>18h &#8211; 3 semanas &#8211; <span style=\"color: #e38600;\">145\u20ac<\/span><\/p>\n<p class=\"te-item\"><img decoding=\"async\" style=\"padding: 0 15px 0 0; vertical-align: middle;\" src=\"https:\/\/todayschool.es\/blog\/wp-content\/uploads\/2020\/06\/bullet.png\" alt=\"bullet\" width=\"22px\" height=\"22px\" \/>24h &#8211; 4 semanas &#8211; <span style=\"color: #e38600;\">185\u20ac<\/span><\/p>\n<p>[\/vc_column_text][vc_empty_space height=\u00bb25px\u00bb][vc_btn title=\u00bbME INTERESA\u00bb style=\u00bbcustom\u00bb custom_background=\u00bb#263462&#8243; custom_text=\u00bb#ffffff\u00bb shape=\u00bbround\u00bb align=\u00bbleft\u00bb i_align=\u00bbright\u00bb i_icon_fontawesome=\u00bbfas fa-chevron-right\u00bb add_icon=\u00bbtrue\u00bb el_class=\u00bbte-cta-boto\u00bb link=\u00bburl:%23info|||\u00bb][vc_empty_space height=\u00bb25px\u00bb][\/vc_column_inner][vc_column_inner width=\u00bb1\/2&#8243;][vc_column_text]<\/p>\n<h3 style=\"padding-bottom: 0px;\">Teens (10-13 a\u00f1os) y Kids (14 &#8211; 16 a\u00f1os)<\/h3>\n<p style=\"padding-bottom: 10px;\">2h de clase al d\u00eda (8h por semana)<\/p>\n<p>[\/vc_column_text][vc_separator type=\u00bbnormal\u00bb border_style=\u00bbsolid\u00bb up=\u00bb15&#8243; down=\u00bb25&#8243; color=\u00bb#e38600&#8243;][vc_column_text]<\/p>\n<p class=\"te-item\"><img decoding=\"async\" style=\"padding: 0 15px 0 0; vertical-align: middle;\" src=\"https:\/\/todayschool.es\/blog\/wp-content\/uploads\/2020\/06\/bullet.png\" alt=\"bullet\" width=\"22px\" height=\"22px\" \/>16h &#8211; 2 semanas &#8211; <span style=\"color: #e38600;\">135\u20ac<\/span><\/p>\n<p class=\"te-item\"><img decoding=\"async\" style=\"padding: 0 15px 0 0; vertical-align: middle;\" src=\"https:\/\/todayschool.es\/blog\/wp-content\/uploads\/2020\/06\/bullet.png\" alt=\"bullet\" width=\"22px\" height=\"22px\" \/>24h &#8211; 3 semanas &#8211; <span style=\"color: #e38600;\">185\u20ac<\/span><\/p>\n<p class=\"te-item\"><img decoding=\"async\" style=\"padding: 0 15px 0 0; vertical-align: middle;\" src=\"https:\/\/todayschool.es\/blog\/wp-content\/uploads\/2020\/06\/bullet.png\" alt=\"bullet\" width=\"22px\" height=\"22px\" \/>32h &#8211; 4 semanas &#8211; <span style=\"color: #e38600;\">250\u20ac<\/span><\/p>\n<p>[\/vc_column_text][vc_empty_space height=\u00bb25px\u00bb][vc_btn title=\u00bbME INTERESA\u00bb style=\u00bbcustom\u00bb custom_background=\u00bb#263462&#8243; custom_text=\u00bb#ffffff\u00bb shape=\u00bbround\u00bb align=\u00bbleft\u00bb i_align=\u00bbright\u00bb i_icon_fontawesome=\u00bbfas fa-chevron-right\u00bb add_icon=\u00bbtrue\u00bb el_class=\u00bbte-cta-boto\u00bb link=\u00bburl:%23info|||\u00bb][vc_empty_space height=\u00bb25px\u00bb][\/vc_column_inner][\/vc_row_inner][\/vc_column][\/vc_row][vc_row row_type=\u00bbrow\u00bb use_row_as_full_screen_section=\u00bbno\u00bb type=\u00bbfull_width\u00bb text_align=\u00bbleft\u00bb background_animation=\u00bbnone\u00bb css_animation=\u00bb\u00bb el_id=\u00bbinfo\u00bb background_color=\u00bb#ffffff\u00bb css=\u00bb.vc_custom_1591573636023{padding-top: 50px !important;padding-bottom: 50px !important;}\u00bb][vc_column][vc_custom_heading text=\u00bbPROCESO DE INSCRIPCI\u00d3N\u00bb font_container=\u00bbtag:h2|font_size:30|text_align:center|color:%23f49900&#8243; google_fonts=\u00bbfont_family:Montserrat%3Aregular%2C700|font_style:700%20bold%20regular%3A700%3Anormal\u00bb][vc_empty_space height=\u00bb10px\u00bb][vc_column_text]<\/p>\n<p style=\"text-align: center;\"><strong style=\"font-size: 1.4em;\">Cont\u00e1ctanos y te informaremos de los detalles de los cursos.<\/strong><\/p>\n<p>[\/vc_column_text][vc_empty_space height=\u00bb25px\u00bb][vc_row_inner row_type=\u00bbrow\u00bb type=\u00bbgrid\u00bb use_row_as_full_screen_section_slide=\u00bbno\u00bb text_align=\u00bbleft\u00bb css_animation=\u00bb\u00bb][vc_column_inner width=\u00bb1\/2&#8243;][vc_column_text]<\/p>\n<p style=\"padding-bottom: 10px; text-align: center;\"><strong>Today School Sants:<\/strong> <a href=\"tel:934905636\"><img decoding=\"async\" style=\"vertical-align: middle; padding: 0 7px;\" src=\"https:\/\/todayschool.es\/blog\/wp-content\/uploads\/2020\/06\/icon-phone.png\" alt=\"icon-phone\" width=\"52px\" height=\"52px\" \/><\/a><a href=\"mailto:sants@todayschool.es\"><img decoding=\"async\" style=\"vertical-align: middle; padding: 0 7px;\" src=\"https:\/\/todayschool.es\/blog\/wp-content\/uploads\/2020\/06\/icon-mail.png\" alt=\"icon-mail\" width=\"52px\" height=\"52px\" \/><\/a><\/p>\n<p>[\/vc_column_text][vc_empty_space height=\u00bb25px\u00bb][\/vc_column_inner][vc_column_inner width=\u00bb1\/2&#8243;][vc_column_text]<\/p>\n<p style=\"padding-bottom: 10px; text-align: center;\"><strong>Today School Clot:<\/strong> <a href=\"tel:932444014\"><img decoding=\"async\" style=\"vertical-align: middle; padding: 0 7px;\" src=\"https:\/\/todayschool.es\/blog\/wp-content\/uploads\/2020\/06\/icon-phone.png\" alt=\"icon-phone\" width=\"52px\" height=\"52px\" \/><\/a><a href=\"mailto:infoclot@todayschool.es\"><img decoding=\"async\" style=\"vertical-align: middle; padding: 0 7px;\" src=\"https:\/\/todayschool.es\/blog\/wp-content\/uploads\/2020\/06\/icon-mail.png\" alt=\"icon-mail\" width=\"52px\" height=\"52px\" \/><\/a><\/p>\n<p>[\/vc_column_text][vc_empty_space height=\u00bb25px\u00bb][\/vc_column_inner][\/vc_row_inner][vc_column_text]<\/p>\n<p style=\"text-align: center;\"><strong style=\"font-size: 1.1em;\">Si lo prefieres, d\u00e9janos tus datos y contactaremos contigo:<\/strong><\/p>\n<p>[\/vc_column_text][vc_row_inner row_type=\u00bbrow\u00bb type=\u00bbgrid\u00bb use_row_as_full_screen_section_slide=\u00bbno\u00bb text_align=\u00bbleft\u00bb css_animation=\u00bb\u00bb][vc_column_inner width=\u00bb1\/6&#8243;][\/vc_column_inner][vc_column_inner width=\u00bb2\/3&#8243;][vc_empty_space height=\u00bb25px\u00bb][vc_column_text]<\/p>\n<div class=\"caldera-grid\" id=\"caldera_form_1\" data-cf-ver=\"1.9.6\" data-cf-form-id=\"CF5edd75574b28f\"><div id=\"caldera_notices_1\" data-spinner=\"https:\/\/todayschool.es\/blog\/wp-admin\/images\/spinner.gif\"><\/div><form data-instance=\"1\" class=\"CF5edd75574b28f caldera_forms_form cfajax-trigger\" method=\"POST\" enctype=\"multipart\/form-data\" id=\"CF5edd75574b28f_1\" data-form-id=\"CF5edd75574b28f\" aria-label=\"Intensivos Verano 2021\" data-target=\"#caldera_notices_1\" data-template=\"#cfajax_CF5edd75574b28f-tmpl\" data-cfajax=\"CF5edd75574b28f\" data-load-element=\"_parent\" data-load-class=\"cf_processing\" data-post-disable=\"0\" data-action=\"cf_process_ajax_submit\" data-request=\"https:\/\/todayschool.es\/es\/\/cf-api\/CF5edd75574b28f\" data-hiderows=\"true\">\r\n<input type=\"hidden\" id=\"_cf_verify_CF5edd75574b28f\" name=\"_cf_verify\" value=\"c10ddcb531\"  data-nonce-time=\"1775761399\" \/><input type=\"hidden\" name=\"_wp_http_referer\" value=\"\/es\/wp-json\/wp\/v2\/pages\/12674\" \/><div id=\"cf2-CF5edd75574b28f_1\"><\/div><input type=\"hidden\" name=\"_cf_frm_id\" value=\"CF5edd75574b28f\">\r\n<input type=\"hidden\" name=\"_cf_frm_ct\" value=\"1\">\r\n<input type=\"hidden\" name=\"cfajax\" value=\"CF5edd75574b28f\">\r\n<input type=\"hidden\" name=\"_cf_cr_pst\" value=\"12674\">\r\n<div class=\"hide\" style=\"display:none; overflow:hidden;height:0;width:0;\">\r\n<label>Order Number<\/label><input type=\"text\" name=\"order_number\" value=\"\" autocomplete=\"off\">\r\n<\/div><div id=\"CF5edd75574b28f_1-row-1\"  class=\"row  first_row\"><div  class=\"col-sm-3  first_col\"><div data-field-wrapper=\"fld_1859868\" class=\"form-group te-input-text\" id=\"fld_1859868_1-wrap\">\r\n\t<label id=\"fld_1859868Label\" for=\"fld_1859868_1\" class=\"control-label screen-reader-text sr-only\">Nombre y apellidos<\/label>\r\n\t<div class=\"\">\r\n\t\t<input placeholder=\"Nombre y apellidos\"  required type=\"text\" data-field=\"fld_1859868\" class=\" form-control\" id=\"fld_1859868_1\" name=\"fld_1859868\" value=\"\" data-type=\"text\" aria-required=\"true\"   aria-labelledby=\"fld_1859868Label\" >\t\t\t<\/div>\r\n<\/div>\r\n<\/div><div  class=\"col-sm-3 \"><div data-field-wrapper=\"fld_3149909\" class=\"form-group te-input-text\" id=\"fld_3149909_1-wrap\">\r\n\t<label id=\"fld_3149909Label\" for=\"fld_3149909_1\" class=\"control-label screen-reader-text sr-only\">Tel\u00e9fono<\/label>\r\n\t<div class=\"\">\r\n\t\t<input placeholder=\"Tel\u00e9fono\"  required type=\"text\" data-field=\"fld_3149909\" class=\" form-control\" id=\"fld_3149909_1\" name=\"fld_3149909\" value=\"\" data-type=\"text\" aria-required=\"true\"   aria-labelledby=\"fld_3149909Label\" >\t\t\t<\/div>\r\n<\/div>\r\n<\/div><div  class=\"col-sm-3 \"><div data-field-wrapper=\"fld_2242951\" class=\"form-group te-input-text\" id=\"fld_2242951_1-wrap\">\r\n\t<label id=\"fld_2242951Label\" for=\"fld_2242951_1\" class=\"control-label screen-reader-text sr-only\">E-mail<\/label>\r\n\t<div class=\"\">\r\n\t\t<input placeholder=\"E-mail\"   type=\"email\" data-field=\"fld_2242951\" class=\" form-control\" id=\"fld_2242951_1\" name=\"fld_2242951\" value=\"\" data-type=\"email\"   aria-labelledby=\"fld_2242951Label\" >\t\t\t<\/div>\r\n<\/div>\r\n<\/div><div  class=\"col-sm-3  last_col\"><div data-field-wrapper=\"fld_6452402\" class=\"form-group te-input-boto\" id=\"fld_6452402_1-wrap\">\r\n<div class=\"\">\r\n\t<input  class=\"btn btn-default\" type=\"submit\" name=\"fld_6452402\" id=\"fld_6452402_1\" value=\"Enviar\" data-field=\"fld_6452402\"  >\n<\/div>\r\n<\/div>\r\n\t<input class=\"button_trigger_1\" type=\"hidden\" name=\"fld_6452402\" id=\"fld_6452402_1_btn\" value=\"\" data-field=\"fld_6452402\"  \/>\n<\/div><\/div><div id=\"CF5edd75574b28f_1-row-2\"  class=\"row  last_row\"><div  class=\"col-sm-12  single\"><div data-field-wrapper=\"fld_9274659\" class=\"form-group\" id=\"fld_9274659_1-wrap\">\r\n<div class=\"\">\r\n\n<div class=\"checkbox-inline caldera-forms-consent-field\">\n    <input data-parsley-required=\"true\" data-parsley-group=\"fld_9274659_1\" data-parsley-multiple=\"fld_9274659_1\"        type=\"checkbox\" data-label=\"Acepto\"\n        data-field=\"fld_9274659\"\n        id=\"fld_9274659_1\"\n        class=\"fld_9274659_1 option-required\"\n        name=\"fld_9274659\"\n        value=\"1\"\n        data-type=\"checkbox\"\n        data-checkbox-field=\"fld_9274659_1\"\n    >\n    <label for=\"fld_9274659_1\"\n           class=\"caldera-forms-gdpr-field-label\"\n           style=\"display:inline; margin-left: 0.5rem;\"\n    >\n                <p\n            class=\"caldera-forms-consent-field-agreement\"\n        >\n            He le\u00eddo y acepto la        <\/p>\n        <a href=\"https:\/\/todayschool.es\/politica-de-privacitat\/\"\n           target=\"_blank\"\n                title=\"P\u00e1gina de pol\u00edtica de privacidad\"\n            class=\"caldera-forms-consent-field-linked_text\"\n            >\n            Pol\u00edtica de privacidad        <\/a>\n    <\/label>\n    <span style=\"color:#ff0000;\">*<\/span>\n<\/div>\n\n<\/div>\r\n<\/div>\r\n<\/div><\/div><\/form>\r\n<\/div>\r\n\n<p>[\/vc_column_text][vc_empty_space height=\u00bb25px\u00bb][vc_column_text]<\/p>\n<p style=\"text-align: center;\"><strong style=\"font-size: 1.1em;\">Nuestros jefes de estudios <span style=\"color: #e38600;\">te orientar\u00e1n, valorando tus objetivos y necesidades actuales<\/span> para decidir el curso que m\u00e1s te conviene.<\/strong><\/p>\n<p>[\/vc_column_text][\/vc_column_inner][vc_column_inner width=\u00bb1\/6&#8243;][\/vc_column_inner][\/vc_row_inner][\/vc_column][\/vc_row]<\/p>\n<\/div>","protected":false},"excerpt":{"rendered":"<p>[vc_row row_type=\u00bbrow\u00bb use_row_as_full_screen_section=\u00bbno\u00bb type=\u00bbfull_width\u00bb text_align=\u00bbleft\u00bb background_animation=\u00bbnone\u00bb css_animation=\u00bb\u00bb background_color=\u00bb#2b55aa\u00bb][vc_column width=\u00bb1\/2&#8243; css=\u00bb.vc_custom_1591827015579{margin-top: 0px !important;margin-right: 0px !important;margin-bottom: 0px !important;margin-left: 0px !important;padding-top: 0px !important;padding-bottom: 0px !important;padding-left: 0px !important;}\u00bb][vc_single_image image=\u00bb12676&#8243; img_size=\u00bbfull\u00bb alignment=\u00bbright\u00bb qode_css_animation=\u00bb\u00bb][\/vc_column][vc_column width=\u00bb1\/2&#8243; css=\u00bb.vc_custom_1591827027620{margin-top: 0px !important;margin-right: 0px !important;margin-bottom: 0px !important;margin-left: 0px !important;padding-top: 0px !important;padding-right: 0px !important;padding-bottom: 0px !important;padding-left: 0px&#8230;<\/p>\n","protected":false},"author":20,"featured_media":12547,"parent":0,"menu_order":0,"comment_status":"closed","ping_status":"closed","template":"full_width.php","meta":{"jetpack_post_was_ever_published":false,"footnotes":"","_links_to":"","_links_to_target":""},"class_list":["post-12674","page","type-page","status-publish","has-post-thumbnail","hentry"],"jetpack_shortlink":"https:\/\/wp.me\/P7Y5cw-3iq","jetpack_sharing_enabled":false,"jetpack_likes_enabled":false,"_links":{"self":[{"href":"https:\/\/todayschool.es\/es\/wp-json\/wp\/v2\/pages\/12674","targetHints":{"allow":["GET"]}}],"collection":[{"href":"https:\/\/todayschool.es\/es\/wp-json\/wp\/v2\/pages"}],"about":[{"href":"https:\/\/todayschool.es\/es\/wp-json\/wp\/v2\/types\/page"}],"author":[{"embeddable":true,"href":"https:\/\/todayschool.es\/es\/wp-json\/wp\/v2\/users\/20"}],"replies":[{"embeddable":true,"href":"https:\/\/todayschool.es\/es\/wp-json\/wp\/v2\/comments?post=12674"}],"version-history":[{"count":0,"href":"https:\/\/todayschool.es\/es\/wp-json\/wp\/v2\/pages\/12674\/revisions"}],"wp:featuredmedia":[{"embeddable":true,"href":"https:\/\/todayschool.es\/es\/wp-json\/wp\/v2\/media\/12547"}],"wp:attachment":[{"href":"https:\/\/todayschool.es\/es\/wp-json\/wp\/v2\/media?parent=12674"}],"curies":[{"name":"wp","href":"https:\/\/api.w.org\/{rel}","templated":true}]}}