{"id":11512,"date":"2019-10-16T12:02:35","date_gmt":"2019-10-16T10:02:35","guid":{"rendered":"https:\/\/todayschool.es\/?page_id=11512"},"modified":"2020-10-29T18:19:47","modified_gmt":"2020-10-29T17:19:47","slug":"politica-de-cookies","status":"publish","type":"page","link":"https:\/\/todayschool.es\/es\/politica-de-cookies\/","title":{"rendered":"Pol\u00edtica de cookies"},"content":{"rendered":"<h2>\u00bfQU\u00c9 SON LAS <em>COOKIES<\/em>?<\/h2>\n<p>Las <em>cookies <\/em>y otras tecnolog\u00edas similares tales como local shared objects, flash <em>cookies <\/em>o p\u00edxeles, son herramientas empleadas por los servidores Web para almacenar y recuperar informaci\u00f3n acerca de sus visitantes, as\u00ed como para ofrecer un correcto funcionamiento del sitio.<\/p>\n<p>Mediante el uso de estos dispositivos se permite al servidor Web recordar algunos datos concernientes al usuario, como sus preferencias para la visualizaci\u00f3n de las p\u00e1ginas de ese servidor, nombre y contrase\u00f1a, productos que m\u00e1s le interesan, etc.<\/p>\n<p>&nbsp;<\/p>\n<h3><em>COOKIES <\/em>AFECTADAS POR LA NORMATIVA Y <em>COOKIES <\/em>EXCEPTUADAS<\/h3>\n<p>Seg\u00fan la directiva de la UE, las <em>cookies <\/em>que requieren el consentimiento informado por parte del usuario son las <em>cookies <\/em>de anal\u00edtica y las de publicidad y afiliaci\u00f3n, quedando exceptuadas las de car\u00e1cter t\u00e9cnico y las necesarias para el funcionamiento del sitio web o la prestaci\u00f3n de servicios expresamente solicitados por el usuario.<\/p>\n<p>&nbsp;<\/p>\n<h3>\u00bfQU\u00c9 TIPOS DE <em>COOKIES <\/em>EXISTEN?<\/h3>\n<p>&nbsp;<\/p>\n<h5>SEG\u00daN LA FINALIDAD<\/h5>\n<ul>\n<li><strong><em>Cookies <\/em>t\u00e9cnicas y funcionales<\/strong>: son aqu\u00e9llas que permiten al usuario la navegaci\u00f3n a trav\u00e9s de una p\u00e1gina web, plataforma o aplicaci\u00f3n y la utilizaci\u00f3n de las diferentes opciones o servicios que en ella existan como, p. ej., controlar el tr\u00e1fico y la comunicaci\u00f3n de datos, identificar la sesi\u00f3n, acceder a partes de acceso restringido, recordar los elementos de un pedido, realizar el proceso de compra de un pedido, realizar la inscripci\u00f3n o participaci\u00f3n en un evento, utilizar elementos de seguridad durante la navegaci\u00f3n, almacenar contenidos para la difusi\u00f3n de videos o sonido o compartir contenidos a trav\u00e9s de redes sociales.\u00a0Incluyen las c<em>ookies <\/em>de personalizaci\u00f3n,que son las que permiten al usuario acceder al servicio con algunas caracter\u00edsticas de car\u00e1cter general predefinidas en funci\u00f3n de una serie de criterios en el terminal del usuario como, p. ej., el idioma, el tipo de navegador, la configuraci\u00f3n regional desde donde accede al servicio, etc<em>.<\/em><\/li>\n<li><strong><em>Cookies <\/em>anal\u00edticas<\/strong>: son aqu\u00e9llas que permiten al responsable de las mismas, el seguimiento y an\u00e1lisis del comportamiento de los usuarios de los sitios web a los que est\u00e1n vinculadas. La informaci\u00f3n recogida mediante este tipo de <em>cookies<\/em> se utiliza en la medici\u00f3n de la actividad de los sitios web, aplicaci\u00f3n o plataforma y para la elaboraci\u00f3n de perfiles de navegaci\u00f3n de los usuarios de dichos sitios, aplicaciones y plataformas, con el fin de introducir mejoras en funci\u00f3n del an\u00e1lisis de los datos de uso que hacen los usuarios del servicio.<\/li>\n<li><strong><em>Cookies<\/em> publicitarias:<\/strong> son aqu\u00e9llas que permiten la gesti\u00f3n, de la forma m\u00e1s eficaz posible, de los espacios publicitarios que, en su caso, el editor haya incluido en una p\u00e1gina web, aplicaci\u00f3n o plataforma desde la que presta el servicio solicitado en base a criterios como el contenido editado o la frecuencia en la que se muestran los anuncios.<\/li>\n<li><strong><em>Cookies <\/em>de publicidad comportamental<\/strong>: recogen informaci\u00f3n sobre las preferencias y elecciones personales del usuario (<em>retargeting<\/em>) para permitir la gesti\u00f3n, de la forma m\u00e1s eficaz posible, de los espacios publicitarios que, en su caso, el editor haya incluido en una p\u00e1gina web, aplicaci\u00f3n o plataforma desde la que presta el servicio solicitado.\u00a0<strong>M\u00e1s info <\/strong>en<strong>:<\/strong><br \/>\n<a href=\"http:\/\/www.lssi.gob.es\/Paginas\/politica-cookies.aspx\" target=\"_blank\" rel=\"noopener\">http:\/\/www.lssi.gob.es\/Paginas\/politica-cookies.aspx<\/a>\u00a0y\u00a0<a href=\"http:\/\/www.interior.gob.es\/documents\/10180\/13073\/Guia_Cookies.pdf\/7c72c988-1e55-42b5-aeee-f7c46a319903\" target=\"_blank\" rel=\"noopener\">Gu\u00eda sobre el uso de las cookies de la AEPD.<\/a><\/li>\n<li><strong><em>Cookies <\/em>sociales<\/strong>: son establecidas por las plataformas de redes sociales en los servicios para permitirle compartir contenido con sus amigos y redes.\u00a0Las plataformas de medios sociales tienen la capacidad de rastrear su actividad en l\u00ednea fuera de los Servicios.\u00a0Esto puede afectar el contenido y los mensajes que ve en otros servicios que visita.<\/li>\n<li><strong><em>Cookies <\/em>de afiliados<\/strong>: permiten hacer un seguimiento de las visitas procedentes de otras webs, con las que el sitio web establece un contrato de afiliaci\u00f3n (empresas de afiliaci\u00f3n).<\/li>\n<li><strong><em>Cookies <\/em>de seguridad<\/strong>: almacenan informaci\u00f3n cifrada para evitar que los datos guardados en ellas sean <strong>vulnerables<\/strong> a ataques maliciosos de terceros.\u00a0<strong>Se usan s\u00f3lo en conexiones\u00a0<\/strong><a href=\"https:\/\/blogthinkbig.com\/que-es-https\/\" target=\"_blank\" rel=\"noopener\">HTTPS<\/a><strong>.<\/strong><\/li>\n<\/ul>\n<h5>SEG\u00daN LA PROPIEDAD<\/h5>\n<ul>\n<li><strong><em>Cookies<\/em> propias<\/strong>: son aqu\u00e9llas que se env\u00edan al equipo terminal del usuario desde un equipo o dominio <u>gestionado por el propio editor<\/u> y desde el que se presta el servicio solicitado por el usuario.<\/li>\n<li><strong><em>Cookies<\/em> de terceros:<\/strong> son aqu\u00e9llas que se env\u00edan al equipo terminal del usuario desde un equipo o dominio que <u>no es gestionado por el editor<\/u>, sino por otra entidad que trata los datos obtenidos trav\u00e9s de las cookies.<\/li>\n<\/ul>\n<h5>SEG\u00daN EL PLAZO DE CONSERVACI\u00d3N<\/h5>\n<ul>\n<li><strong><em>Cookies<\/em> de sesi\u00f3n:<\/strong> son un tipo de <em>cookies<\/em> dise\u00f1adas para recabar y almacenar datos mientras el usuario accede a una p\u00e1gina web.<\/li>\n<li><strong><em>Cookies<\/em><\/strong><strong> persistentes:<\/strong> son un tipo de cookies en el que los datos siguen almacenados en el terminal y pueden ser accedidos y tratados durante un periodo definido por el responsable de la <em>cookie<\/em>, y que puede ir de unos minutos a varios a\u00f1os.<\/li>\n<\/ul>\n<p>&nbsp;<\/p>\n<h3>TRATAMIENTO DE DATOS PERSONALES<\/h3>\n<p>TODAY SCHOOL, S.L.U. es el Responsable del tratamiento de los datos personales del Interesado y le informa que estos datos ser\u00e1n tratados de conformidad con lo dispuesto en el Reglamento (UE) 2016\/679 de 27 de abril de 2016 (GDPR) y , por lo que se le facilita la siguiente informaci\u00f3n del tratamiento:<\/p>\n<p><strong>Fines del tratamiento<\/strong>: seg\u00fan se especifica en el apartado de cookies que se utilizan en este sitio web.<\/p>\n<p><strong>Legitimaci\u00f3n del tratamiento<\/strong>: por inter\u00e9s leg\u00edtimo del responsable: <em>cookies t\u00e9cnicas<\/em> y por consentimiento del interesado: <em>cookies anal\u00edticas comportamentales <\/em><em>y publicitarias<\/em>.<\/p>\n<p><strong>Criterios de conservaci\u00f3n de los datos<\/strong>: seg\u00fan se especifica en el apartado de cookies utilizadas en la web.<\/p>\n<p><strong>Comunicaci\u00f3n de los datos<\/strong>: no se comunicar\u00e1n los datos a terceros, excepto en cookies propiedad de terceros o por obligaci\u00f3n legal.<\/p>\n<p><strong>Derechos que asisten al Interesado<\/strong>:<\/p>\n<ul>\n<li>Derecho a retirar el consentimiento en cualquier momento.<\/li>\n<li>Derecho de acceso, rectificaci\u00f3n, portabilidad y supresi\u00f3n de sus datos y a la limitaci\u00f3n u oposici\u00f3n a su tratamiento.<\/li>\n<li>Derecho a presentar una reclamaci\u00f3n ante la Autoridad de control (www.aepd.es) si considera que el tratamiento no se ajusta a la normativa vigente.<\/li>\n<\/ul>\n<p>Datos de contacto para ejercer sus derechos: <strong>infoclot@todayschool.es<\/strong><\/p>\n<p>&nbsp;<\/p>\n<h3><em>COOKIES <\/em>QUE SE UTILIZAN EN ESTE SITIO WEB<\/h3>\n<p>&nbsp;<\/p>\n<table>\n<thead>\n<tr>\n<td>NOMBRE<\/td>\n<td>TIPOS<\/td>\n<td>PROPIEDAD<\/td>\n<td>FINALIDAD<\/td>\n<td>PLAZO<\/td>\n<td>OBSERVACIONES<\/td>\n<\/tr>\n<\/thead>\n<tbody>\n<tr>\n<td>PHPSESSID<\/td>\n<td>T\u00e9cnica<\/td>\n<td>Propia<\/td>\n<td><em>C<\/em>ontiene el identificador de la sesi\u00f3n<\/td>\n<td>Al cerrar el navegador<\/td>\n<td>Sesi\u00f3n<\/td>\n<\/tr>\n<tr>\n<td>_fbp<\/td>\n<td>Publicit\u00e0ria<\/td>\n<td>Facebook<\/td>\n<td>Necesaria para proporcionar una serie de productos publicitarios como pujas en tiempo real de terceros anunciantes.<\/td>\n<td>3 meses<\/td>\n<td>Persistente<\/td>\n<\/tr>\n<tr>\n<td>_ga<\/td>\n<td>Anal\u00edtica<\/td>\n<td>Google Analytics<\/td>\n<td>Habilita la funci\u00f3n de control de visitas \u00fanicas. La primera vez que un usuario entre en el sitio web a trav\u00e9s de un navegador se instalar\u00e1 esta <em>cookie<\/em>. Cuando este usuario vuelva a entrar en la web con el mismo navegador, la <em>cookie <\/em>considerar\u00e1 que es el mismo usuario. Solo en el caso de que el usuario cambie de navegador, se considerar\u00e1 otro usuario.<\/td>\n<td>2 a\u00f1os<\/td>\n<td>Persistente<\/td>\n<\/tr>\n<tr>\n<td>_gat<\/td>\n<td>Anal\u00edtica<\/td>\n<td>Google Analytics<\/td>\n<td>Se usa para limitar la velocidad de petici\u00f3n &#8211; la limitaci\u00f3n de la recogida de datos en los sitios de alto tr\u00e1fico.<\/td>\n<td>10 minutos<\/td>\n<td>Sesi\u00f3n<\/td>\n<\/tr>\n<tr>\n<td>_gid<\/td>\n<td>Anal\u00edtica<\/td>\n<td>Google Analytics<\/td>\n<td>Se usa para distinguir a los usuarios<\/td>\n<td>24 horas<\/td>\n<td>Sesi\u00f3n<\/td>\n<\/tr>\n<\/tbody>\n<\/table>\n<p>&nbsp;<\/p>\n<h3>REVOCACI\u00d3N DEL CONSENTIMIENTO PARA INSTALAR COOKIES: COMO ELIMINAR LAS COOKIES DEL NAVEGADOR<\/h3>\n<p>&nbsp;<\/p>\n<h5>Chrome<\/h5>\n<p>1. Selecciona el icono de Herramientas<br \/>\n2. Haz clic en Configuraci\u00f3n.<br \/>\n3. Haz clic en Mostrar Opciones Avanzadas.<br \/>\n4. En la secci\u00f3n \u00abPrivacidad\u00bb haz clic en Configuraci\u00f3n de contenido.<br \/>\n\u2022 Eliminar cookies: Haz clic en Todas las cookies y los datos de sitios\u2026<br \/>\n\u2022 No permitir que se almacenen cookies.<br \/>\n5. Haz clic en Eliminar datos de navegaci\u00f3n (vaciar la Cach\u00e9).<br \/>\n6. Cierra y reinicia el navegador.<\/p>\n<p>Para m\u00e1s informaci\u00f3n sobre Chrome pulse aqu\u00ed: <a href=\"http:\/\/support.google.com\/chrome\/answer\/95647?hl=es\" target=\"_blank\" rel=\"noopener\">http:\/\/support.google.com\/chrome\/answer\/95647?hl=es<\/a><\/p>\n<p>&nbsp;<\/p>\n<h5>Internet Explorer. Versi\u00f3n 11<\/h5>\n<p>1. Selecciona Herramientas | Opciones de Internet.<br \/>\n2. Haz clic en la ficha General.<br \/>\n3. En la secci\u00f3n \u00abHistorial de exploraci\u00f3n\u00bb, haz clic en Eliminar el historial de exploraci\u00f3n al salir.<br \/>\n4. Seleccionar Eliminar archivos.<br \/>\n5. Seleccionar Eliminar cookies.<br \/>\n6. Haz clic en Eliminar.<br \/>\n7. Haz clic en Aceptar.<br \/>\n8. Cierra y reinicia el navegador.<\/p>\n<p>Para m\u00e1s informaci\u00f3n sobre Internet Explorer pulse aqu\u00ed: <a href=\"https:\/\/support.microsoft.com\/es-es\/help\/278835\/how-to-delete-cookie-files-in-internet-explorer\" target=\"_blank\" rel=\"noopener\">https:\/\/support.microsoft.com\/es-es\/help\/278835\/how-to-delete-cookie-files-in-internet-explore<\/a><\/p>\n<p>&nbsp;<\/p>\n<h5>Firefox. Versi\u00f3n 65.0.1<\/h5>\n<p>1. Selecciona Firefox | Historial | Limpiar el historial reciente.<br \/>\n2. Al lado de \u00abDetalles\u00bb, haz clic en la flecha hacia abajo.<br \/>\n3. Selecciona las siguientes casillas de verificaci\u00f3n:\u00a0Cookies,\u00a0Cach\u00e9,\u00a0Inicios de sesi\u00f3n activos<br \/>\n4. Usando el \u00abIntervalo de tiempo para borrar\u00bb en el men\u00fa desplegable, selecciona Todo.<br \/>\n5. Haz clic en Borrar ahora.<br \/>\n6. Cierra y reinicia el navegador.<\/p>\n<p>Puede aceptar o rechazar las cookies individualmente en las Preferencias de Firefox, en la secci\u00f3n Historial disponible en Herramientas &gt; Opciones &gt; Privacidad.<\/p>\n<p>Para m\u00e1s informaci\u00f3n sobre Mozilla Firefox pulse aqu\u00ed: <a href=\"https:\/\/www.mozilla.org\/es-ES\/privacy\/websites\/#cookies\" target=\"_blank\" rel=\"noopener\">https:\/\/www.mozilla.org\/es-ES\/privacy\/websites\/#cookies<\/a><\/p>\n<p>&nbsp;<\/p>\n<h5>Safari Versi\u00f3n 5.1<\/h5>\n<p>1. Selecciona el icono de Safari \/ Editar | Restaurar Safari.<br \/>\n2. Selecciona las siguientes casillas de verificaci\u00f3n:\u00a0Borrar el historial,\u00a0Eliminar todos los datos de sitio web<br \/>\n3. Haz clic en Restablecer.<br \/>\n4. Cierra y reinicia el navegador.<\/p>\n<p>Para m\u00e1s informaci\u00f3n sobre Safari pulse aqu\u00ed: <a href=\"https:\/\/support.apple.com\/es-es\/guide\/safari\/sfri11471\/mac\" target=\"_blank\" rel=\"noopener\">https:\/\/support.apple.com\/es-es\/guide\/safari\/sfri11471\/mac<\/a><\/p>\n<p>&nbsp;<\/p>\n<h5>Opera<\/h5>\n<p>Opciones &#8211; Avanzado &#8211; Cookies.<br \/>\nLas opciones de cookies controlan el modo en que Opera los maneja y por lo tanto su aceptaci\u00f3n o rechazo.<\/p>\n<p>Para m\u00e1s informaci\u00f3n sobre Opera pulse aqu\u00ed: <a href=\"https:\/\/help.opera.com\/en\/latest\/security-and-privacy\/#clearBrowsingData\" target=\"_blank\" rel=\"noopener\">https:\/\/help.opera.com\/en\/latest\/security-and-privacy\/#clearBrowsingData<\/a><\/p>\n<p>&nbsp;<\/p>\n<h5>Otros navegadores<\/h5>\n<p>Consulte la documentaci\u00f3n del navegador que tenga instalado.<\/p>\n","protected":false},"excerpt":{"rendered":"<p>\u00bfQU\u00c9 SON LAS COOKIES? Las cookies y otras tecnolog\u00edas similares tales como local shared objects, flash cookies o p\u00edxeles, son herramientas empleadas por los servidores Web para almacenar y recuperar informaci\u00f3n acerca de sus visitantes, as\u00ed como para ofrecer un correcto funcionamiento del sitio. Mediante&#8230;<\/p>\n","protected":false},"author":20,"featured_media":0,"parent":0,"menu_order":0,"comment_status":"closed","ping_status":"closed","template":"","meta":{"jetpack_post_was_ever_published":false,"footnotes":"","_links_to":"","_links_to_target":""},"class_list":["post-11512","page","type-page","status-publish","hentry"],"jetpack_shortlink":"https:\/\/wp.me\/P7Y5cw-2ZG","jetpack_sharing_enabled":false,"jetpack_likes_enabled":false,"_links":{"self":[{"href":"https:\/\/todayschool.es\/es\/wp-json\/wp\/v2\/pages\/11512","targetHints":{"allow":["GET"]}}],"collection":[{"href":"https:\/\/todayschool.es\/es\/wp-json\/wp\/v2\/pages"}],"about":[{"href":"https:\/\/todayschool.es\/es\/wp-json\/wp\/v2\/types\/page"}],"author":[{"embeddable":true,"href":"https:\/\/todayschool.es\/es\/wp-json\/wp\/v2\/users\/20"}],"replies":[{"embeddable":true,"href":"https:\/\/todayschool.es\/es\/wp-json\/wp\/v2\/comments?post=11512"}],"version-history":[{"count":0,"href":"https:\/\/todayschool.es\/es\/wp-json\/wp\/v2\/pages\/11512\/revisions"}],"wp:attachment":[{"href":"https:\/\/todayschool.es\/es\/wp-json\/wp\/v2\/media?parent=11512"}],"curies":[{"name":"wp","href":"https:\/\/api.w.org\/{rel}","templated":true}]}}