{"id":10297,"date":"2018-12-04T11:00:41","date_gmt":"2018-12-04T10:00:41","guid":{"rendered":"https:\/\/todayschool.es\/informacion\/today-school-moodle\/"},"modified":"2018-12-17T11:27:18","modified_gmt":"2018-12-17T10:27:18","slug":"today-school-moodle","status":"publish","type":"page","link":"https:\/\/todayschool.es\/es\/informacion\/today-school-moodle\/","title":{"rendered":"Today School Moodle"},"content":{"rendered":"<div class=\"wpb-content-wrapper\"><p>[vc_row row_type=\u00bbrow\u00bb use_row_as_full_screen_section=\u00bbno\u00bb type=\u00bbfull_width\u00bb text_align=\u00bbleft\u00bb background_animation=\u00bbnone\u00bb css_animation=\u00bb\u00bb][vc_column][vc_column_text]<\/p>\n<h3>C\u00f3mo acceder al Moodle<\/h3>\n<p>[\/vc_column_text][vc_separator type=\u00bbsmall\u00bb position=\u00bbleft\u00bb border_style=\u00bbsolid\u00bb width=\u00bb100&#8243;][vc_column_text]<\/p>\n<h5>Opci\u00f3n A: Ya est\u00e1s registrado\/da<\/h5>\n<ol>\n<li>Abre el Moodle<\/li>\n<li>Elige tu <strong>nuevo curso<\/strong><\/li>\n<li>Introduce tu <strong>nombre de usuario<\/strong> y <strong>contrase\u00f1a<\/strong> y pon tu <strong>nueva clave de inscripci\u00f3n<\/strong> (<strong><em>enrolment key<\/em><\/strong>) <strong>que deber\u00e1s pedir a tu profesor\/a<\/strong>.<\/li>\n<\/ol>\n<p>[\/vc_column_text][vc_empty_space height=\u00bb25px\u00bb][vc_column_text]<\/p>\n<h5>Opci\u00f3n B: Es la primera vez<\/h5>\n<ol>\n<li>A\u00f1ade <a href=\"mailto:today.moodle@gmail.com\"><strong><u>today.moodle@gmail.com<\/u><\/strong><\/a> a tus contactos de email.<\/li>\n<li>Pincha <a href=\"https:\/\/moodle.todayschool.es\/\"><strong>aqu\u00ed<\/strong><\/a> y escoge tu nivel de la lista.<\/li>\n<\/ol>\n<p>[\/vc_column_text][vc_empty_space height=\u00bb25px\u00bb][vc_single_image image=\u00bb10245&#8243; img_size=\u00bbfull\u00bb style=\u00bbvc_box_outline\u00bb border_color=\u00bbmulled_wine\u00bb qode_css_animation=\u00bb\u00bb][vc_empty_space height=\u00bb25px\u00bb][vc_column_text]<\/p>\n<ol start=\"3\">\n<li>En la siguiente pantalla, a la derecha, escoge \u00ab<strong><em>create new account<\/em><\/strong>\u00ab. Inv\u00e9ntate un usuario y una contrase\u00f1a. An\u00f3talos en tu libreta por si se te olvida.<\/li>\n<li>En \u00ab<strong><em>More details<\/em><\/strong>\u00bb rellena todos los campos; recuerda poner tu nombre y los dos apellidos.<\/li>\n<li>Rellena todos los detalles y pincha en \u00ab<em><strong>create new account<\/strong><\/em>\u00ab. Moodle te enviar\u00e1 un email autom\u00e1tico<\/li>\n<li>Ve a tu correo para <strong>confirmar tu nueva cuenta<\/strong>. Si no lo ves, mira en la carpeta \u00ab<em>correo no deseado<\/em>\u00bb (\u00abspam\u00bb). Si a\u00fan no lo encuentras, contacta con tu Jefe de Estudios.<\/li>\n<\/ol>\n<p>[\/vc_column_text][vc_empty_space height=\u00bb25px\u00bb][vc_single_image image=\u00bb10247&#8243; img_size=\u00bbfull\u00bb style=\u00bbvc_box_outline\u00bb border_color=\u00bbmulled_wine\u00bb qode_css_animation=\u00bb\u00bb][vc_empty_space height=\u00bb25px\u00bb][vc_column_text]<\/p>\n<ol start=\"7\">\n<li>Cuando pinches en el enlace del correo electr\u00f3nico, volver\u00e1s al Moodle.<\/li>\n<li>Escribe la <strong>clave de inscripci\u00f3n <\/strong>(<strong><em>enrolment key<\/em><\/strong>) dada en clase y pincha en \u00ab<strong><em>Enrol me<\/em><\/strong>\u00ab. Anota tu clave de inscripci\u00f3n en la libreta.<\/li>\n<\/ol>\n<p>[\/vc_column_text][vc_empty_space height=\u00bb25px\u00bb][vc_single_image image=\u00bb10249&#8243; img_size=\u00bbfull\u00bb style=\u00bbvc_box_outline\u00bb border_color=\u00bbmulled_wine\u00bb qode_css_animation=\u00bb\u00bb][vc_empty_space height=\u00bb25px\u00bb][vc_column_text]\u00a1Ya est\u00e1s en tu curso![\/vc_column_text][vc_empty_space height=\u00bb25px\u00bb][vc_single_image image=\u00bb10251&#8243; img_size=\u00bbfull\u00bb style=\u00bbvc_box_outline\u00bb border_color=\u00bbmulled_wine\u00bb qode_css_animation=\u00bb\u00bb][vc_empty_space height=\u00bb25px\u00bb][vc_column_text]<strong>RECUERDA<\/strong>: <strong>Si no pinchas en \u00ab<em>OK\u00bb<\/em> al final del ejercicio, tu nota no quedar\u00e1 grabada.<\/strong><\/p>\n<p>Puedes comprobar tu progreso en cualquier momento pinchando en tu <strong><em>nombre<\/em><\/strong> (arriba a la derecha) y a continuaci\u00f3n en \u00ab<em><strong>grades<\/strong><\/em>\u00ab.[\/vc_column_text][vc_empty_space height=\u00bb50px\u00bb][\/vc_column][\/vc_row]<\/p>\n<\/div>","protected":false},"excerpt":{"rendered":"<p>[vc_row row_type=\u00bbrow\u00bb use_row_as_full_screen_section=\u00bbno\u00bb type=\u00bbfull_width\u00bb text_align=\u00bbleft\u00bb background_animation=\u00bbnone\u00bb css_animation=\u00bb\u00bb][vc_column][vc_column_text] C\u00f3mo acceder al Moodle [\/vc_column_text][vc_separator type=\u00bbsmall\u00bb position=\u00bbleft\u00bb border_style=\u00bbsolid\u00bb width=\u00bb100&#8243;][vc_column_text] Opci\u00f3n A: Ya est\u00e1s registrado\/da Abre el Moodle Elige tu nuevo curso Introduce tu nombre de usuario y contrase\u00f1a y pon tu nueva clave de inscripci\u00f3n (enrolment key) que&#8230;<\/p>\n","protected":false},"author":20,"featured_media":0,"parent":10294,"menu_order":0,"comment_status":"closed","ping_status":"closed","template":"","meta":{"footnotes":"","_links_to":"","_links_to_target":""},"class_list":["post-10297","page","type-page","status-publish","hentry"],"jetpack_shortlink":"https:\/\/wp.me\/P7Y5cw-2G5","jetpack_sharing_enabled":false,"jetpack_likes_enabled":false,"_links":{"self":[{"href":"https:\/\/todayschool.es\/es\/wp-json\/wp\/v2\/pages\/10297","targetHints":{"allow":["GET"]}}],"collection":[{"href":"https:\/\/todayschool.es\/es\/wp-json\/wp\/v2\/pages"}],"about":[{"href":"https:\/\/todayschool.es\/es\/wp-json\/wp\/v2\/types\/page"}],"author":[{"embeddable":true,"href":"https:\/\/todayschool.es\/es\/wp-json\/wp\/v2\/users\/20"}],"replies":[{"embeddable":true,"href":"https:\/\/todayschool.es\/es\/wp-json\/wp\/v2\/comments?post=10297"}],"version-history":[{"count":0,"href":"https:\/\/todayschool.es\/es\/wp-json\/wp\/v2\/pages\/10297\/revisions"}],"up":[{"embeddable":true,"href":"https:\/\/todayschool.es\/es\/wp-json\/wp\/v2\/pages\/10294"}],"wp:attachment":[{"href":"https:\/\/todayschool.es\/es\/wp-json\/wp\/v2\/media?parent=10297"}],"curies":[{"name":"wp","href":"https:\/\/api.w.org\/{rel}","templated":true}]}}