{"id":10294,"date":"2018-12-03T23:56:29","date_gmt":"2018-12-03T22:56:29","guid":{"rendered":"https:\/\/todayschool.es\/informacio\/"},"modified":"2025-02-18T20:37:58","modified_gmt":"2025-02-18T19:37:58","slug":"informacion","status":"publish","type":"page","link":"https:\/\/todayschool.es\/es\/informacion\/","title":{"rendered":"Informaci\u00f3n"},"content":{"rendered":"<div class=\"wpb-content-wrapper\"><p>[vc_row row_type=\u00bbrow\u00bb use_row_as_full_screen_section=\u00bbno\u00bb type=\u00bbfull_width\u00bb text_align=\u00bbleft\u00bb background_animation=\u00bbnone\u00bb css_animation=\u00bb\u00bb][vc_column][vc_column_text el_class=\u00bbts-color1&#8243;]<\/p>\n<h3>Informaci\u00f3n general<\/h3>\n<p>[\/vc_column_text][vc_separator type=\u00bbsmall\u00bb position=\u00bbleft\u00bb border_style=\u00bbsolid\u00bb width=\u00bb100&#8243;][vc_empty_space height=\u00bb25px\u00bb][vc_row_inner row_type=\u00bbrow\u00bb type=\u00bbfull_width\u00bb use_row_as_full_screen_section_slide=\u00bbno\u00bb text_align=\u00bbleft\u00bb css_animation=\u00bb\u00bb][vc_column_inner width=\u00bb1\/2&#8243;][vc_column_text]<\/p>\n<h5>Aspectos pedag\u00f3gicos<\/h5>\n<p>Hay deberes despu\u00e9s de cada clase, redacciones mensuales y un examen al final de cada trimestre (excepto los grupos de los m\u00e1s peque\u00f1os).<\/p>\n<p>Al final de cada trimestre recibir\u00e9is informaci\u00f3n detallada sobre el progreso del\/de la alumno\/a.[\/vc_column_text][vc_empty_space height=\u00bb25px\u00bb][vc_column_text css=\u00bb\u00bb]<\/p>\n<h5>Jefes de estudios<\/h5>\n<p><span data-sheets-value=\"{&quot;1&quot;:2,&quot;2&quot;:&quot;Dedicats a atendre les necessitats i el rendiment de cada alumne, aix\u00ed com a assegurar-se que els professors desenvolupin el millor de si mateixos a les aules.&quot;}\" data-sheets-userformat=\"{&quot;2&quot;:31683,&quot;3&quot;:{&quot;1&quot;:0},&quot;4&quot;:{&quot;1&quot;:2,&quot;2&quot;:16776960},&quot;9&quot;:0,&quot;10&quot;:1,&quot;11&quot;:4,&quot;12&quot;:0,&quot;14&quot;:{&quot;1&quot;:2,&quot;2&quot;:4802889},&quot;15&quot;:&quot;Raleway, sans-serif&quot;,&quot;16&quot;:12,&quot;17&quot;:1}\">Dedicados a atender las necesidades y el rendimiento de cada alumno\/a, as\u00ed como asegurarse de que los profesores desarrollen lo mejor de si mismos en las aulas.<\/span><\/p>\n<p><span data-sheets-value=\"{&quot;1&quot;:2,&quot;2&quot;:&quot;Us mantindran informats en cas de dificultats en sobre: el rendiment i l\u2019aprenentatge, problemes de la puntualitat, d\u2019 l'assist\u00e8ncia, amb els deures, de el comportament i\/o d\u2019 l'actitud. No dubteu a consultar-los en qualsevol moment del curs.&quot;}\" data-sheets-userformat=\"{&quot;2&quot;:31683,&quot;3&quot;:{&quot;1&quot;:0},&quot;4&quot;:{&quot;1&quot;:2,&quot;2&quot;:16776960},&quot;9&quot;:0,&quot;10&quot;:1,&quot;11&quot;:4,&quot;12&quot;:0,&quot;14&quot;:{&quot;1&quot;:2,&quot;2&quot;:4802889},&quot;15&quot;:&quot;Raleway, sans-serif&quot;,&quot;16&quot;:11,&quot;17&quot;:1}\" data-sheets-textstyleruns=\"{&quot;1&quot;:0}\uee10{&quot;1&quot;:24,&quot;2&quot;:{&quot;2&quot;:{&quot;1&quot;:2,&quot;2&quot;:16711680},&quot;7&quot;:1}}\uee10{&quot;1&quot;:48,&quot;2&quot;:{&quot;2&quot;:{&quot;1&quot;:2,&quot;2&quot;:16711680}}}\uee10{&quot;1&quot;:70}\uee10{&quot;1&quot;:71,&quot;2&quot;:{&quot;2&quot;:{&quot;1&quot;:2,&quot;2&quot;:0}}}\uee10{&quot;1&quot;:73}\uee10{&quot;1&quot;:87,&quot;2&quot;:{&quot;2&quot;:{&quot;1&quot;:2,&quot;2&quot;:16711680},&quot;7&quot;:1}}\uee10{&quot;1&quot;:99}\uee10{&quot;1&quot;:100,&quot;2&quot;:{&quot;2&quot;:{&quot;1&quot;:2,&quot;2&quot;:16711680}}}\uee10{&quot;1&quot;:103}\uee10{&quot;1&quot;:116,&quot;2&quot;:{&quot;2&quot;:{&quot;1&quot;:2,&quot;2&quot;:16711680},&quot;7&quot;:1}}\uee10{&quot;1&quot;:118}\uee10{&quot;1&quot;:119,&quot;2&quot;:{&quot;2&quot;:{&quot;1&quot;:2,&quot;2&quot;:16711680}}}\uee10{&quot;1&quot;:121}\uee10{&quot;1&quot;:134,&quot;2&quot;:{&quot;2&quot;:{&quot;1&quot;:2,&quot;2&quot;:16711680},&quot;7&quot;:1}}\uee10{&quot;1&quot;:137,&quot;2&quot;:{&quot;2&quot;:{&quot;1&quot;:2,&quot;2&quot;:0}}}\uee10{&quot;1&quot;:142}\uee10{&quot;1&quot;:150,&quot;2&quot;:{&quot;2&quot;:{&quot;1&quot;:2,&quot;2&quot;:16711680},&quot;7&quot;:1}}\uee10{&quot;1&quot;:152}\uee10{&quot;1&quot;:173,&quot;2&quot;:{&quot;2&quot;:{&quot;1&quot;:2,&quot;2&quot;:16711680},&quot;7&quot;:1}}\uee10{&quot;1&quot;:175}\">Os mantendr\u00e1n informados sobre: el rendimiento y el aprendizaje, la puntualidad, la asistencia, los deberes, el comportamiento y\/o la actitud. <\/span><\/p>\n<p><span data-sheets-value=\"{&quot;1&quot;:2,&quot;2&quot;:&quot;Us mantindran informats en cas de dificultats en sobre: el rendiment i l\u2019aprenentatge, problemes de la puntualitat, d\u2019 l'assist\u00e8ncia, amb els deures, de el comportament i\/o d\u2019 l'actitud. No dubteu a consultar-los en qualsevol moment del curs.&quot;}\" data-sheets-userformat=\"{&quot;2&quot;:31683,&quot;3&quot;:{&quot;1&quot;:0},&quot;4&quot;:{&quot;1&quot;:2,&quot;2&quot;:16776960},&quot;9&quot;:0,&quot;10&quot;:1,&quot;11&quot;:4,&quot;12&quot;:0,&quot;14&quot;:{&quot;1&quot;:2,&quot;2&quot;:4802889},&quot;15&quot;:&quot;Raleway, sans-serif&quot;,&quot;16&quot;:11,&quot;17&quot;:1}\" data-sheets-textstyleruns=\"{&quot;1&quot;:0}\uee10{&quot;1&quot;:24,&quot;2&quot;:{&quot;2&quot;:{&quot;1&quot;:2,&quot;2&quot;:16711680},&quot;7&quot;:1}}\uee10{&quot;1&quot;:48,&quot;2&quot;:{&quot;2&quot;:{&quot;1&quot;:2,&quot;2&quot;:16711680}}}\uee10{&quot;1&quot;:70}\uee10{&quot;1&quot;:71,&quot;2&quot;:{&quot;2&quot;:{&quot;1&quot;:2,&quot;2&quot;:0}}}\uee10{&quot;1&quot;:73}\uee10{&quot;1&quot;:87,&quot;2&quot;:{&quot;2&quot;:{&quot;1&quot;:2,&quot;2&quot;:16711680},&quot;7&quot;:1}}\uee10{&quot;1&quot;:99}\uee10{&quot;1&quot;:100,&quot;2&quot;:{&quot;2&quot;:{&quot;1&quot;:2,&quot;2&quot;:16711680}}}\uee10{&quot;1&quot;:103}\uee10{&quot;1&quot;:116,&quot;2&quot;:{&quot;2&quot;:{&quot;1&quot;:2,&quot;2&quot;:16711680},&quot;7&quot;:1}}\uee10{&quot;1&quot;:118}\uee10{&quot;1&quot;:119,&quot;2&quot;:{&quot;2&quot;:{&quot;1&quot;:2,&quot;2&quot;:16711680}}}\uee10{&quot;1&quot;:121}\uee10{&quot;1&quot;:134,&quot;2&quot;:{&quot;2&quot;:{&quot;1&quot;:2,&quot;2&quot;:16711680},&quot;7&quot;:1}}\uee10{&quot;1&quot;:137,&quot;2&quot;:{&quot;2&quot;:{&quot;1&quot;:2,&quot;2&quot;:0}}}\uee10{&quot;1&quot;:142}\uee10{&quot;1&quot;:150,&quot;2&quot;:{&quot;2&quot;:{&quot;1&quot;:2,&quot;2&quot;:16711680},&quot;7&quot;:1}}\uee10{&quot;1&quot;:152}\uee10{&quot;1&quot;:173,&quot;2&quot;:{&quot;2&quot;:{&quot;1&quot;:2,&quot;2&quot;:16711680},&quot;7&quot;:1}}\uee10{&quot;1&quot;:175}\">No dud\u00e9is en consultarlos en cualquier momento del curso.<\/span>[\/vc_column_text][vc_empty_space height=\u00bb25px\u00bb][\/vc_column_inner][vc_column_inner width=\u00bb1\/2&#8243;][vc_column_text css=\u00bb\u00bb]<\/p>\n<h5>Asistencia<\/h5>\n<p>Supervisamos la asistencia de los m\u00e1s j\u00f3venes.<\/p>\n<p>Se debe avisar a recepci\u00f3n:<\/p>\n<ul>\n<li>Si el\/la alumno\/a no puede asistir o tiene que marcharse\/salir antes.<\/li>\n<li>Si no puede hacer el examen el d\u00eda fijado.<\/li>\n<\/ul>\n<p>[\/vc_column_text][vc_empty_space height=\u00bb25px\u00bb][vc_column_text]<\/p>\n<h5>Open Day (d\u00eda de puertas abiertas)<\/h5>\n<p>Este d\u00eda, los <strong>padres\/tutores <\/strong>pod\u00e9is tener una breve entrevista con el\/la <strong>profesor\/a.<\/strong>[\/vc_column_text][vc_empty_space height=\u00bb25px\u00bb][vc_column_text]<\/p>\n<h5>Clases gratuitas de refuerzo<\/h5>\n<p>Tutor\u00edas en castellano para los alumnos que necesiten ayuda.[\/vc_column_text][vc_empty_space height=\u00bb25px\u00bb][\/vc_column_inner][\/vc_row_inner][vc_empty_space height=\u00bb25px\u00bb][\/vc_column][\/vc_row][vc_row row_type=\u00bbrow\u00bb use_row_as_full_screen_section=\u00bbno\u00bb type=\u00bbfull_width\u00bb text_align=\u00bbleft\u00bb background_animation=\u00bbnone\u00bb css_animation=\u00bb\u00bb][vc_column][vc_column_text el_class=\u00bbts-color2&#8243;]<\/p>\n<h3>Informaci\u00f3n sobre cursos Cambridge<\/h3>\n<p>[\/vc_column_text][vc_separator type=\u00bbsmall\u00bb position=\u00bbleft\u00bb border_style=\u00bbsolid\u00bb width=\u00bb100&#8243;][vc_empty_space height=\u00bb25px\u00bb][vc_row_inner row_type=\u00bbrow\u00bb type=\u00bbfull_width\u00bb use_row_as_full_screen_section_slide=\u00bbno\u00bb text_align=\u00bbleft\u00bb css_animation=\u00bb\u00bb][vc_column_inner width=\u00bb1\/2&#8243;][vc_column_text]<\/p>\n<h5>Blog<\/h5>\n<p>Dispon\u00e9is de pr\u00e1cticas adicionales para <a href=\"https:\/\/todayschool.es\/first-certificate-tests-2\/\">First<\/a> i \u00a0<a href=\"https:\/\/todayschool.es\/advanced-cae-online-tests\/\">Advanced<\/a>, para trabajar cuanto necesit\u00e9is.[\/vc_column_text][vc_empty_space height=\u00bb25px\u00bb][vc_column_text]<\/p>\n<h5>Material online -Moodle-<\/h5>\n<p>Como parte del curso, cada mes hay deberes <em>online<\/em>, de car\u00e1cter obligatorio, en la plataforma <a href=\"https:\/\/moodle.todayschool.es\/\" target=\"_blank\" rel=\"nofollow noopener\">Moodle<\/a>.[\/vc_column_text][vc_empty_space height=\u00bb25px\u00bb][\/vc_column_inner][vc_column_inner width=\u00bb1\/2&#8243;][vc_column_text]<\/p>\n<h5>Clases adicionales de t\u00e9cnicas de <em>speaking<\/em><\/h5>\n<p>Para ir m\u00e1s preparados al examen.[\/vc_column_text][vc_empty_space height=\u00bb25px\u00bb][vc_column_text css=\u00bb\u00bb]<\/p>\n<h5>Simulacros de ex\u00e1menes (oral y escrito)<\/h5>\n<p>Entr\u00e9nate con la experiencia real del examen oficial. Es la mejor manera para ir bien preparado\/a.[\/vc_column_text][vc_empty_space height=\u00bb25px\u00bb][\/vc_column_inner][\/vc_row_inner][vc_empty_space height=\u00bb25px\u00bb][\/vc_column][\/vc_row]<\/p>\n<\/div>","protected":false},"excerpt":{"rendered":"<p>[vc_row row_type=\u00bbrow\u00bb use_row_as_full_screen_section=\u00bbno\u00bb type=\u00bbfull_width\u00bb text_align=\u00bbleft\u00bb background_animation=\u00bbnone\u00bb css_animation=\u00bb\u00bb][vc_column][vc_column_text el_class=\u00bbts-color1&#8243;] Informaci\u00f3n general [\/vc_column_text][vc_separator type=\u00bbsmall\u00bb position=\u00bbleft\u00bb border_style=\u00bbsolid\u00bb width=\u00bb100&#8243;][vc_empty_space height=\u00bb25px\u00bb][vc_row_inner row_type=\u00bbrow\u00bb type=\u00bbfull_width\u00bb use_row_as_full_screen_section_slide=\u00bbno\u00bb text_align=\u00bbleft\u00bb css_animation=\u00bb\u00bb][vc_column_inner width=\u00bb1\/2&#8243;][vc_column_text] Aspectos pedag\u00f3gicos Hay deberes despu\u00e9s de cada clase, redacciones mensuales y un examen al final de cada trimestre (excepto los grupos de los&#8230;<\/p>\n","protected":false},"author":20,"featured_media":0,"parent":0,"menu_order":0,"comment_status":"closed","ping_status":"closed","template":"","meta":{"jetpack_post_was_ever_published":false,"footnotes":"","_links_to":"","_links_to_target":""},"class_list":["post-10294","page","type-page","status-publish","hentry"],"jetpack_shortlink":"https:\/\/wp.me\/P7Y5cw-2G2","jetpack_sharing_enabled":false,"jetpack_likes_enabled":false,"_links":{"self":[{"href":"https:\/\/todayschool.es\/es\/wp-json\/wp\/v2\/pages\/10294","targetHints":{"allow":["GET"]}}],"collection":[{"href":"https:\/\/todayschool.es\/es\/wp-json\/wp\/v2\/pages"}],"about":[{"href":"https:\/\/todayschool.es\/es\/wp-json\/wp\/v2\/types\/page"}],"author":[{"embeddable":true,"href":"https:\/\/todayschool.es\/es\/wp-json\/wp\/v2\/users\/20"}],"replies":[{"embeddable":true,"href":"https:\/\/todayschool.es\/es\/wp-json\/wp\/v2\/comments?post=10294"}],"version-history":[{"count":8,"href":"https:\/\/todayschool.es\/es\/wp-json\/wp\/v2\/pages\/10294\/revisions"}],"predecessor-version":[{"id":18137,"href":"https:\/\/todayschool.es\/es\/wp-json\/wp\/v2\/pages\/10294\/revisions\/18137"}],"wp:attachment":[{"href":"https:\/\/todayschool.es\/es\/wp-json\/wp\/v2\/media?parent=10294"}],"curies":[{"name":"wp","href":"https:\/\/api.w.org\/{rel}","templated":true}]}}